{"id":291,"date":"2025-02-05T14:03:51","date_gmt":"2025-02-05T07:03:51","guid":{"rendered":"https:\/\/gigago.com\/?page_id=129229"},"modified":"2026-01-12T04:53:01","modified_gmt":"2026-01-12T04:53:01","slug":"app-terms-of-use","status":"publish","type":"page","link":"https:\/\/gigago.com\/pl\/app-terms-of-use\/","title":{"rendered":"Warunki u\u017cytkowania"},"content":{"rendered":"\n<ul>\n<li><strong>Hongkong:<\/strong> Unit 205, Unit C, 2\/F, Kwong On Bank Mongkok Branch Building, 728-730, Nathan Road, Mong Kok, Hongkong.<\/li>\n<\/ul>\n\n\n\n<p>Niniejsze <strong>Warunki<\/strong> okre\u015blaj\u0105 warunki, na jakich Gigago eSIM jest oferowane klientom. Kupuj\u0105c Gigago eSIM na swoj\u0105 podr\u00f3\u017c, zgadzasz si\u0119, \u017ce niniejsze Warunki stanowi\u0105 umow\u0119 mi\u0119dzy Tob\u0105 \u2013 naszym klientem a Gigago (zwanym dalej \u201eMy\u201d, \u201enas\u201d lub \u201eFirma\u201d).<\/p>\n\n\n\n<p>PRZED KLIKNI\u0118CIEM PRZYCISKU \u201eDO KASY\u201d LUB \u201ePayPal\u201d PROSIMY O UWA\u017bNE ZAPOZNANIE SI\u0118 Z PONI\u017bSZYMI WARUNKAMI.<\/p>\n\n\n\n<h2 class=\"wp-block-heading\">1. Charakter us\u0142ugi<\/h2>\n\n\n\n<p>Gigago zapewnia profile eSIM dla podr\u00f3\u017cnych (\u201eeSIM\u201d) osobom podr\u00f3\u017cuj\u0105cym po ca\u0142ym \u015bwiecie, kt\u00f3re chc\u0105 pozosta\u0107 w kontakcie w miejscu docelowym.<\/p>\n\n\n\n<p>eSIM jest dostarczany w formie kodu QR, a nie fizycznej karty SIM, i dzia\u0142a tylko na niekt\u00f3rych urz\u0105dzeniach, kt\u00f3re zosta\u0142y wyra\u017anie wymienione na naszej <a href=\"https:\/\/gigago.com\/pl\/esim-compatible-list\/\" data-type=\"link\" data-id=\"https:\/\/gigago.com\/pl\/esim-compatible-list\/\"><strong>li\u015bcie urz\u0105dze\u0144 kompatybilnych z eSIM<\/strong><\/a>.<\/p>\n\n\n\n<h2 class=\"wp-block-heading\">2. Ceny<\/h2>\n\n\n\n<p>Cena eSIM r\u00f3\u017cni si\u0119 w zale\u017cno\u015bci od kraju i wybranego planu.<\/p>\n\n\n\n<p>Cena eSIM jest wyra\u017anie podana na stronie internetowej Gigago wraz ze szczeg\u00f3\u0142owymi informacjami opisuj\u0105cymi odpowiedni eSIM.<\/p>\n\n\n\n<p>Ceny s\u0105 publikowane na naszej stronie internetowej i mog\u0105 ulega\u0107 zmianom bez uprzedniego powiadomienia.<\/p>\n\n\n\n<p>Nie b\u0119dzie mo\u017cna korzysta\u0107 z tych plan\u00f3w po wyczerpaniu danych lub up\u0142ywie terminu wa\u017cno\u015bci.<\/p>\n\n\n\n<h2 class=\"wp-block-heading\">3. P\u0142atno\u015b\u0107<\/h2>\n\n\n\n<p>Akceptujemy p\u0142atno\u015bci PayPal i nie ponosimy odpowiedzialno\u015bci za \u017cadne op\u0142aty bankowe (je\u015bli maj\u0105 zastosowanie) wynikaj\u0105ce z p\u0142atno\u015bci za nasze karty eSIM.<\/p>\n\n\n\n<p>W przypadku sporu dotycz\u0105cego faktury klient powinien dostarczy\u0107 GIGAGO pisemne o\u015bwiadczenie nie p\u00f3\u017aniej ni\u017c 7 dni przed terminem p\u0142atno\u015bci spornej faktury, wymieniaj\u0105c wszystkie sporne pozycje i podaj\u0105c wystarczaj\u0105co szczeg\u00f3\u0142owy opis ka\u017cdej z nich.<\/p>\n\n\n\n<p>Kwoty, kt\u00f3re nie s\u0105 przedmiotem sporu lub zosta\u0142y potwierdzone prawomocnym wyrokiem s\u0105du, uznaje si\u0119 za przyj\u0119te i nale\u017cy je zap\u0142aci\u0107 w ci\u0105gu 7 dni, niezale\u017cnie od spor\u00f3w dotycz\u0105cych innych pozycji. GIGAGO do\u0142o\u017cy wszelkich stara\u0144, aby rozwi\u0105za\u0107 wszystkie takie spory w spos\u00f3b szybki i w dobrej wierze.<\/p>\n\n\n\n<h2 class=\"wp-block-heading\">4. Anulowanie i zwrot koszt\u00f3w<\/h2>\n\n\n\n<p>Je\u015bli z jakiegokolwiek powodu chcesz anulowa\u0107 swoje zam\u00f3wienie, mo\u017cesz to zrobi\u0107 bez ponoszenia kary przed dokonaniem p\u0142atno\u015bci lub dostarczeniem kodu QR eSIM.<\/p>\n\n\n\n<p>Po dostarczeniu kodu QR eSIM nie mo\u017cna anulowa\u0107 zam\u00f3wienia i zwrot koszt\u00f3w jest mo\u017cliwy tylko w przypadku b\u0142\u0119du w naszej eSIM, kt\u00f3ry zosta\u0142 zg\u0142oszony, ale nie mo\u017ce zosta\u0107 naprawiony przez nasz zesp\u00f3\u0142 pomocy technicznej.<\/p>\n\n\n\n<p>Je\u015bli nie mo\u017cesz znale\u017a\u0107 wiadomo\u015bci e-mail z eSIM w swojej g\u0142\u00f3wnej skrzynce odbiorczej, sprawd\u017a folder spam lub promocje lub skontaktuj si\u0119 z nami w celu uzyskania pomocy. Niezastosowanie si\u0119 do tego spowoduje brak zwrotu koszt\u00f3w.<\/p>\n\n\n\n<p>Zwrot koszt\u00f3w nast\u0105pi w taki sam spos\u00f3b, jak w przypadku metody p\u0142atno\u015bci (np. PayPal) u\u017cytej do dokonania zakupu. Proces zwrotu koszt\u00f3w mo\u017ce potrwa\u0107 do 10 dni roboczych.<\/p>\n\n\n\n<h2 class=\"wp-block-heading\">5. Ca\u0142o\u015b\u0107 umowy<\/h2>\n\n\n\n<p>Niniejsza umowa wraz z O\u015bwiadczeniem o ochronie prywatno\u015bci stanowi ca\u0142o\u015b\u0107 umowy mi\u0119dzy u\u017cytkownikiem a GIGAGO i zast\u0119puje wszelkie wcze\u015bniejsze umowy, o\u015bwiadczenia lub zapewnienia dotycz\u0105ce GIGAGO. Niewykonanie kt\u00f3regokolwiek z postanowie\u0144 niniejszej Umowy nie b\u0119dzie interpretowane jako zrzeczenie si\u0119 tego postanowienia ani prawa do jego wykonania.<\/p>\n\n\n\n<p>\u017badne zrzeczenie si\u0119, zmiana lub inna modyfikacja dokonana przez u\u017cytkownika nie b\u0119dzie wa\u017cna ani wi\u0105\u017c\u0105ca, chyba \u017ce zostanie sporz\u0105dzona na pi\u015bmie i podpisana przez obie strony. Niniejsza umowa podlega prawu lokalnemu.<\/p>\n\n\n\n<h2 class=\"wp-block-heading\">6. Kontakt<\/h2>\n\n\n\n<p>W przypadku jakichkolwiek pyta\u0144 dotycz\u0105cych naszych Warunk\u00f3w, prosimy o kontakt pod numerem <strong>WhatsApp 24\/7<\/strong>: <a href=\"https:\/\/wa.me\/message\/ZS7PQZOCVAB4O1\" target=\"_blank\" rel=\"noopener\"><strong>+1 657-571-1199<\/strong><\/a> lub e-mailem<a href=\"mailto:hello@gigago.com\"><strong>hello@gigago.com<\/strong><\/a><\/p>\n\n\n\n<p>Mo\u017cesz r\u00f3wnie\u017c skontaktowa\u0107 si\u0119 z nami poczt\u0105 tradycyjn\u0105 lub osobi\u015bcie pod adresem:<\/p>\n","protected":false},"excerpt":{"rendered":"<p>Niniejsze Warunki okre\u015blaj\u0105 warunki, na jakich Gigago eSIM jest oferowane klientom. Kupuj\u0105c Gigago eSIM na swoj\u0105 podr\u00f3\u017c, zgadzasz si\u0119, \u017ce niniejsze Warunki stanowi\u0105 umow\u0119 mi\u0119dzy Tob\u0105 \u2013 naszym klientem a Gigago (zwanym dalej \u201eMy\u201d, \u201enas\u201d lub \u201eFirma\u201d). PRZED KLIKNI\u0118CIEM PRZYCISKU \u201eDO KASY\u201d LUB \u201ePayPal\u201d PROSIMY O UWA\u017bNE ZAPOZNANIE SI\u0118 Z PONI\u017bSZYMI WARUNKAMI. 1. Charakter us\u0142ugi [&#8230;]\n","protected":false},"author":32,"featured_media":0,"parent":0,"menu_order":0,"comment_status":"closed","ping_status":"closed","template":"page-blank-landingpage.php","meta":{"_acf_changed":false,"inline_featured_image":false,"footnotes":""},"acf":[],"_links":{"self":[{"href":"https:\/\/gigago.com\/pl\/wp-json\/wp\/v2\/pages\/291"}],"collection":[{"href":"https:\/\/gigago.com\/pl\/wp-json\/wp\/v2\/pages"}],"about":[{"href":"https:\/\/gigago.com\/pl\/wp-json\/wp\/v2\/types\/page"}],"author":[{"embeddable":true,"href":"https:\/\/gigago.com\/pl\/wp-json\/wp\/v2\/users\/32"}],"replies":[{"embeddable":true,"href":"https:\/\/gigago.com\/pl\/wp-json\/wp\/v2\/comments?post=291"}],"version-history":[{"count":2,"href":"https:\/\/gigago.com\/pl\/wp-json\/wp\/v2\/pages\/291\/revisions"}],"predecessor-version":[{"id":293,"href":"https:\/\/gigago.com\/pl\/wp-json\/wp\/v2\/pages\/291\/revisions\/293"}],"wp:attachment":[{"href":"https:\/\/gigago.com\/pl\/wp-json\/wp\/v2\/media?parent=291"}],"curies":[{"name":"wp","href":"https:\/\/api.w.org\/{rel}","templated":true}]}}