{"id":284,"date":"2023-04-04T08:52:01","date_gmt":"2023-04-04T08:52:01","guid":{"rendered":"http:\/\/gigagocom.test\/?page_id=3"},"modified":"2026-01-12T04:51:21","modified_gmt":"2026-01-12T04:51:21","slug":"privacy-policy","status":"publish","type":"page","link":"https:\/\/gigago.com\/pl\/privacy-policy\/","title":{"rendered":"Polityka prywatno\u015bci"},"content":{"rendered":"\n<p><strong><strong>Dbamy o nasz\u0105 prywatno\u015b\u0107<\/strong><\/strong><\/p>\n\n\n\n<p>Opracowuj\u0105c niniejsz\u0105 Polityk\u0119, firma <a href=\"https:\/\/gigago.com\/pl\"><strong>Gigago.com<\/strong><\/a> zobowi\u0105zuje si\u0119 do ochrony i zachowania prywatno\u015bci naszych u\u017cytkownik\u00f3w i klient\u00f3w, zapewniaj\u0105c poufno\u015b\u0107 przekazywanych przez nich informacji. Zamawiaj\u0105c plan eSIM w Gigago, wyra\u017casz zgod\u0119 na poni\u017csze warunki naszej polityki prywatno\u015bci.<\/p>\n\n\n\n<div id=\"ez-toc-container\" class=\"ez-toc-v2_0_67_1 counter-flat ez-toc-counter ez-toc-grey ez-toc-container-direction\">\n<div class=\"ez-toc-title-container\">\n<p class=\"ez-toc-title \" >Spis tre\u015bci<\/p>\n<span class=\"ez-toc-title-toggle\"><a href=\"#\" class=\"ez-toc-pull-right ez-toc-btn ez-toc-btn-xs ez-toc-btn-default ez-toc-toggle\" aria-label=\"Toggle Table of Content\"><span class=\"ez-toc-js-icon-con\"><span class=\"\"><span class=\"eztoc-hide\" style=\"display:none;\">Toggle<\/span><span class=\"ez-toc-icon-toggle-span\"><svg style=\"fill: #999;color:#999\" xmlns=\"http:\/\/www.w3.org\/2000\/svg\" class=\"list-377408\" width=\"20px\" height=\"20px\" viewBox=\"0 0 24 24\" fill=\"none\"><path d=\"M6 6H4v2h2V6zm14 0H8v2h12V6zM4 11h2v2H4v-2zm16 0H8v2h12v-2zM4 16h2v2H4v-2zm16 0H8v2h12v-2z\" fill=\"currentColor\"><\/path><\/svg><svg style=\"fill: #999;color:#999\" class=\"arrow-unsorted-368013\" xmlns=\"http:\/\/www.w3.org\/2000\/svg\" width=\"10px\" height=\"10px\" viewBox=\"0 0 24 24\" version=\"1.2\" baseProfile=\"tiny\"><path d=\"M18.2 9.3l-6.2-6.3-6.2 6.3c-.2.2-.3.4-.3.7s.1.5.3.7c.2.2.4.3.7.3h11c.3 0 .5-.1.7-.3.2-.2.3-.5.3-.7s-.1-.5-.3-.7zM5.8 14.7l6.2 6.3 6.2-6.3c.2-.2.3-.5.3-.7s-.1-.5-.3-.7c-.2-.2-.4-.3-.7-.3h-11c-.3 0-.5.1-.7.3-.2.2-.3.5-.3.7s.1.5.3.7z\"\/><\/svg><\/span><\/span><\/span><\/a><\/span><\/div>\n<nav><ul class='ez-toc-list ez-toc-list-level-1 ' ><li class='ez-toc-page-1'><a class=\"ez-toc-link ez-toc-heading-1\" href=\"https:\/\/gigago.com\/pl\/privacy-policy\/#1_Cel_gromadzenia_informacji\" title=\"1. Cel gromadzenia informacji\">1. Cel gromadzenia informacji<\/a><\/li><li class='ez-toc-page-1'><a class=\"ez-toc-link ez-toc-heading-2\" href=\"https:\/\/gigago.com\/pl\/privacy-policy\/#2_Gromadzone_informacje\" title=\"2. Gromadzone informacje\">2. Gromadzone informacje<\/a><\/li><li class='ez-toc-page-1'><a class=\"ez-toc-link ez-toc-heading-3\" href=\"https:\/\/gigago.com\/pl\/privacy-policy\/#3_Czas_przechowywania_danych\" title=\"3. Czas przechowywania danych\">3. Czas przechowywania danych<\/a><\/li><li class='ez-toc-page-1'><a class=\"ez-toc-link ez-toc-heading-4\" href=\"https:\/\/gigago.com\/pl\/privacy-policy\/#4_Osoby_lub_organizacje_majace_dostep_do_Twoich_danych\" title=\"4. Osoby lub organizacje maj\u0105ce dost\u0119p do Twoich danych\">4. Osoby lub organizacje maj\u0105ce dost\u0119p do Twoich danych<\/a><\/li><li class='ez-toc-page-1'><a class=\"ez-toc-link ez-toc-heading-5\" href=\"https:\/\/gigago.com\/pl\/privacy-policy\/#5_Adres_jednostki_gromadzacej_i_zarzadzajacej_informacjami\" title=\"5. Adres jednostki gromadz\u0105cej i zarz\u0105dzaj\u0105cej informacjami\">5. Adres jednostki gromadz\u0105cej i zarz\u0105dzaj\u0105cej informacjami<\/a><\/li><li class='ez-toc-page-1'><a class=\"ez-toc-link ez-toc-heading-6\" href=\"https:\/\/gigago.com\/pl\/privacy-policy\/#6_Metody_i_narzedzia_umozliwiajace_uzytkownikom_dostep_do_danych_i_ich_edycje\" title=\"6. Metody i narz\u0119dzia umo\u017cliwiaj\u0105ce u\u017cytkownikom dost\u0119p do danych i ich edycj\u0119\">6. Metody i narz\u0119dzia umo\u017cliwiaj\u0105ce u\u017cytkownikom dost\u0119p do danych i ich edycj\u0119<\/a><\/li><li class='ez-toc-page-1'><a class=\"ez-toc-link ez-toc-heading-7\" href=\"https:\/\/gigago.com\/pl\/privacy-policy\/#7_Mechanizm_przyjmowania_i_rozpatrywania_skarg_konsumentow_zwiazanych_z_niewlasciwym_wykorzystaniem_danych_osobowych_lub_zgloszonym_zakresem\" title=\"7. Mechanizm przyjmowania i rozpatrywania skarg konsument\u00f3w zwi\u0105zanych z niew\u0142a\u015bciwym wykorzystaniem danych osobowych lub zg\u0142oszonym zakresem:\">7. Mechanizm przyjmowania i rozpatrywania skarg konsument\u00f3w zwi\u0105zanych z niew\u0142a\u015bciwym wykorzystaniem danych osobowych lub zg\u0142oszonym zakresem:<\/a><\/li><li class='ez-toc-page-1'><a class=\"ez-toc-link ez-toc-heading-8\" href=\"https:\/\/gigago.com\/pl\/privacy-policy\/#8_Inne_warunki_regulujace\" title=\"8. Inne warunki reguluj\u0105ce\">8. Inne warunki reguluj\u0105ce<\/a><\/li><li class='ez-toc-page-1'><a class=\"ez-toc-link ez-toc-heading-9\" href=\"https:\/\/gigago.com\/pl\/privacy-policy\/#9_Zmiany_w_niniejszej_polityce\" title=\"9. Zmiany w niniejszej polityce\">9. Zmiany w niniejszej polityce<\/a><\/li><li class='ez-toc-page-1'><a class=\"ez-toc-link ez-toc-heading-10\" href=\"https:\/\/gigago.com\/pl\/privacy-policy\/#10_Zastrzezenie\" title=\"10. Zastrze\u017cenie\">10. Zastrze\u017cenie<\/a><\/li><li class='ez-toc-page-1'><a class=\"ez-toc-link ez-toc-heading-11\" href=\"https:\/\/gigago.com\/pl\/privacy-policy\/#11_Podsumowanie\" title=\"11. Podsumowanie\">11. Podsumowanie<\/a><\/li><\/ul><\/nav><\/div>\n<h2 class=\"wp-block-heading\"><span class=\"ez-toc-section\" id=\"1_Cel_gromadzenia_informacji\"><\/span>1. Cel gromadzenia informacji<span class=\"ez-toc-section-end\"><\/span><\/h2>\n\n\n\n<p>Gromadzone informacje wykorzystujemy do r\u00f3\u017cnych cel\u00f3w biznesowych, takich jak:<\/p>\n\n\n\n<ul>\n<li>Realizacja transakcji i fakturowanie naszych produkt\u00f3w;<\/li>\n\n\n\n<li>Odpowiadanie na Pa\u0144stwa pro\u015bby o us\u0142ugi lub wsparcie;<\/li>\n\n\n\n<li>Przewidywanie i rozwi\u0105zywanie rzeczywistych i potencjalnych problem\u00f3w zwi\u0105zanych z naszymi produktami;<\/li>\n\n\n\n<li>Tworzenie i ulepszanie produkt\u00f3w;<\/li>\n\n\n\n<li>Rekomendowanie dodatkowych produkt\u00f3w lub us\u0142ug;<\/li>\n\n\n\n<li>Podejmowanie wewn\u0119trznych decyzji biznesowych dotycz\u0105cych obecnych i przysz\u0142ych korzy\u015bci;<\/li>\n\n\n\n<li>\u015awiadczenie spersonalizowanych us\u0142ug i zapewnianie spersonalizowanych do\u015bwiadcze\u0144;<\/li>\n\n\n\n<li>Ochrona naszych praw i w\u0142asno\u015bci; oraz<\/li>\n\n\n\n<li>Kontaktowanie si\u0119 z Pa\u0144stwem w sprawie innych us\u0142ug \u015bwiadczonych przez Gigago.<\/li>\n<\/ul>\n\n\n\n<p>Wszystkie podane przez Pa\u0144stwa informacje s\u0105 w pe\u0142ni zabezpieczone i chronione przed nieuprawnionym u\u017cyciem. Pa\u0144stwa dane osobowe nie zostan\u0105 nigdy ujawnione osobom trzecim, chyba \u017ce wyra\u017c\u0105 Pa\u0144stwo na to zgod\u0119.<\/p>\n\n\n\n<h2 class=\"wp-block-heading\"><span class=\"ez-toc-section\" id=\"2_Gromadzone_informacje\"><\/span>2. Gromadzone informacje<span class=\"ez-toc-section-end\"><\/span><\/h2>\n\n\n\n<p>Podejmujemy dzia\u0142ania maj\u0105ce na celu zapewnienie, \u017ce podane przez Pa\u0144stwa informacje s\u0105 rejestrowane w spos\u00f3b dok\u0142adny i kompletny. W razie potrzeby pomagamy Pa\u0144stwu poprawia\u0107 i modyfikowa\u0107 podane informacje.<\/p>\n\n\n\n<p><strong>a. Dane osobowe<\/strong> <strong>gromadzone na tej stronie internetowej od\/o klientach<\/strong><\/p>\n\n\n\n<p>Gromadzimy nast\u0119puj\u0105ce dane osobowe, gdy kupuj\u0105 Pa\u0144stwo esim na stronie Gigago.com:<\/p>\n\n\n\n<ul>\n<li>Imi\u0119 i nazwisko:<\/li>\n\n\n\n<li>Adres e-mail:<\/li>\n\n\n\n<li>Numer telefonu:<\/li>\n\n\n\n<li>Adres:<\/li>\n<\/ul>\n\n\n\n<p><strong>b. Dane nieumo\u017cliwiaj\u0105ce identyfikacji osoby zebrane na tej stronie internetowej<\/strong><\/p>\n\n\n\n<p>W naszych logach serwera gromadzimy i przechowujemy informacje nieumo\u017cliwiaj\u0105ce identyfikacji osoby, w tym mi\u0119dzy innymi typ przegl\u0105darki, adres IP, system operacyjny, dat\u0119 i godzin\u0119 odwiedzin, odwiedzone strony w witrynie, czas sp\u0119dzony na przegl\u0105daniu witryny oraz powt\u00f3rne odwiedziny witryny.<\/p>\n\n\n\n<p>Korzystamy r\u00f3wnie\u017c z Google Analytics, us\u0142ugi rejestruj\u0105cej dane nieumo\u017cliwiaj\u0105ce identyfikacji os\u00f3b, takie jak typ przegl\u0105darki, system operacyjny, data i godzina wizyty, sk\u0105d pochodz\u0105 odwiedzaj\u0105cy, strony odwiedzane w tej witrynie, czas sp\u0119dzony na przegl\u0105daniu witryny, dok\u0105d udali si\u0119 odwiedzaj\u0105cy po opuszczeniu witryny oraz ponowne wizyty w witrynie.<\/p>\n\n\n\n<p>Gromadzimy te dane, kt\u00f3re nie pozwalaj\u0105 na identyfikacj\u0119 os\u00f3b, aby lepiej zrozumie\u0107, w jaki spos\u00f3b odwiedzaj\u0105cy korzystaj\u0105 z naszej strony, oraz aby pom\u00f3c w zarz\u0105dzaniu, utrzymaniu i raportowaniu wykorzystania naszej strony internetowej.<\/p>\n\n\n\n<p>Mo\u017cemy udost\u0119pnia\u0107 te dane, kt\u00f3re nie pozwalaj\u0105 na identyfikacj\u0119 os\u00f3b, stronom trzecim w ograniczonym zakresie w celu raportowania wykorzystania naszej strony internetowej lub w celu zapewnienia zgodno\u015bci z obowi\u0105zuj\u0105cym prawem.<\/p>\n\n\n\n<p>Nie wynajmujemy, nie sprzedajemy ani nie udost\u0119pniamy \u017cadnych danych nieumo\u017cliwiaj\u0105cych identyfikacji os\u00f3b zebranych na tej stronie internetowej stronom trzecim, w tym Google, do cel\u00f3w marketingowych, w tym remarketingu.<\/p>\n\n\n\n<p><strong>c. Transakcje finansowe<\/strong><\/p>\n\n\n\n<p>Transakcje kartami kredytowymi s\u0105 przetwarzane przez jedn\u0105 z g\u0142\u00f3wnych zewn\u0119trznych firm obs\u0142uguj\u0105cych karty kredytowe. Wszystkie informacje s\u0105 szyfrowane i wykorzystywane wy\u0142\u0105cznie do realizacji odpowiednich transakcji. Nasza baza danych przechowuje tylko cztery ostatnie cyfry karty kredytowej w celu przeprowadzenia procesu weryfikacji i zatwierdzenia.<\/p>\n\n\n\n<p><strong>d. Pliki cookie<\/strong><\/p>\n\n\n\n<p>Gigago.com wykorzystuje pliki cookie do rozpoznawania naszych klient\u00f3w, gdy odwiedzaj\u0105 nasz\u0105 stron\u0119. Dzi\u0119ki temu mo\u017cemy dostosowa\u0107 ich do\u015bwiadczenia na naszej stronie internetowej. Aby si\u0119 zarejestrowa\u0107, mo\u017ce by\u0107 konieczne \u201ew\u0142\u0105czenie\u201d lub aktywowanie plik\u00f3w cookie w u\u017cywanej przegl\u0105darce. Je\u015bli jednak zdecydujesz si\u0119 wy\u0142\u0105czy\u0107 pliki cookie, nadal b\u0119dziesz m\u00f3g\u0142 porusza\u0107 si\u0119 po stronie. Pliki cookie nie przechowuj\u0105 \u017cadnych danych osobowych. Wszystkie informacje s\u0105 ca\u0142kowicie poufne i nigdy nie s\u0105 sprzedawane ani udost\u0119pniane poza firm\u0105.<\/p>\n\n\n\n<p><strong>e. Informacje systemowe<\/strong><\/p>\n\n\n\n<p>Gigago.com zastrzega sobie prawo do gromadzenia i przechowywania takich informacji, jak adres IP, typ przegl\u0105darki lub typ systemu operacyjnego. Wszystkie informacje s\u0105 \u015bci\u015ble poufne i b\u0119d\u0105 wykorzystywane wy\u0142\u0105cznie do cel\u00f3w administrowania systemem. Informacje te pomagaj\u0105 diagnozowa\u0107 problemy, monitorowa\u0107 ruch i wykorzystanie strony.<\/p>\n\n\n\n<p><strong>f. E-mail<\/strong><\/p>\n\n\n\n<p>Gigago.com wykorzystuje e-mail do powiadamiania naszych cz\u0142onk\u00f3w lub klient\u00f3w o kodzie QR eSIM i instrukcji instalacji lub o dodaniu nowych us\u0142ug lub funkcji. Nasza lista adres\u00f3w e-mail jest poufna i nigdy nie jest sprzedawana ani przekazywana osobom trzecim.<\/p>\n\n\n\n<h2 class=\"wp-block-heading\"><span class=\"ez-toc-section\" id=\"3_Czas_przechowywania_danych\"><\/span>3. Czas przechowywania danych<span class=\"ez-toc-section-end\"><\/span><\/h2>\n\n\n\n<p>Twoje dane osobowe b\u0119d\u0105 przechowywane do momentu zg\u0142oszenia pro\u015bby o ich usuni\u0119cie. W przeciwnym razie Twoje dane osobowe b\u0119d\u0105 zabezpieczone na serwerach Gigago.com.<\/p>\n\n\n\n<h2 class=\"wp-block-heading\"><span class=\"ez-toc-section\" id=\"4_Osoby_lub_organizacje_majace_dostep_do_Twoich_danych\"><\/span>4. Osoby lub organizacje maj\u0105ce dost\u0119p do Twoich danych<span class=\"ez-toc-section-end\"><\/span><\/h2>\n\n\n\n<ul>\n<li>W przypadku naszych pracownik\u00f3w istniej\u0105 wyspecjalizowane dzia\u0142y zajmuj\u0105ce si\u0119 obs\u0142ug\u0105 klienta podczas procesu u\u017cytkowania produktu.<\/li>\n\n\n\n<li>Programy powi\u0105zane, wsp\u00f3\u0142wdra\u017cane i zlecane na zewn\u0105trz w celach okre\u015blonych w sekcji 1 b\u0119d\u0105 zawsze podlega\u0107 wymogom bezpiecze\u0144stwa danych osobowych.<\/li>\n\n\n\n<li>Wymogi prawne: Mo\u017cemy ujawni\u0107 dane osobowe u\u017cytkownika, je\u015bli wymaga tego prawo, a ujawnienie jest uzasadnione konieczno\u015bci\u0105 przestrzegania procedur prawnych.<\/li>\n\n\n\n<li>Przeniesienie dzia\u0142alno\u015bci (je\u015bli dotyczy): W przypadku fuzji, konsolidacji lub cz\u0119\u015bciowego lub ca\u0142kowitego przeniesienia do innej firmy, nabywca b\u0119dzie mia\u0142 dost\u0119p do przechowywanych przez nas informacji, w tym danych osobowych u\u017cytkownika.<\/li>\n<\/ul>\n\n\n\n<h2 class=\"wp-block-heading\"><span class=\"ez-toc-section\" id=\"5_Adres_jednostki_gromadzacej_i_zarzadzajacej_informacjami\"><\/span>5. Adres jednostki gromadz\u0105cej i zarz\u0105dzaj\u0105cej informacjami<span class=\"ez-toc-section-end\"><\/span><\/h2>\n\n\n\n<ul>\n<li>Nazwa firmy: GIGAGO LIMITED<\/li>\n\n\n\n<li>Siedziba g\u0142\u00f3wna: Unit 205, Unit C, 2\/F, Kwong On Bank Mongkok Branch Building, 728-730, Nathan Road, Mong Kok, Hongkong<\/li>\n<\/ul>\n\n\n\n<h2 class=\"wp-block-heading\"><span class=\"ez-toc-section\" id=\"6_Metody_i_narzedzia_umozliwiajace_uzytkownikom_dostep_do_danych_i_ich_edycje\"><\/span>6. Metody i narz\u0119dzia umo\u017cliwiaj\u0105ce u\u017cytkownikom dost\u0119p do danych i ich edycj\u0119<span class=\"ez-toc-section-end\"><\/span><\/h2>\n\n\n\n<p>Je\u015bli u\u017cytkownik ma jakiekolwiek pro\u015bby dotycz\u0105ce dost\u0119pu do przekazanych danych osobowych i ich poprawiania, mo\u017ce:<\/p>\n\n\n\n<ul>\n<li>Skontaktowa\u0107 si\u0119 z nami bezpo\u015brednio za po\u015brednictwem naszej aplikacji WhatsApp\/infolinii <a href=\"https:\/\/wa.me\/message\/ZS7PQZOCVAB4O1\" target=\"_blank\" rel=\"noopener\"><strong>+1 657-571-1199<\/strong><\/a><\/li>\n\n\n\n<li>Wys\u0142a\u0107 nam wiadomo\u015b\u0107 e-mail na adres <a href=\"mailto:hello@gigago.vn\"><strong>hello@gigago.com<\/strong><\/a><\/li>\n<\/ul>\n\n\n\n<h2 class=\"wp-block-heading\"><span class=\"ez-toc-section\" id=\"7_Mechanizm_przyjmowania_i_rozpatrywania_skarg_konsumentow_zwiazanych_z_niewlasciwym_wykorzystaniem_danych_osobowych_lub_zgloszonym_zakresem\"><\/span>7. Mechanizm przyjmowania i rozpatrywania skarg konsument\u00f3w zwi\u0105zanych z niew\u0142a\u015bciwym wykorzystaniem danych osobowych lub zg\u0142oszonym zakresem:<span class=\"ez-toc-section-end\"><\/span><\/h2>\n\n\n\n<p>W Gigago ochrona Twoich danych osobowych jest bardzo wa\u017cna, masz gwarancj\u0119, \u017ce informacje przekazane nam nie b\u0119d\u0105 udost\u0119pniane, sprzedawane ani wynajmowane przez GIGAGO nikomu innemu. Gigago zobowi\u0105zuje si\u0119 wykorzystywa\u0107 Twoje dane wy\u0142\u0105cznie w celu:<\/p>\n\n\n\n<ul>\n<li>poprawy jako\u015bci us\u0142ug dla klient\u00f3w<\/li>\n\n\n\n<li>rozstrzygania spor\u00f3w i reklamacji<\/li>\n\n\n\n<li>gdy wymaga tego prawo.<\/li>\n<\/ul>\n\n\n\n<p>GIGAGO rozumie, \u017ce Pa\u0144stwa zainteresowanie ochron\u0105 danych osobowych jest r\u00f3wnie\u017c naszym obowi\u0105zkiem, dlatego w przypadku jakichkolwiek pyta\u0144, uwag dotycz\u0105cych naszej polityki prywatno\u015bci oraz wykorzystywania danych osobowych do niew\u0142a\u015bciwych cel\u00f3w lub w zakresie wykraczaj\u0105cym poza zakres zg\u0142oszony, prosimy o kontakt z nasz\u0105 infolini\u0105\/WhatsApps 24\/7: <a href=\"https:\/\/wa.me\/message\/ZS7PQZOCVAB4O1\" target=\"_blank\" rel=\"noopener\"><strong>+1 657-571-1199<\/strong><\/a> lub e-mailem <a href=\"mailto:hello@gigago.com\"><strong>hello@gigago.com<\/strong><\/a>w celu uzyskania bezpo\u015bredniej pomocy.<\/p>\n\n\n\n<h2 class=\"wp-block-heading\"><span class=\"ez-toc-section\" id=\"8_Inne_warunki_regulujace\"><\/span>8. Inne warunki reguluj\u0105ce<span class=\"ez-toc-section-end\"><\/span><\/h2>\n\n\n\n<p>Niniejsza polityka nie modyfikuje ani nie zmienia \u017cadnej obowi\u0105zuj\u0105cej umowy zawartej z Gigago. Je\u015bli korzystasz z naszych produkt\u00f3w lub subskrybujesz je, nasze Warunki \u015bwiadczenia us\u0142ug i niekt\u00f3re inne warunki mog\u0105 mie\u0107 zastosowanie do Twojego u\u017cytkowania, zakupu lub subskrypcji. Je\u015bli niniejsza polityka jest sprzeczna z jak\u0105kolwiek cz\u0119\u015bci\u0105 tych warunk\u00f3w i um\u00f3w, warunki te i umowy maj\u0105 pierwsze\u0144stwo w zakresie niezgodno\u015bci.<\/p>\n\n\n\n<h2 class=\"wp-block-heading\"><span class=\"ez-toc-section\" id=\"9_Zmiany_w_niniejszej_polityce\"><\/span>9. Zmiany w niniejszej polityce<span class=\"ez-toc-section-end\"><\/span><\/h2>\n\n\n\n<p>Mo\u017cemy zaktualizowa\u0107 niniejsz\u0105 polityk\u0119, je\u015bli wprowadzimy istotne zmiany w naszych praktykach lub je\u015bli b\u0119dzie to wymagane ze wzgl\u0119du na zmiany prawne lub regulacyjne. Je\u015bli zdecydujemy si\u0119 wykorzysta\u0107 lub ujawni\u0107 dane osobowe w spos\u00f3b istotnie r\u00f3\u017cni\u0105cy si\u0119 od tego, kt\u00f3ry zosta\u0142 okre\u015blony w niniejszej polityce w momencie gromadzenia danych osobowych, powiadomimy Ci\u0119 o tym, wysy\u0142aj\u0105c wiadomo\u015b\u0107 na podany przez Ciebie adres e-mail lub umieszczaj\u0105c wyra\u017ane powiadomienie na naszych stronach internetowych. Nale\u017cy cz\u0119sto zapoznawa\u0107 si\u0119 z niniejsz\u0105 polityk\u0105, aby uzyska\u0107 najnowsze informacje i dat\u0119 wej\u015bcia w \u017cycie wszelkich zmian.<\/p>\n\n\n\n<h2 class=\"wp-block-heading\"><span class=\"ez-toc-section\" id=\"10_Zastrzezenie\"><\/span>10. Zastrze\u017cenie<span class=\"ez-toc-section-end\"><\/span><\/h2>\n\n\n\n<p>Komunikacja przez Internet, a tak\u017ce transakcje internetowe podlegaj\u0105 r\u00f3\u017cnym zagro\u017ceniom bezpiecze\u0144stwa. W \u017cadnym wypadku Gigago nie ponosi odpowiedzialno\u015bci za jakiekolwiek szkody lub straty, bezpo\u015brednie lub po\u015brednie, przypadkowe lub wynikowe, szczeg\u00f3lne lub karne, wynikaj\u0105ce z lub zwi\u0105zane z nieuprawnionym wykorzystaniem, zmian\u0105, usuni\u0119ciem lub ujawnieniem jakichkolwiek informacji, poufnych lub nie, wynikaj\u0105cych z nieuprawnionego w\u0142amania do systemu lub innego naruszenia bezpiecze\u0144stwa lub awarii systemu.<\/p>\n\n\n\n<p>Gigago niniejszym wy\u0142\u0105cza wszelkie gwarancje dotycz\u0105ce sprz\u0119tu i oprogramowania u\u017cywanego do zapewnienia bezpiecze\u0144stwa i obs\u0142ugi niniejszej strony internetowej, w tym wszelkie gwarancje dorozumiane, przydatno\u015b\u0107 do okre\u015blonego celu oraz szkody przypadkowe, szczeg\u00f3lne, bezpo\u015brednie lub wynikowe.<\/p>\n\n\n\n<p>W zwi\u0105zku z tym Gigago, jego kierownictwo i pracownicy, partnerzy, podmioty stowarzyszone, sp\u00f3\u0142ki zale\u017cne, nast\u0119pcy i cesjonariusze oraz agenci zewn\u0119trzni nie ponosz\u0105, bezpo\u015brednio ani po\u015brednio, \u017cadnej odpowiedzialno\u015bci wobec u\u017cytkownika lub jakiejkolwiek innej osoby za jakiekolwiek nie\u015bcis\u0142o\u015bci, niew\u0142a\u015bciwe wykorzystanie, b\u0142\u0119dy, przechwycenie przez osoby trzecie, wirusy lub ataki haker\u00f3w powoduj\u0105ce utrat\u0119 danych lub us\u0142ug, w tym mi\u0119dzy innymi b\u0142\u0119dy lub przerwy w transmisji lub dostarczaniu us\u0142ug.<\/p>\n\n\n\n<p>Gigago zawiera linki do innych stron internetowych. Linki te s\u0105 zamieszczone wy\u0142\u0105cznie w celach informacyjnych i maj\u0105 na celu u\u0142atwienie znalezienia innych zasob\u00f3w internetowych. W zwi\u0105zku z tym nie ponosimy odpowiedzialno\u015bci za polityk\u0119 prywatno\u015bci ani zawarto\u015b\u0107 takich stron internetowych.<\/p>\n\n\n\n<h2 class=\"wp-block-heading\"><span class=\"ez-toc-section\" id=\"11_Podsumowanie\"><\/span>11. Podsumowanie<span class=\"ez-toc-section-end\"><\/span><\/h2>\n\n\n\n<p>Korzystaj\u0105c z tej strony i jej us\u0142ug, bezwarunkowo zgadzasz si\u0119 z warunkami niniejszego O\u015bwiadczenia o ochronie prywatno\u015bci i naszymi Warunkami \u015bwiadczenia us\u0142ug. Zgadzasz si\u0119 przestrzega\u0107 warunk\u00f3w reguluj\u0105cych korzystanie z tej strony i jej us\u0142ug, a tak\u017ce wszystkich informacji dostarczonych przez Ciebie i innych u\u017cytkownik\u00f3w Gigago.com. Je\u015bli nie zgadzasz si\u0119 z wszystkimi lub niekt\u00f3rymi warunkami niniejszego O\u015bwiadczenia o ochronie prywatno\u015bci, prosimy nie korzysta\u0107 z tej strony.<\/p>\n\n\n\n<p>Gigago zastrzega sobie prawo do zmiany O\u015bwiadczenia o ochronie prywatno\u015bci w dowolnym momencie bez uprzedzenia, dlatego zach\u0119camy naszych u\u017cytkownik\u00f3w i klient\u00f3w do zapoznania si\u0119 z O\u015bwiadczeniem o ochronie prywatno\u015bci przed wej\u015bciem na inne strony tej witryny.<\/p>\n\n\n\n<p>W przypadku jakichkolwiek pyta\u0144 dotycz\u0105cych naszej <a href=\"https:\/\/gigago.com\/pl\/privacy-policy\/\" data-type=\"link\" data-id=\"https:\/\/gigago.com\/pl\/privacy-policy\/\">polityki prywatno\u015bci<\/a>, prosimy o kontakt pod adresem <a href=\"mailto:hello@gigago.com\"><strong>hello@gigago.com<\/strong><\/a>.<\/p>\n","protected":false},"excerpt":{"rendered":"<p>Dbamy o nasz\u0105 prywatno\u015b\u0107 Opracowuj\u0105c niniejsz\u0105 Polityk\u0119, firma Gigago.com zobowi\u0105zuje si\u0119 do ochrony i zachowania prywatno\u015bci naszych u\u017cytkownik\u00f3w i klient\u00f3w, zapewniaj\u0105c poufno\u015b\u0107 przekazywanych przez nich informacji. Zamawiaj\u0105c plan eSIM w Gigago, wyra\u017casz zgod\u0119 na poni\u017csze warunki naszej polityki prywatno\u015bci. 1. Cel gromadzenia informacji Gromadzone informacje wykorzystujemy do r\u00f3\u017cnych cel\u00f3w biznesowych, takich jak: Wszystkie podane przez [&#8230;]\n","protected":false},"author":14,"featured_media":0,"parent":0,"menu_order":0,"comment_status":"closed","ping_status":"open","template":"","meta":{"_acf_changed":false,"inline_featured_image":false,"footnotes":""},"acf":[],"_links":{"self":[{"href":"https:\/\/gigago.com\/pl\/wp-json\/wp\/v2\/pages\/284"}],"collection":[{"href":"https:\/\/gigago.com\/pl\/wp-json\/wp\/v2\/pages"}],"about":[{"href":"https:\/\/gigago.com\/pl\/wp-json\/wp\/v2\/types\/page"}],"author":[{"embeddable":true,"href":"https:\/\/gigago.com\/pl\/wp-json\/wp\/v2\/users\/14"}],"replies":[{"embeddable":true,"href":"https:\/\/gigago.com\/pl\/wp-json\/wp\/v2\/comments?post=284"}],"version-history":[{"count":2,"href":"https:\/\/gigago.com\/pl\/wp-json\/wp\/v2\/pages\/284\/revisions"}],"predecessor-version":[{"id":287,"href":"https:\/\/gigago.com\/pl\/wp-json\/wp\/v2\/pages\/284\/revisions\/287"}],"wp:attachment":[{"href":"https:\/\/gigago.com\/pl\/wp-json\/wp\/v2\/media?parent=284"}],"curies":[{"name":"wp","href":"https:\/\/api.w.org\/{rel}","templated":true}]}}