{"id":218,"date":"2023-05-12T09:24:42","date_gmt":"2023-05-12T09:24:42","guid":{"rendered":"https:\/\/gigago.com\/?page_id=43081"},"modified":"2026-01-12T03:50:02","modified_gmt":"2026-01-12T03:50:02","slug":"payment-guideline","status":"publish","type":"page","link":"https:\/\/gigago.com\/pl\/payment-guideline\/","title":{"rendered":"Wytyczne dotycz\u0105ce zakupu i p\u0142atno\u015bci za kart\u0119 eSIM Gigago Vietnam"},"content":{"rendered":"\n<h2 class=\"wp-block-heading\">1. Jak kupi\u0107 eSIM Gigago<\/h2>\n\n\n\n<p>eSIM mo\u017cna kupi\u0107 w biurze GIGAGO znajduj\u0105cym si\u0119 na 23. pi\u0119trze budynku TASCO, Pham Hung, Nam Tu Liem, Hanoi, Wietnam.<\/p>\n\n\n\n<p>Alternatywnie, dla wygody, eSIM mo\u017cna kupi\u0107 bezpo\u015brednio online na stronie GIGAGO.COM, wykonuj\u0105c 3 proste kroki opisane poni\u017cej:<\/p>\n\n\n\n<p><strong>\u25baKrok 1:<\/strong> Wejd\u017a na stron\u0119 <a href=\"https:\/\/gigago.com\/pl\"><strong>https:\/\/gigago.com\/<\/strong><\/a>i wybierz kraj, w kt\u00f3rym chcesz kupi\u0107 kart\u0119 eSIM.<\/p>\n\n\n\n<p><strong>\u25baKrok 2: <\/strong>Wybierz odpowiedni typ karty eSIM i kliknij \u201e<strong>Dodaj do koszyka<\/strong>\u201d.<\/p>\n\n\n\n<p><strong>\u25baKrok 3: <\/strong>Dokonaj p\u0142atno\u015bci i otrzymaj kod QR karty eSIM wraz ze szczeg\u00f3\u0142ow\u0105 instrukcj\u0105 instalacji na adres e-mail.<\/p>\n\n\n\n<h2 class=\"wp-block-heading\">2. <a href=\"https:\/\/gigago.com\/pl\/payment-guideline\/\">Wytyczne dotycz\u0105ce p\u0142atno\u015bci<\/a><\/h2>\n\n\n\n<p>P\u0142atno\u015bci mo\u017cna dokona\u0107 bezpo\u015brednio w biurze GIGAGO lub online na poni\u017csze konto bankowe:<\/p>\n\n\n\n<ul>\n<li>Numer konta: 2225195476<\/li>\n\n\n\n<li>W\u0142a\u015bciciel konta: CONG TY CO PHAN CONG NGHE DU LICH GIGAGO<\/li>\n\n\n\n<li>Bank: Bank for Investment and Development of Vietnam (BIDV) \u2013 oddzia\u0142 Thanh Xuan.<\/li>\n<\/ul>\n\n\n\n<p>Je\u015bli masz jakiekolwiek pytania dotycz\u0105ce procesu <a href=\"https:\/\/gigago.com\/pl\/buy-esim\/\"><strong>zakupu eSIM<\/strong><\/a> lub p\u0142atno\u015bci, skontaktuj si\u0119 z nami pod numerem infolinii\/WhatsApp dost\u0119pnym 24 godziny na dob\u0119, 7 dni w tygodniu: <a href=\"https:\/\/wa.me\/message\/ZS7PQZOCVAB4O1\" target=\"_blank\" rel=\"noopener\"><strong>+1 657-571-1199<\/strong><\/a> lub wy\u015blij e-mail na adres <a href=\"mailto:hello@gigago.com\"><strong>hello@gigago.com<\/strong><\/a>, aby uzyska\u0107 bezpo\u015bredni\u0105 pomoc.<\/p>\n","protected":false},"excerpt":{"rendered":"<p>1. Jak kupi\u0107 eSIM Gigago eSIM mo\u017cna kupi\u0107 w biurze GIGAGO znajduj\u0105cym si\u0119 na 23. pi\u0119trze budynku TASCO, Pham Hung, Nam Tu Liem, Hanoi, Wietnam. Alternatywnie, dla wygody, eSIM mo\u017cna kupi\u0107 bezpo\u015brednio online na stronie GIGAGO.COM, wykonuj\u0105c 3 proste kroki opisane poni\u017cej: \u25baKrok 1: Wejd\u017a na stron\u0119 https:\/\/gigago.com\/i wybierz kraj, w kt\u00f3rym chcesz kupi\u0107 kart\u0119 [&#8230;]\n","protected":false},"author":3,"featured_media":0,"parent":0,"menu_order":0,"comment_status":"closed","ping_status":"closed","template":"","meta":{"_acf_changed":false,"inline_featured_image":false,"footnotes":""},"acf":[],"_links":{"self":[{"href":"https:\/\/gigago.com\/pl\/wp-json\/wp\/v2\/pages\/218"}],"collection":[{"href":"https:\/\/gigago.com\/pl\/wp-json\/wp\/v2\/pages"}],"about":[{"href":"https:\/\/gigago.com\/pl\/wp-json\/wp\/v2\/types\/page"}],"author":[{"embeddable":true,"href":"https:\/\/gigago.com\/pl\/wp-json\/wp\/v2\/users\/3"}],"replies":[{"embeddable":true,"href":"https:\/\/gigago.com\/pl\/wp-json\/wp\/v2\/comments?post=218"}],"version-history":[{"count":2,"href":"https:\/\/gigago.com\/pl\/wp-json\/wp\/v2\/pages\/218\/revisions"}],"predecessor-version":[{"id":221,"href":"https:\/\/gigago.com\/pl\/wp-json\/wp\/v2\/pages\/218\/revisions\/221"}],"wp:attachment":[{"href":"https:\/\/gigago.com\/pl\/wp-json\/wp\/v2\/media?parent=218"}],"curies":[{"name":"wp","href":"https:\/\/api.w.org\/{rel}","templated":true}]}}