{"id":210,"date":"2023-05-12T09:03:32","date_gmt":"2023-05-12T09:03:32","guid":{"rendered":"http:\/\/gigagocom.test\/?page_id=10"},"modified":"2026-01-12T03:44:24","modified_gmt":"2026-01-12T03:44:24","slug":"cancellation-refund-policy","status":"publish","type":"page","link":"https:\/\/gigago.com\/pl\/cancellation-refund-policy\/","title":{"rendered":"Polityka wymiany, anulowania i zwrotu koszt\u00f3w kart eSIM Gigago"},"content":{"rendered":"\n<p>Aby zapewni\u0107 Pa\u0144stwu odpowiednie prawa i spok\u00f3j ducha podczas zakupu turystycznych kart eSIM w GIGAGO, wprowadzili\u015bmy polityk\u0119 \u201e<a href=\"https:\/\/gigago.com\/pl\/cancellation-refund-policy\/\"><strong>Wymiana, anulowanie i zwrot<\/strong><\/a>\u201d na wypadek otrzymania niew\u0142a\u015bciwego produktu lub wyst\u0105pienia problem\u00f3w spowodowanych naszymi b\u0142\u0119dami.<\/p>\n\n\n\n<h2 class=\"wp-block-heading\"><strong>1. Polityka wymiany<\/strong><\/h2>\n\n\n\n<p>Je\u015bli otrzymaj\u0105 Pa\u0144stwo kart\u0119 eSIM, kt\u00f3ra nie jest zgodna z zam\u00f3wieniem, GIGAGO zobowi\u0105zuje si\u0119 do pomocy w wymianie karty eSIM w ci\u0105gu 1 dnia.<\/p>\n\n\n\n<p>Je\u015bli ju\u017c pomy\u015blnie zakupi\u0142e\u015b kart\u0119 eSIM i chcesz zmieni\u0107 j\u0105 na inny typ, mo\u017cesz skontaktowa\u0107 si\u0119 z nami za po\u015brednictwem infolinii\/WhatsAppa dost\u0119pnej 24 godziny na dob\u0119, 7 dni w tygodniu: <a href=\"https:\/\/wa.me\/message\/ZS7PQZOCVAB4O1\" target=\"_blank\" rel=\"noopener\"><strong>+1 657-571-1199<\/strong><\/a> lub wys\u0142a\u0107 wiadomo\u015b\u0107 e-mail na adres <a href=\"mailto:hello@gigago.com\"><strong>hello@gigago.com<\/strong><\/a>. Je\u015bli wniosek o zmian\u0119 zostanie zatwierdzony, mo\u017cesz wymieni\u0107 kart\u0119 eSIM na inn\u0105.<\/p>\n\n\n\n<h2 class=\"wp-block-heading\"><strong>2. Anulowanie i zwrot koszt\u00f3w<\/strong><\/h2>\n\n\n\n<p>Je\u015bli z jakiegokolwiek powodu musisz anulowa\u0107 zam\u00f3wienie, mo\u017cesz to zrobi\u0107 bez ponoszenia kary przed dokonaniem p\u0142atno\u015bci lub dostarczeniem kodu QR eSIM.<\/p>\n\n\n\n<p>Po dostarczeniu kodu QR eSIM nie mo\u017cna anulowa\u0107 zam\u00f3wienia i zwrot koszt\u00f3w jest mo\u017cliwy tylko w przypadku b\u0142\u0119du w naszej eSIM, kt\u00f3ry zosta\u0142 zg\u0142oszony, ale nie mo\u017ce zosta\u0107 naprawiony przez nasz zesp\u00f3\u0142 pomocy technicznej.<\/p>\n\n\n\n<p>Je\u015bli nie mo\u017cesz znale\u017a\u0107 wiadomo\u015bci e-mail z eSIM w swojej g\u0142\u00f3wnej skrzynce odbiorczej, sprawd\u017a folder spam lub promocje lub skontaktuj si\u0119 z nami w celu uzyskania pomocy. Niezastosowanie si\u0119 do tego spowoduje brak zwrotu koszt\u00f3w.<\/p>\n\n\n\n<p>Zwrot koszt\u00f3w nast\u0105pi w taki sam spos\u00f3b, jak w przypadku metody p\u0142atno\u015bci (np. Paypal) u\u017cytej do dokonania zakupu. Proces zwrotu koszt\u00f3w mo\u017ce potrwa\u0107 do 10 dni roboczych.<\/p>\n\n\n\n<p><strong>Pami\u0119taj, \u017ce w ka\u017cdym przypadku <\/strong><a href=\"https:\/\/gigago.com\/pl\"><strong>GIGAGO<\/strong><\/a><strong> zapewni Ci jak najszybsz\u0105 pomoc!<\/strong><\/p>\n","protected":false},"excerpt":{"rendered":"<p>Aby zapewni\u0107 Pa\u0144stwu odpowiednie prawa i spok\u00f3j ducha podczas zakupu turystycznych kart eSIM w GIGAGO, wprowadzili\u015bmy polityk\u0119 \u201eWymiana, anulowanie i zwrot\u201d na wypadek otrzymania niew\u0142a\u015bciwego produktu lub wyst\u0105pienia problem\u00f3w spowodowanych naszymi b\u0142\u0119dami. 1. Polityka wymiany Je\u015bli otrzymaj\u0105 Pa\u0144stwo kart\u0119 eSIM, kt\u00f3ra nie jest zgodna z zam\u00f3wieniem, GIGAGO zobowi\u0105zuje si\u0119 do pomocy w wymianie karty eSIM [&#8230;]\n","protected":false},"author":14,"featured_media":0,"parent":0,"menu_order":0,"comment_status":"closed","ping_status":"closed","template":"","meta":{"_acf_changed":false,"inline_featured_image":false,"footnotes":""},"acf":[],"_links":{"self":[{"href":"https:\/\/gigago.com\/pl\/wp-json\/wp\/v2\/pages\/210"}],"collection":[{"href":"https:\/\/gigago.com\/pl\/wp-json\/wp\/v2\/pages"}],"about":[{"href":"https:\/\/gigago.com\/pl\/wp-json\/wp\/v2\/types\/page"}],"author":[{"embeddable":true,"href":"https:\/\/gigago.com\/pl\/wp-json\/wp\/v2\/users\/14"}],"replies":[{"embeddable":true,"href":"https:\/\/gigago.com\/pl\/wp-json\/wp\/v2\/comments?post=210"}],"version-history":[{"count":2,"href":"https:\/\/gigago.com\/pl\/wp-json\/wp\/v2\/pages\/210\/revisions"}],"predecessor-version":[{"id":213,"href":"https:\/\/gigago.com\/pl\/wp-json\/wp\/v2\/pages\/210\/revisions\/213"}],"wp:attachment":[{"href":"https:\/\/gigago.com\/pl\/wp-json\/wp\/v2\/media?parent=210"}],"curies":[{"name":"wp","href":"https:\/\/api.w.org\/{rel}","templated":true}]}}