{"id":207,"date":"2023-05-12T09:28:15","date_gmt":"2023-05-12T09:28:15","guid":{"rendered":"https:\/\/gigago.com\/?page_id=42957"},"modified":"2026-01-12T03:42:54","modified_gmt":"2026-01-12T03:42:54","slug":"delivery-policy","status":"publish","type":"page","link":"https:\/\/gigago.com\/pl\/delivery-policy\/","title":{"rendered":"Zasady dostawy kart eSIM Gigago"},"content":{"rendered":"\n<p>W przypadku kart eSIM firmy GIGAGO, po z\u0142o\u017ceniu zam\u00f3wienia i pomy\u015blnym dokonaniu p\u0142atno\u015bci, wy\u015blemy kart\u0119 eSIM na podany adres e-mail w ci\u0105gu maksymalnie 15 minut.<\/p>\n\n\n\n<p>W przypadku op\u00f3\u017anie\u0144 w dostawie lub \u015bwiadczeniu us\u0142ug, firma <a href=\"https:\/\/gigago.com\/pl\"><strong>GIGAGO<\/strong><\/a> niezw\u0142ocznie poinformuje o tym klienta i zapewni mu mo\u017cliwo\u015b\u0107 anulowania umowy, je\u015bli wyrazi on tak\u0105 ch\u0119\u0107.<\/p>\n\n\n\n<p>Poniewa\u017c karta eSIM jest wysy\u0142ana poczt\u0105 elektroniczn\u0105, prosimy o podanie prawid\u0142owego adresu e-mail, aby zapewni\u0107 jej terminowe otrzymanie. W przypadku nieotrzymania wiadomo\u015bci e-mail od GIGAGO w ci\u0105gu 5\u201315 minut od dokonania p\u0142atno\u015bci, prosimy o kontakt z naszym dzia\u0142em obs\u0142ugi klienta pod adresem e-mail <a href=\"mailto:hello@gigago.com\"><strong>hello@gigago.com<\/strong><\/a> lub infolini\u0105\/WhatsApp 24\/7: <a href=\"https:\/\/wa.me\/message\/YBPQPOMPIQFEA1\" target=\"_blank\" rel=\"noopener\"><strong>+12406161688<\/strong><\/a>w celu uzyskania szybkiej pomocy.<\/p>\n","protected":false},"excerpt":{"rendered":"<p>W przypadku kart eSIM firmy GIGAGO, po z\u0142o\u017ceniu zam\u00f3wienia i pomy\u015blnym dokonaniu p\u0142atno\u015bci, wy\u015blemy kart\u0119 eSIM na podany adres e-mail w ci\u0105gu maksymalnie 15 minut. W przypadku op\u00f3\u017anie\u0144 w dostawie lub \u015bwiadczeniu us\u0142ug, firma GIGAGO niezw\u0142ocznie poinformuje o tym klienta i zapewni mu mo\u017cliwo\u015b\u0107 anulowania umowy, je\u015bli wyrazi on tak\u0105 ch\u0119\u0107. Poniewa\u017c karta eSIM jest [&#8230;]\n","protected":false},"author":3,"featured_media":0,"parent":0,"menu_order":0,"comment_status":"closed","ping_status":"closed","template":"","meta":{"_acf_changed":false,"inline_featured_image":false,"footnotes":""},"acf":[],"_links":{"self":[{"href":"https:\/\/gigago.com\/pl\/wp-json\/wp\/v2\/pages\/207"}],"collection":[{"href":"https:\/\/gigago.com\/pl\/wp-json\/wp\/v2\/pages"}],"about":[{"href":"https:\/\/gigago.com\/pl\/wp-json\/wp\/v2\/types\/page"}],"author":[{"embeddable":true,"href":"https:\/\/gigago.com\/pl\/wp-json\/wp\/v2\/users\/3"}],"replies":[{"embeddable":true,"href":"https:\/\/gigago.com\/pl\/wp-json\/wp\/v2\/comments?post=207"}],"version-history":[{"count":2,"href":"https:\/\/gigago.com\/pl\/wp-json\/wp\/v2\/pages\/207\/revisions"}],"predecessor-version":[{"id":209,"href":"https:\/\/gigago.com\/pl\/wp-json\/wp\/v2\/pages\/207\/revisions\/209"}],"wp:attachment":[{"href":"https:\/\/gigago.com\/pl\/wp-json\/wp\/v2\/media?parent=207"}],"curies":[{"name":"wp","href":"https:\/\/api.w.org\/{rel}","templated":true}]}}