{"id":190,"date":"2023-06-05T03:01:52","date_gmt":"2023-06-05T03:01:52","guid":{"rendered":"https:\/\/gigago.com\/?page_id=44784"},"modified":"2026-01-12T03:33:17","modified_gmt":"2026-01-12T03:33:17","slug":"faqs","status":"publish","type":"page","link":"https:\/\/gigago.com\/pl\/faqs\/","title":{"rendered":"Cz\u0119sto zadawane pytania"},"content":{"rendered":"\n<p>Oto kilka cz\u0119sto zadawanych pyta\u0144 dotycz\u0105cych Gigago eSIM. Aby uzyska\u0107 szczeg\u00f3\u0142owe informacje, skontaktuj si\u0119 z nami w celu uzyskania bezpo\u015bredniej pomocy:<\/p>\n\n\n\n<ul>\n<li>WhatsApp: <a href=\"https:\/\/wa.me\/message\/ZS7PQZOCVAB4O1\" target=\"_blank\" rel=\"noreferrer noopener\"><strong>+1 657-571-1199<\/strong><\/a><\/li>\n\n\n\n<li>E-mail: <a href=\"mailto:hello@gigago.com\"><strong>hello@gigago.com<\/strong><\/a><\/li>\n<\/ul>\n\n\n\n<h2 class=\"wp-block-heading\">Pierwsze kroki<\/h2>\n\n\n<div id=\"rank-math-faq\" class=\"rank-math-block mb\">\n<div class=\"rank-math-list \">\n<div id=\"faq-question-1676864738572\" class=\"rank-math-list-item\">\n<h3 class=\"rank-math-question \">Co to jest eSIM?<\/h3>\n<div class=\"rank-math-answer \">\n\n<p>eSIM, czyli Embedded Subscriber Identity Module (wbudowany modu\u0142 identyfikacji abonenta), to cyfrowa karta SIM wbudowana w urz\u0105dzenie mobilne, kt\u00f3ra umo\u017cliwia po\u0142\u0105czenie z dowolnym operatorem oferuj\u0105cym us\u0142ugi eSIM. Nie mo\u017cna jej wyj\u0105\u0107 i w\u0142o\u017cy\u0107 do innego urz\u0105dzenia.<br \/>Jest fizycznie pod\u0142\u0105czona (przylutowana) do p\u0142yty g\u0142\u00f3wnej. Mo\u017cna j\u0105 aktywowa\u0107, konfiguruj\u0105c \u201eprofil eSIM\u201d, czyli nowego operatora.<br \/>Informacje na karcie eSIM mo\u017cna wielokrotnie zapisywa\u0107, dzi\u0119ki czemu mo\u017cna zmienia\u0107 sie\u0107 bez konieczno\u015bci wyjmowania karty SIM i wk\u0142adania innej.<br \/>Funkcja eSIM jest dost\u0119pna w nowszych modelach iPhone&#8217;\u00f3w, Samsung\u00f3w, a nawet niekt\u00f3rych laptop\u00f3w, takich jak Dell lub HP. List\u0119 urz\u0105dze\u0144 kompatybilnych z eSIM mo\u017cna znale\u017a\u0107 tutaj.<\/p>\n\n<\/div>\n<\/div>\n<div id=\"faq-question-1676864752968\" class=\"rank-math-list-item\">\n<h3 class=\"rank-math-question \">Czym jest Gigago eSIM?<\/h3>\n<div class=\"rank-math-answer \">\n\n<p><strong>Gigago eSIM<\/strong> to jeden z najlepszych dostawc\u00f3w eSIM dla podr\u00f3\u017cuj\u0105cych!<br \/>Gigago oferuje r\u00f3\u017cne plany taryfowe eSIM dla ponad 200 kraj\u00f3w i terytori\u00f3w.<br \/>Dzi\u0119ki przyst\u0119pnym cenom i doskona\u0142ej obs\u0142udze, eSIM Gigago z dum\u0105 zapewnia zar\u00f3wno \u0142\u0105czno\u015b\u0107, jak i swobod\u0119. Nie musisz ju\u017c zmienia\u0107 kart SIM, nosi\u0107 przy sobie wielu kart SIM ani szuka\u0107 ich, gdziekolwiek si\u0119 wybierasz!<\/p>\n\n<\/div>\n<\/div>\n<div id=\"faq-question-1676864784048\" class=\"rank-math-list-item\">\n<h3 class=\"rank-math-question \">Jakie urz\u0105dzenia obs\u0142uguj\u0105 Gigago eSIM?<\/h3>\n<div class=\"rank-math-answer \">\n\n<p>Prawie wszystkie nowe modele urz\u0105dze\u0144 z 2019 roku obs\u0142uguj\u0105 eSIM. Najbardziej aktualne informacje mo\u017cna znale\u017a\u0107 na <a href=\"https:\/\/gigago.com\/pl\/esim-compatible-list\/\">pe\u0142nej li\u015bcie urz\u0105dze\u0144 kompatybilnych z eSIM<\/a>.<\/p>\n\n<\/div>\n<\/div>\n<div id=\"faq-question-1676864874871\" class=\"rank-math-list-item\">\n<h3 class=\"rank-math-question \">Jak mog\u0119 otrzyma\u0107 kart\u0119 eSIM?<\/h3>\n<div class=\"rank-math-answer \">\n\n<p>Wystarczy wykona\u0107 kilka prostych krok\u00f3w opisanych poni\u017cej, aby uzyska\u0107 eSIM w swoim urz\u0105dzeniu i by\u0107 gotowym do podr\u00f3\u017cy:<br \/>&#8211; Krok 1: Wejd\u017a na stron\u0119 <a href=\"https:\/\/gigago.com\/pl\"><strong>Gigago.com<\/strong><\/a>.<br \/>&#8211; Krok 2: Wybierz kraj\/region, w kt\u00f3rym chcesz pozosta\u0107 w kontakcie. Wybierz plan i liczb\u0119 kart eSIM, kt\u00f3re chcesz kupi\u0107, a nast\u0119pnie kliknij <strong>DODAJ DO KOSZYKA<\/strong>.<br \/>&#8211; Krok 3: Sprawd\u017a zawarto\u015b\u0107 koszyka i kliknij <strong>DO KASY<\/strong>.<br \/>&#8211; Krok 4: Wype\u0142nij formularz, wybierz metod\u0119 p\u0142atno\u015bci i dokonaj p\u0142atno\u015bci.<br \/>&#8211; Krok 5: Sprawd\u017a swoj\u0105 skrzynk\u0119 e-mail, aby uzyska\u0107 kod QR i instrukcje instalacji.<\/p>\n\n<\/div>\n<\/div>\n<div id=\"faq-question-1676865001879\" class=\"rank-math-list-item\">\n<h3 class=\"rank-math-question \">Czy mog\u0119 u\u017cywa\u0107 kart eSIM do po\u0142\u0105cze\u0144 lub wiadomo\u015bci tekstowych (SMS)?<\/h3>\n<div class=\"rank-math-answer \">\n\n<p>Plany eSIM nie obejmuj\u0105 numeru telefonu do odbierania po\u0142\u0105cze\u0144 i wiadomo\u015bci tekstowych.<\/p>\n\n<\/div>\n<\/div>\n<div id=\"faq-question-1676865011242\" class=\"rank-math-list-item\">\n<h3 class=\"rank-math-question \">Czy musz\u0119 przedstawi\u0107 jaki\u015b dokument to\u017csamo\u015bci przy zakupie karty eSIM Gigago?<\/h3>\n<div class=\"rank-math-answer \">\n\n<p>Nie. Kart\u0119 eSIM mo\u017cna \u0142atwo kupi\u0107 bezpo\u015brednio na stronie internetowej Gigago eSIM. Wystarczy wybra\u0107 plan taryfowy eSIM i z\u0142o\u017cy\u0107 zam\u00f3wienie. Nast\u0119pnie na adres e-mail zostanie wys\u0142any kod QR.<\/p>\n\n<\/div>\n<\/div>\n<div id=\"faq-question-1676865022268\" class=\"rank-math-list-item\">\n<h3 class=\"rank-math-question \">Jak sprawdzi\u0107, czy moje urz\u0105dzenie z systemem iOS jest kompatybilne z eSIM i odblokowane przez operatora?<\/h3>\n<div class=\"rank-math-answer \">\n\n<p>&#8211; Krok 1: Przejd\u017a do <strong>Ustawienia<\/strong>u0026gt; <strong>Og\u00f3lne<\/strong>u0026gt; <strong>Informacje<\/strong>.<br \/>&#8211; Krok 2: Przewi\u0144 w d\u00f3\u0142, aby wy\u015bwietli\u0107 sekcj\u0119 \u201e<strong>Blokada operatora<\/strong>\u201d.<br \/>Powinno by\u0107 tam napisane \u201e<strong>Brak ogranicze\u0144 SIM<\/strong>\u201d, co oznacza, \u017ce urz\u0105dzenie jest odblokowane.<br \/>&#8211; Krok 3: Przewi\u0144 w d\u00f3\u0142, aby wy\u015bwietli\u0107 sekcj\u0119 \u201e<strong>CYFROWA KARTA SIM<\/strong>\u201d. Powinno tam by\u0107 napisane \u201e<strong>CYFROWA KARTA SIM IMEI<\/strong>\u201d, co oznacza, \u017ce urz\u0105dzenie jest kompatybilne z eSIM.<\/p>\n\n<\/div>\n<\/div>\n<div id=\"faq-question-1676865187586\" class=\"rank-math-list-item\">\n<h3 class=\"rank-math-question \">Jak sprawdzi\u0107, czy moje urz\u0105dzenie z systemem Android obs\u0142uguje eSIM?<\/h3>\n<div class=\"rank-math-answer \">\n\n<p>Aby sprawdzi\u0107, czy Twoje urz\u0105dzenie obs\u0142uguje eSIM, musisz znale\u017a\u0107 numer \u201eeSIM IMEI\u201d, wykonuj\u0105c poni\u017csze czynno\u015bci:<br \/>&#8211; Krok 1: Urz\u0105dzenia Samsung.<br \/>&#8211; Krok 2: Przejd\u017a do <strong>Ustawienia <\/strong>u0026gt; <strong>Informacje o telefonie<\/strong> u0026gt; <strong>Informacje o stanie<\/strong>.<br \/>&#8211; Krok 3: Naci\u015bnij <strong>Informacje o numerze IMEI<\/strong>.<br \/>Je\u015bli dost\u0119pny jest numer \u201eIMEI (eSIM)\u201d, oznacza to, \u017ce urz\u0105dzenie obs\u0142uguje kart\u0119 eSIM.<\/p>\n<p>Inne urz\u0105dzenia z systemem Android<br \/>&#8211; Wybierz numer <strong>*#06#<\/strong> i naci\u015bnij przycisk po\u0142\u0105czenia<br \/>&#8211; Je\u015bli urz\u0105dzenie obs\u0142uguje kart\u0119 eSIM, powinno by\u0107 mo\u017cliwe wy\u015bwietlenie unikalnego numeru identyfikacyjnego karty eSIM (EID) urz\u0105dzenia.<\/p>\n\n<\/div>\n<\/div>\n<\/div>\n<\/div>\n\n\n<h2 class=\"wp-block-heading\">Pytania dotycz\u0105ce zam\u00f3wie\u0144\/p\u0142atno\u015bci<\/h2>\n\n\n<div id=\"rank-math-faq\" class=\"rank-math-block mb\">\n<div class=\"rank-math-list \">\n<div id=\"faq-question-1677136085843\" class=\"rank-math-list-item\">\n<h3 class=\"rank-math-question \">Czy powinienem kupi\u0107 kart\u0119 Gigago eSIM przed podr\u00f3\u017c\u0105, czy po przybyciu do miejsca docelowego?<\/h3>\n<div class=\"rank-math-answer \">\n\n<p>Zalecamy zakup eSIM przed wyjazdem, w dogodnym dla Ciebie terminie. Dzi\u0119ki temu b\u0119dziesz mie\u0107 czas, aby zainstalowa\u0107 kart\u0119 w telefonie przed wyjazdem, aktywowa\u0107 j\u0105 po wyl\u0105dowaniu w miejscu docelowym i natychmiast po\u0142\u0105czy\u0107 si\u0119 z Internetem.<\/p>\n\n<\/div>\n<\/div>\n<div id=\"faq-question-1677137984016\" class=\"rank-math-list-item\">\n<h3 class=\"rank-math-question \">Podczas zakupu poda\u0142em nieprawid\u0142owy adres e-mail. Jak mog\u0119 zaktualizowa\u0107 sw\u00f3j adres e-mail, aby otrzyma\u0107 eSIM?<\/h3>\n<div class=\"rank-math-answer \">\n\n<p>W celu uzyskania pomocy prosimy o kontakt z zespo\u0142em pomocy technicznej Gigago eSIM pod adresem <strong>hello@gigago.com<\/strong>, podaj\u0105c numer zam\u00f3wienia.<\/p>\n\n<\/div>\n<\/div>\n<\/div>\n<\/div>\n\n\n<h2 class=\"wp-block-heading mb\">Cz\u0119sto zadawane pytania dotycz\u0105ce konfiguracji karty eSIM Gigago<\/h2>\n\n\n<div id=\"rank-math-faq\" class=\"rank-math-block mb\">\n<div class=\"rank-math-list \">\n<div id=\"faq-question-1676865370932\" class=\"rank-math-list-item\">\n<h3 class=\"rank-math-question \">Kiedy zainstalowa\u0107 kart\u0119 eSIM?<\/h3>\n<div class=\"rank-math-answer \">\n\n<p>Nale\u017cy kupi\u0107 kart\u0119 eSIM przed wyjazdem z Gigago i zainstalowa\u0107 j\u0105 na dzie\u0144 przed wyjazdem, poniewa\u017c wa\u017cno\u015b\u0107 karty eSIM rozpoczyna si\u0119 w momencie pobrania i zainstalowania karty eSIM na urz\u0105dzeniu.<\/p>\n\n<\/div>\n<\/div>\n<div id=\"faq-question-1676865384459\" class=\"rank-math-list-item\">\n<h3 class=\"rank-math-question \">Jak zainstalowa\u0107 Gigago eSIM?<\/h3>\n<div class=\"rank-math-answer \">\n\n<p>Ka\u017cde urz\u0105dzenie b\u0119dzie mia\u0142o nieco inne kroki instalacji eSIM. Mo\u017cesz sprawdzi\u0107 <a href=\"https:\/\/gigago.com\/pl\/installation-guide\/\">pe\u0142n\u0105 instalacj\u0119 dla Gigago eSIM<\/a>.<\/p>\n\n<\/div>\n<\/div>\n<div id=\"faq-question-1677137586539\" class=\"rank-math-list-item\">\n<h3 class=\"rank-math-question \">Jak ustawi\u0107 APN dla mojej karty eSIM?<\/h3>\n<div class=\"rank-math-answer \">\n\n<p>Mo\u017cesz skonfigurowa\u0107 APN, wykonuj\u0105c nast\u0119puj\u0105ce czynno\u015bci:<br \/>&#8211; W przypadku urz\u0105dze\u0144 z systemem iOS: przejd\u017a do <strong>Ustawienia <\/strong>&gt; <strong>Sie\u0107 kom\u00f3rkowa\/Dane kom\u00f3rkowe<\/strong> &gt; Twoja karta eSIM &gt;<strong> Sie\u0107 danych kom\u00f3rkowych<\/strong>, a nast\u0119pnie wprowad\u017a wszystkie APN.<br \/>&#8211; W przypadku telefon\u00f3w Samsung: przejd\u017a do <strong>Ustawienia<\/strong> &gt; <strong>Po\u0142\u0105czenia<\/strong> &gt; <strong>Sieci kom\u00f3rkowe<\/strong> &gt; <strong>Nazwa punktu dost\u0119powego<\/strong> &gt; zak\u0142adka <strong>Dodaj<\/strong> na g\u00f3rnym pasku &gt; Nazwa APN.<br \/>&#8211; W przypadku telefon\u00f3w Google Pixel: przejd\u017a do <strong>Ustawienia<\/strong> &gt; <strong>Sie\u0107 &gt; Internet<\/strong> &gt; <strong>Karty SIM<\/strong> &gt; wybierz swoj\u0105 kart\u0119 eSIM &gt; <strong>Nazwy punkt\u00f3w dost\u0119powych<\/strong> &gt; zak\u0142adka <strong>+<\/strong> na g\u00f3rnym pasku &gt; Nazwa APN.<\/p>\n\n<\/div>\n<\/div>\n<\/div>\n<\/div>\n\n\n<h2 class=\"wp-block-heading\">Rozwi\u0105zywanie problem\u00f3w zwi\u0105zanych z kart\u0105 eSIM<\/h2>\n\n\n<div id=\"rank-math-faq\" class=\"rank-math-block mb\">\n<div class=\"rank-math-list \">\n<div id=\"faq-question-1677140986271\" class=\"rank-math-list-item\">\n<h3 class=\"rank-math-question \">Co oznacza komunikat \u201eNieprawid\u0142owy kod aktywacyjny\u201d?<\/h3>\n<div class=\"rank-math-answer \">\n\n<p>Ten b\u0142\u0105d mo\u017ce pojawi\u0107 si\u0119 w niekt\u00f3rych przypadkach poni\u017cej:<br \/>&#8211; Kod QR dostarczony przez przewo\u017anika jest nieczytelny\/nieostry\/zas\u0142oni\u0119ty przez obiekt\/rozmyty\/&#8230;<br \/>&#8211; B\u0142\u0105d aparatu urz\u0105dzenia uniemo\u017cliwiaj\u0105cy zeskanowanie kodu QR.<br \/>Wykonaj nast\u0119puj\u0105ce czynno\u015bci:<br \/>&#8211; Sprawd\u017a aparat swojego urz\u0105dzenia. Je\u015bli to nie zadzia\u0142a, spr\u00f3buj zainstalowa\u0107 go r\u0119cznie.<br \/>&#8211; Je\u015bli nadal nie dzia\u0142a, skontaktuj si\u0119 z nami w celu uzyskania dalszej pomocy.<\/p>\n\n<\/div>\n<\/div>\n<div id=\"faq-question-1677141054040\" class=\"rank-math-list-item\">\n<h3 class=\"rank-math-question \">Co oznacza komunikat \u201eNie mo\u017cna doda\u0107 planu danych\u201d?<\/h3>\n<div class=\"rank-math-answer \">\n\n<p>Ten b\u0142\u0105d cz\u0119sto oznacza, \u017ce unikalny kod aktywacyjny kodu QR zosta\u0142 ju\u017c u\u017cyty. Oznacza to, \u017ce profil eSIM zosta\u0142 ju\u017c dodany przez Ciebie, inn\u0105 osob\u0119 lub obie strony. Musisz sprawdzi\u0107, czy Twoja karta eSIM zosta\u0142a ju\u017c u\u017cyta.<\/p>\n<p>Sprawd\u017a, czy karta SIM nie zosta\u0142a ju\u017c dodana:<br \/>&#8211; Na telefonie iPhone: <strong>Ustawienia<\/strong> &gt; <strong>Sie\u0107 kom\u00f3rkowa <\/strong>&gt; <strong>Plany taryfowe<\/strong>.<br \/>&#8211; Na urz\u0105dzeniu z systemem Android: <strong>Ustawienia <\/strong>&gt; <strong>Po\u0142\u0105czenia <\/strong>&gt; <strong>Mened\u017cer kart SIM<\/strong>.<\/p>\n<p>Mo\u017cesz r\u00f3wnie\u017c skontaktowa\u0107 si\u0119 z Gigago eSIM, korzystaj\u0105c z poni\u017cszych informacji, aby uzyska\u0107 dalsz\u0105 pomoc.<\/p>\n\n<\/div>\n<\/div>\n<div id=\"faq-question-1677141098046\" class=\"rank-math-list-item\">\n<h3 class=\"rank-math-question \">Co oznacza komunikat \u201eNie mo\u017cna doda\u0107 plan\u00f3w kom\u00f3rkowych od tego operatora\u201d?<\/h3>\n<div class=\"rank-math-answer \">\n\n<p>Problem ten najprawdopodobniej oznacza, \u017ce telefon jest urz\u0105dzeniem CDMA lub zosta\u0142 zablokowany przez pierwotnego operatora, u kt\u00f3rego zosta\u0142 zakupiony.<\/p>\n<p>Kupuj\u0105c urz\u0105dzenie, nale\u017cy wzi\u0105\u0107 pod uwag\u0119 typ sieci i to, czy jest ono zablokowane przez operatora. Numer IMEI urz\u0105dzenia mo\u017cna sprawdzi\u0107 na nast\u0119puj\u0105cych stronach internetowych:<br \/>imeipro.info<br \/>imeicheck.com<br \/>imei.info<\/p>\n<p>Je\u015bli chcesz sprawdzi\u0107, czy numer IMEI Twojego urz\u0105dzenia jest zablokowany, wybierz numer <strong>*#06#<\/strong>, aby uzyska\u0107 15-cyfrowy numer IMEI, a nast\u0119pnie sprawd\u017a go na powy\u017cszych stronach internetowych.<\/p>\n<p>Aby odblokowa\u0107 telefon, nale\u017cy skontaktowa\u0107 si\u0119 z operatorem. W przeciwnym razie mo\u017ce by\u0107 konieczne u\u017cycie innego urz\u0105dzenia do korzystania z eSIM, poniewa\u017c eSIM mo\u017cna aktywowa\u0107 tylko na telefonach odblokowanych przez operatora.<\/p>\n\n<\/div>\n<\/div>\n<div id=\"faq-question-1677141142782\" class=\"rank-math-list-item\">\n<h3 class=\"rank-math-question \">Co oznacza komunikat \u201eNie mo\u017cna dokona\u0107 zmiany planu taryfowego\u201d?<\/h3>\n<div class=\"rank-math-answer \">\n\n<p>Ten b\u0142\u0105d mo\u017ce pojawi\u0107 si\u0119 w niekt\u00f3rych przypadkach poni\u017cej:<br \/>&#8211; Na urz\u0105dzeniu zainstalowano zbyt wiele kart eSIM.<br \/>&#8211; Ten profil eSIM zosta\u0142 ju\u017c skonfigurowany na Twoim urz\u0105dzeniu lub zainstalowany na innym urz\u0105dzeniu.<br \/>&#8211; Instalujesz kart\u0119 eSIM przy s\u0142abym po\u0142\u0105czeniu internetowym (Wi-Fi\/inne dane kom\u00f3rkowe).<\/p>\n<p>Wypr\u00f3buj nast\u0119puj\u0105ce dzia\u0142ania:<br \/>&#8211; Sprawd\u017a maksymaln\u0105 liczb\u0119 kart eSIM. Je\u015bli wykorzysta\u0142e\u015b ca\u0142\u0105 pami\u0119\u0107 eSIM, mo\u017cesz usun\u0105\u0107 poprzednie karty eSIM. Sprawd\u017a dalsze kroki dotycz\u0105ce usuwania karty eSIM na <a href=\"https:\/\/gigago.com\/pl\/installation-guide\/iphone\/\">iPhone<\/a>, <a href=\"https:\/\/gigago.com\/pl\/installation-guide\/samsung\/\">Samsung<\/a>, <a href=\"https:\/\/gigago.com\/pl\/installation-guide\/google-pixel\/\">Google Pixel<\/a>.<br \/>&#8211; Sprawd\u017a, czy profil eSIM jest ju\u017c zainstalowany na Twoim urz\u0105dzeniu. W systemie iOS przejd\u017a do sekcji Plany kom\u00f3rkowe, aby to sprawdzi\u0107. W systemie Android przejd\u017a do sekcji Mened\u017cer kart SIM, aby to sprawdzi\u0107.<br \/>&#8211; Sprawd\u017a po\u0142\u0105czenie internetowe i spr\u00f3buj ponownie zainstalowa\u0107 kart\u0119 eSIM.<\/p>\n\n<\/div>\n<\/div>\n<\/div>\n<\/div>","protected":false},"excerpt":{"rendered":"<p>Oto kilka cz\u0119sto zadawanych pyta\u0144 dotycz\u0105cych Gigago eSIM. Aby uzyska\u0107 szczeg\u00f3\u0142owe informacje, skontaktuj si\u0119 z nami w celu uzyskania bezpo\u015bredniej pomocy: Pierwsze kroki Pytania dotycz\u0105ce zam\u00f3wie\u0144\/p\u0142atno\u015bci Cz\u0119sto zadawane pytania dotycz\u0105ce konfiguracji karty eSIM Gigago Rozwi\u0105zywanie problem\u00f3w zwi\u0105zanych z kart\u0105 eSIM<\/p>\n","protected":false},"author":14,"featured_media":0,"parent":0,"menu_order":0,"comment_status":"closed","ping_status":"closed","template":"page-left-sidebar.php","meta":{"_acf_changed":false,"inline_featured_image":false,"footnotes":""},"acf":[],"_links":{"self":[{"href":"https:\/\/gigago.com\/pl\/wp-json\/wp\/v2\/pages\/190"}],"collection":[{"href":"https:\/\/gigago.com\/pl\/wp-json\/wp\/v2\/pages"}],"about":[{"href":"https:\/\/gigago.com\/pl\/wp-json\/wp\/v2\/types\/page"}],"author":[{"embeddable":true,"href":"https:\/\/gigago.com\/pl\/wp-json\/wp\/v2\/users\/14"}],"replies":[{"embeddable":true,"href":"https:\/\/gigago.com\/pl\/wp-json\/wp\/v2\/comments?post=190"}],"version-history":[{"count":2,"href":"https:\/\/gigago.com\/pl\/wp-json\/wp\/v2\/pages\/190\/revisions"}],"predecessor-version":[{"id":193,"href":"https:\/\/gigago.com\/pl\/wp-json\/wp\/v2\/pages\/190\/revisions\/193"}],"wp:attachment":[{"href":"https:\/\/gigago.com\/pl\/wp-json\/wp\/v2\/media?parent=190"}],"curies":[{"name":"wp","href":"https:\/\/api.w.org\/{rel}","templated":true}]}}