{"id":137,"date":"2023-04-07T07:51:56","date_gmt":"2023-04-07T07:51:56","guid":{"rendered":"http:\/\/gigagocom.test\/?page_id=75"},"modified":"2025-12-18T02:02:59","modified_gmt":"2025-12-18T02:02:59","slug":"termini-di-utilizzo","status":"publish","type":"page","link":"https:\/\/gigago.com\/it\/termini-di-utilizzo\/","title":{"rendered":"Termini di servizio GIGAGO"},"content":{"rendered":"\n<p>I presenti <a href=\"https:\/\/gigago.com\/it\/termini-di-utilizzo\/\"><strong>Termini e condizioni<\/strong><\/a> stabiliscono le condizioni alle quali Gigago eSIM viene offerta ai clienti. Acquistando una Gigago eSIM per il tuo viaggio, accetti che i presenti Termini e condizioni costituiscano un contratto tra te, nostro cliente, e Gigago (di seguito denominata \u201cnoi\u201d o \u201cazienda\u201d).<\/p>\n\n\n\n<p>PRIMA DI CLICCARE SUL PULSANTE \u201cCHECK OUT\u201d O \u201cPayPal\u201d, LEGGERE ATTENTAMENTE I TERMINI E LE CONDIZIONI DI SEGUITO.<\/p>\n\n\n\n<h2 class=\"wp-block-heading\">1. Natura del servizio<\/h2>\n\n\n\n<p>Gigago fornisce profili eSIM di viaggio (la \u201ceSIM\u201d) ai viaggiatori di tutto il mondo che desiderano rimanere connessi nella destinazione.<\/p>\n\n\n\n<p>La eSIM viene fornita sotto forma di codice QR, non di scheda SIM fisica, e funziona solo su determinati dispositivi che sono stati chiaramente elencati nel nostro <a href=\"https:\/\/gigago.com\/it\/lista-dispositivi-compatibili-esim\/\"><strong>elenco dei dispositivi compatibili con la eSIM<\/strong><\/a>.<\/p>\n\n\n\n<h2 class=\"wp-block-heading\">2. Prezzi<\/h2>\n\n\n\n<p>Il prezzo della eSIM varia a seconda del Paese e del tipo di piano scelto.<\/p>\n\n\n\n<p>Il prezzo dell&#8217;eSIM \u00e8 chiaramente indicato sul sito web di Gigago, insieme a informazioni dettagliate che descrivono la corrispondente eSIM.<\/p>\n\n\n\n<p>I prezzi sono pubblicati sul nostro sito web e possono essere modificati di volta in volta senza preavviso.<\/p>\n\n\n\n<p>Non sar\u00e0 possibile utilizzare questi piani quando i dati saranno esauriti o la data di scadenza sar\u00e0 trascorsa.<\/p>\n\n\n\n<p>\u25ba Scopri tutti i tipi di eSIM che offriamo nel nostro <a href=\"https:\/\/gigago.com\/it\/acquista-esim\/\"><strong>eSIM Store<\/strong><\/a>.<\/p>\n\n\n\n<h2 class=\"wp-block-heading\">3. <a href=\"https:\/\/gigago.com\/it\/guida-acquisto-e-pagamento\/\">Pagamento<\/a><\/h2>\n\n\n\n<p>Accettiamo pagamenti tramite PayPal e non saremo responsabili per eventuali commissioni bancarie (se applicate) derivanti dal pagamento delle nostre eSIM.<\/p>\n\n\n\n<p>In caso di controversia relativa a una fattura, il cliente dovr\u00e0 inviare a GIGAGO una dichiarazione scritta entro e non oltre 7 giorni prima della data di scadenza del pagamento della fattura contestata, elencando tutte le voci contestate e fornendo una descrizione ragionevolmente dettagliata di ciascuna di esse.<\/p>\n\n\n\n<p>Gli importi non contestati o confermati da una sentenza definitiva del tribunale saranno considerati accettati e dovranno essere pagati, nonostante le controversie su altre voci, entro 7 giorni. GIGAGO cercher\u00e0 di risolvere tutte le controversie in modo rapido e in buona fede.<\/p>\n\n\n\n<h2 class=\"wp-block-heading\">5. <a href=\"https:\/\/gigago.com\/it\/politica-di-cancellazione-e-rimborso\/\">Cancellazione e rimborso<\/a><\/h2>\n\n\n\n<p>Se per qualsiasi motivo hai bisogno di cancellare il tuo ordine, puoi farlo senza penali prima di effettuare il pagamento o prima che il tuo codice QR eSIM sia stato consegnato.<\/p>\n\n\n\n<p>Dopo la consegna del codice QR eSIM, non \u00e8 possibile annullare l&#8217;ordine e il rimborso \u00e8 possibile solo se \u00e8 presente un errore nella nostra eSIM che \u00e8 stato comunicato al nostro team di assistenza ma che non pu\u00f2 essere risolto.<\/p>\n\n\n\n<p>Se non riesci a trovare l&#8217;e-mail eSIM nella tua casella di posta principale, controlla la cartella dello spam o delle promozioni, oppure contattaci per assistenza. In caso contrario, non sar\u00e0 possibile ottenere alcun rimborso.<\/p>\n\n\n\n<p>Il rimborso verr\u00e0 effettuato con lo stesso metodo di pagamento (ad es. PayPal) utilizzato per l&#8217;acquisto. Il processo di rimborso pu\u00f2 richiedere fino a 10 giorni lavorativi.<\/p>\n\n\n\n<h2 class=\"wp-block-heading\">6. Intero accordo<\/h2>\n\n\n\n<p>Il presente accordo, insieme all&#8217;Informativa sulla privacy, costituisce l&#8217;intero accordo tra l&#8217;utente e <a href=\"https:\/\/gigago.com\/it\/\"><strong>Gigago.com<\/strong><\/a> e sostituisce qualsiasi accordo, dichiarazione o rappresentazione precedente relativa a Gigago.vn. La mancata applicazione di qualsiasi disposizione del presente Accordo non sar\u00e0 interpretata come una rinuncia a tale disposizione n\u00e9 al diritto di applicarla.<\/p>\n\n\n\n<p>Nessuna rinuncia, modifica o altra variazione apportata dall&#8217;utente sar\u00e0 valida o vincolante se non effettuata per iscritto e firmata da entrambe le parti. Il presente accordo \u00e8 regolato dalle leggi del governo locale.<\/p>\n\n\n\n<h2 class=\"wp-block-heading\">7. <a href=\"https:\/\/gigago.com\/it\/contattaci\/\">Contattaci<\/a><\/h2>\n\n\n\n<p>Per qualsiasi domanda sui nostri Termini e condizioni, contattaci su <strong>WhatsApp 24 ore su 24, 7 giorni su 7<\/strong>: <a href=\"https:\/\/wa.me\/message\/ZS7PQZOCVAB4O1\" target=\"_blank\" rel=\"noopener\"><strong>+1 657-571-1199<\/strong><\/a> o via e-mail <a href=\"mailto:hello@gigago.com\"><strong>hello@gigago.com<\/strong><\/a><\/p>\n\n\n\n<p>Puoi anche contattarci per posta o di persona all&#8217;indirizzo:<\/p>\n\n\n\n<ul>\n<li><strong>Hong Kong:<\/strong> Unit 205, Unit C, 2\/F, Kwong On Bank Mongkok Branch Building, 728-730, Nathan Road, Mong Kok, Hong Kong<\/li>\n<\/ul>\n","protected":false},"excerpt":{"rendered":"<p>I presenti Termini e condizioni stabiliscono le condizioni alle quali Gigago eSIM viene offerta ai clienti. Acquistando una Gigago eSIM per il tuo viaggio, accetti che i presenti Termini e condizioni costituiscano un contratto tra te, nostro cliente, e Gigago (di seguito denominata \u201cnoi\u201d o \u201cazienda\u201d). PRIMA DI CLICCARE SUL PULSANTE \u201cCHECK OUT\u201d O \u201cPayPal\u201d, [&#8230;]\n","protected":false},"author":14,"featured_media":0,"parent":0,"menu_order":0,"comment_status":"closed","ping_status":"closed","template":"","meta":{"_acf_changed":false,"inline_featured_image":false,"footnotes":""},"acf":[],"_links":{"self":[{"href":"https:\/\/gigago.com\/it\/wp-json\/wp\/v2\/pages\/137"}],"collection":[{"href":"https:\/\/gigago.com\/it\/wp-json\/wp\/v2\/pages"}],"about":[{"href":"https:\/\/gigago.com\/it\/wp-json\/wp\/v2\/types\/page"}],"author":[{"embeddable":true,"href":"https:\/\/gigago.com\/it\/wp-json\/wp\/v2\/users\/14"}],"replies":[{"embeddable":true,"href":"https:\/\/gigago.com\/it\/wp-json\/wp\/v2\/comments?post=137"}],"version-history":[{"count":4,"href":"https:\/\/gigago.com\/it\/wp-json\/wp\/v2\/pages\/137\/revisions"}],"predecessor-version":[{"id":9876,"href":"https:\/\/gigago.com\/it\/wp-json\/wp\/v2\/pages\/137\/revisions\/9876"}],"wp:attachment":[{"href":"https:\/\/gigago.com\/it\/wp-json\/wp\/v2\/media?parent=137"}],"curies":[{"name":"wp","href":"https:\/\/api.w.org\/{rel}","templated":true}]}}