{"id":133,"date":"2023-05-12T09:28:15","date_gmt":"2023-05-12T09:28:15","guid":{"rendered":"https:\/\/gigago.com\/?page_id=42957"},"modified":"2025-12-17T01:51:56","modified_gmt":"2025-12-17T01:51:56","slug":"politica-di-consegna","status":"publish","type":"page","link":"https:\/\/gigago.com\/it\/politica-di-consegna\/","title":{"rendered":"Politica di consegna delle eSIM Gigago"},"content":{"rendered":"\n<p>Con le eSIM di GIGAGO, dopo aver completato l&#8217;ordine e aver effettuato il pagamento, invieremo la eSIM all&#8217;indirizzo e-mail registrato entro un massimo di 15 minuti.<\/p>\n\n\n\n<p>In caso di ritardi nella consegna o nella fornitura del servizio, <a href=\"https:\/\/gigago.com\/it\/\"><strong>GIGAGO<\/strong><\/a> ti informer\u00e0 tempestivamente e ti dar\u00e0 la possibilit\u00e0 di annullare il contratto, se lo desideri.<\/p>\n\n\n\n<p>Poich\u00e9 l&#8217;eSIM viene inviata via e-mail, ti preghiamo di fornire l&#8217;indirizzo e-mail corretto per assicurarti di riceverla tempestivamente. Nel caso in cui non ricevi alcuna e-mail da GIGAGO entro 5-15 minuti dal pagamento, contatta il nostro servizio di assistenza clienti via e-mail all&#8217;indirizzo <a href=\"mailto:hello@gigago.com\"><strong>hello@gigago.com<\/strong><\/a> o tramite la hotline\/WhatsApp attiva 24 ore su 24, 7 giorni su 7, al numero <a href=\"https:\/\/wa.me\/message\/YBPQPOMPIQFEA1\" target=\"_blank\" rel=\"noopener\"><strong>+12406161688<\/strong><\/a> per ricevere assistenza immediata.<\/p>\n","protected":false},"excerpt":{"rendered":"<p>Con le eSIM di GIGAGO, dopo aver completato l&#8217;ordine e aver effettuato il pagamento, invieremo la eSIM all&#8217;indirizzo e-mail registrato entro un massimo di 15 minuti. In caso di ritardi nella consegna o nella fornitura del servizio, GIGAGO ti informer\u00e0 tempestivamente e ti dar\u00e0 la possibilit\u00e0 di annullare il contratto, se lo desideri. Poich\u00e9 l&#8217;eSIM [&#8230;]\n","protected":false},"author":3,"featured_media":0,"parent":0,"menu_order":0,"comment_status":"closed","ping_status":"closed","template":"","meta":{"_acf_changed":false,"inline_featured_image":false,"footnotes":""},"acf":[],"_links":{"self":[{"href":"https:\/\/gigago.com\/it\/wp-json\/wp\/v2\/pages\/133"}],"collection":[{"href":"https:\/\/gigago.com\/it\/wp-json\/wp\/v2\/pages"}],"about":[{"href":"https:\/\/gigago.com\/it\/wp-json\/wp\/v2\/types\/page"}],"author":[{"embeddable":true,"href":"https:\/\/gigago.com\/it\/wp-json\/wp\/v2\/users\/3"}],"replies":[{"embeddable":true,"href":"https:\/\/gigago.com\/it\/wp-json\/wp\/v2\/comments?post=133"}],"version-history":[{"count":3,"href":"https:\/\/gigago.com\/it\/wp-json\/wp\/v2\/pages\/133\/revisions"}],"predecessor-version":[{"id":302,"href":"https:\/\/gigago.com\/it\/wp-json\/wp\/v2\/pages\/133\/revisions\/302"}],"wp:attachment":[{"href":"https:\/\/gigago.com\/it\/wp-json\/wp\/v2\/media?parent=133"}],"curies":[{"name":"wp","href":"https:\/\/api.w.org\/{rel}","templated":true}]}}