{"id":120,"date":"2023-06-05T03:01:52","date_gmt":"2023-06-05T03:01:52","guid":{"rendered":"https:\/\/gigago.com\/?page_id=44784"},"modified":"2025-12-16T08:35:47","modified_gmt":"2025-12-16T08:35:47","slug":"domande-frequenti","status":"publish","type":"page","link":"https:\/\/gigago.com\/it\/domande-frequenti\/","title":{"rendered":"FAQ &#8211; Domande frequenti"},"content":{"rendered":"\n<p>Ecco alcune domande frequenti su Gigago eSIM. Per informazioni dettagliate, puoi contattarci per ricevere assistenza diretta:<\/p>\n\n\n\n<ul>\n<li>WhatsApp: <a href=\"https:\/\/wa.me\/message\/ZS7PQZOCVAB4O1\" target=\"_blank\" rel=\"noopener\"><strong>+1 657-571-1199<\/strong><\/a><\/li>\n\n\n\n<li>E-mail: <a href=\"mailto:hello@gigago.com\"><strong>hello@gigago.com<\/strong><\/a><\/li>\n<\/ul>\n\n\n\n<h2 class=\"wp-block-heading\">Per iniziare<\/h2>\n\n\n<div id=\"rank-math-faq\" class=\"rank-math-block mb\">\n<div class=\"rank-math-list \">\n<div id=\"faq-question-1676864738572\" class=\"rank-math-list-item\">\n<h3 class=\"rank-math-question \">Che cos&#8217;\u00e8 una eSIM?<\/h3>\n<div class=\"rank-math-answer \">\n\n<p>eSIM, acronimo di Embedded Subscriber Identity Module, \u00e8 una scheda SIM digitale integrata in un dispositivo mobile che consente di connettersi a qualsiasi operatore che offre servizi eSIM. Non \u00e8 possibile rimuoverla e inserirla in un altro dispositivo.<br \/>\u00c8 fisicamente collegata (saldata) alla scheda madre. \u00c8 possibile attivarla configurando il \u201cprofilo eSIM\u201d, un nuovo operatore.<br \/>Le informazioni su una eSIM sono riscrivibili, quindi \u00e8 possibile cambiare rete senza dover rimuovere la SIM e inserirne un&#8217;altra.<br \/>La funzione eSIM \u00e8 disponibile sui modelli pi\u00f9 recenti di iPhone, Samsung e persino su alcuni laptop come Dell o HP. \u00c8 possibile visualizzare l&#8217;elenco dei dispositivi compatibili con eSIM qui.<\/p>\n\n<\/div>\n<\/div>\n<div id=\"faq-question-1676864752968\" class=\"rank-math-list-item\">\n<h3 class=\"rank-math-question \">Cos&#8217;\u00e8 Gigago eSIM?<\/h3>\n<div class=\"rank-math-answer \">\n\n<p><strong>Gigago eSIM<\/strong> \u00e8 uno dei migliori fornitori di eSIM da viaggio!<br \/>Gigago offre vari piani dati eSIM per oltre 200 paesi e territori.<br \/>Con prezzi accessibili e un ottimo servizio, eSIM Gigago \u00e8 orgogliosa di offrirti connettivit\u00e0 e libert\u00e0. Non dovrai pi\u00f9 cambiare scheda SIM, portare con te molte schede SIM o cercarne una ovunque tu vada!<\/p>\n\n<\/div>\n<\/div>\n<div id=\"faq-question-1676864784048\" class=\"rank-math-list-item\">\n<h3 class=\"rank-math-question \">Quali dispositivi supportano Gigago eSIM?<\/h3>\n<div class=\"rank-math-answer \">\n\n<p>Quasi tutti i modelli di dispositivi nuovi del 2019 supportano eSIM. \u00c8 possibile consultare questo <a href=\"https:\/\/gigago.com\/it\/lista-dispositivi-compatibili-esim\/\">elenco completo dei dispositivi compatibili con eSIM<\/a> per le informazioni pi\u00f9 aggiornate.<\/p>\n\n<\/div>\n<\/div>\n<div id=\"faq-question-1676864874871\" class=\"rank-math-list-item\">\n<h3 class=\"rank-math-question \">Come posso ottenere una eSIM?<\/h3>\n<div class=\"rank-math-answer \">\n\n<p>Con pochi semplici passaggi, come indicato di seguito, avrai una eSIM nel tuo dispositivo pronta per il tuo viaggio:<br \/>\u2013 Passaggio 1: vai su <a href=\"https:\/\/gigago.com\/it\/\"><strong>Gigago.com<\/strong><\/a>.<br \/>\u2013 Passaggio 2: scegli il Paese\/la regione in cui desideri rimanere connesso. Scegli il piano e il numero di eSIM che desideri acquistare, quindi fai clic su <strong>AGGIUNGI AL CARRELLO<\/strong>.<br \/>\u2013 Passaggio 3: controlla il carrello e fai clic su <strong>CONCLUDI ORDINE<\/strong>.<br \/>\u2013 Passaggio 4: compila e scegli i metodi di pagamento, quindi effettua il pagamento.<br \/>\u2013 Passaggio 5: controlla la tua e-mail per il codice QR e le guide all&#8217;installazione.<\/p>\n\n<\/div>\n<\/div>\n<div id=\"faq-question-1676865001879\" class=\"rank-math-list-item\">\n<h3 class=\"rank-math-question \">Posso utilizzare le eSIM per chiamate o messaggi di testo (SMS)?<\/h3>\n<div class=\"rank-math-answer \">\n\n<p>I piani eSIM non includono un numero di telefono per ricevere chiamate e messaggi di testo.<\/p>\n\n<\/div>\n<\/div>\n<div id=\"faq-question-1676865011242\" class=\"rank-math-list-item\">\n<h3 class=\"rank-math-question \">Devo fornire qualche documento di identit\u00e0 per acquistare una eSIM Gigago?<\/h3>\n<div class=\"rank-math-answer \">\n\n<p>No. Puoi acquistare facilmente una eSIM direttamente sul sito web Gigago eSIM. Devi solo scegliere il piano dati eSIM ed effettuare l&#8217;ordine. Riceverai quindi un codice QR via e-mail.<\/p>\n\n<\/div>\n<\/div>\n<div id=\"faq-question-1676865022268\" class=\"rank-math-list-item\">\n<h3 class=\"rank-math-question \">Come posso verificare se il mio dispositivo iOS \u00e8 compatibile con le eSIM e sbloccato dall&#8217;operatore?<\/h3>\n<div class=\"rank-math-answer \">\n\n<p>&#8211; Passaggio 1: vai su <strong>Impostazioni<\/strong> (<strong>Settings<\/strong>)&gt; <strong>Generali<\/strong> (<strong>General<\/strong>) &gt; <strong>Informazioni<\/strong> (<strong>About<\/strong>).<br \/>&#8211; Passaggio 2: scorri verso il basso per visualizzare la sezione \u201c<strong>Blocco operatore<\/strong>\u201d (<strong>Carrier lock<\/strong>).<br \/>Dovrebbe essere indicato \u201c<strong>NESSUNA restrizione SIM<\/strong>\u201d (<strong>NO SIM restrictions<\/strong>), a significare che il dispositivo \u00e8 sbloccato.<br \/>&#8211; Passaggio 3: scorri verso il basso per visualizzare la sezione \u201c<strong>SIM DIGITALE<\/strong>\u201d (<strong>DIGITAL SIM<\/strong>). Dovrebbe contenere un \u201c<strong>IMEI SIM DIGITALE<\/strong>\u201d (<strong>DIGITAL SIM\u201d IMEI<\/strong>), a significare che il dispositivo \u00e8 compatibile con eSIM.<\/p>\n\n<\/div>\n<\/div>\n<div id=\"faq-question-1676865187586\" class=\"rank-math-list-item\">\n<h3 class=\"rank-math-question \">Come verificare se il mio dispositivo Android supporta l&#8217;eSIM?<\/h3>\n<div class=\"rank-math-answer \">\n\n<p>Per verificare che il tuo dispositivo supporti l&#8217;eSIM, dovrai trovare il numero \u201ceSIM IMEI\u201d seguendo i passaggi riportati di seguito:<br \/>&#8211; Passaggio 1: dispositivi Samsung.<br \/>&#8211; Passaggio 2: vai su <strong>Impostazioni<\/strong> (<strong>Settings<\/strong>) &gt; <strong>Informazioni sul telefono<\/strong> (<strong>About phone<\/strong>) &gt; <strong>Informazioni sullo stato<\/strong> (<strong>Status information<\/strong>).<br \/>&#8211; Passaggio 3: Tocca <strong>Informazioni IMEI<\/strong> (<strong>IMEI information<\/strong>).<br \/>Se \u00e8 disponibile \u201cIMEI (eSIM)\u201d, significa che il tuo dispositivo supporta l&#8217;eSIM.<\/p>\n<p>Altri dispositivi Android<br \/>&#8211; Componi <strong>*#06#<\/strong> e premi Chiama<br \/>&#8211; Se il tuo dispositivo supporta l&#8217;eSIM, dovresti essere in grado di visualizzare il numero di identificazione univoco (EID) dell&#8217;eSIM del tuo dispositivo.<\/p>\n\n<\/div>\n<\/div>\n<\/div>\n<\/div>\n\n\n<h2 class=\"wp-block-heading\">Domande relative agli ordini\/pagamenti<\/h2>\n\n\n<div id=\"rank-math-faq\" class=\"rank-math-block mb\">\n<div class=\"rank-math-list \">\n<div id=\"faq-question-1677136085843\" class=\"rank-math-list-item\">\n<h3 class=\"rank-math-question \">Devo acquistare la mia eSIM Gigago prima di partire o dopo essere arrivato a destinazione?<\/h3>\n<div class=\"rank-math-answer \">\n\n<p>Per tua comodit\u00e0, ti consigliamo di acquistare la eSIM prima della partenza. In questo modo avrai il tempo di installarla sul tuo telefono prima della partenza, attivarla all&#8217;atterraggio a destinazione e connetterti immediatamente.<\/p>\n\n<\/div>\n<\/div>\n<div id=\"faq-question-1677137984016\" class=\"rank-math-list-item\">\n<h3 class=\"rank-math-question \">Ho inserito un indirizzo e-mail errato durante l&#8217;acquisto. Come posso aggiornare il mio indirizzo e-mail per ricevere la mia eSIM?<\/h3>\n<div class=\"rank-math-answer \">\n\n<p>Contatta il team di assistenza Gigago eSIM all&#8217;indirizzo <strong>hello@gigago.com<\/strong> indicando il numero dell&#8217;ordine per ricevere assistenza.<\/p>\n\n<\/div>\n<\/div>\n<\/div>\n<\/div>\n\n\n<h2 class=\"wp-block-heading mb\">Domande frequenti sulla configurazione della eSIM Gigago<\/h2>\n\n\n<div id=\"rank-math-faq\" class=\"rank-math-block mb\">\n<div class=\"rank-math-list \">\n<div id=\"faq-question-1676865370932\" class=\"rank-math-list-item\">\n<h3 class=\"rank-math-question \">Quando devo installare la mia eSIM?<\/h3>\n<div class=\"rank-math-answer \">\n\n<p>\u00c8 necessario acquistare la eSIM prima di partire da Gigago e installarla almeno un giorno prima della partenza, poich\u00e9 la validit\u00e0 della eSIM avr\u00e0 inizio nel momento in cui la si scarica e installa sul proprio dispositivo.<\/p>\n\n<\/div>\n<\/div>\n<div id=\"faq-question-1676865384459\" class=\"rank-math-list-item\">\n<h3 class=\"rank-math-question \">Come si installa la eSIM Gigago?<\/h3>\n<div class=\"rank-math-answer \">\n\n<p>Ogni dispositivo richiede procedure leggermente diverse per l&#8217;installazione della eSIM. \u00c8 possibile consultare la <a href=\"https:\/\/gigago.com\/it\/guida-installazione-esim\/\">procedura completa di installazione della eSIM Gigago<\/a>.<\/p>\n\n<\/div>\n<\/div>\n<div id=\"faq-question-1677137586539\" class=\"rank-math-list-item\">\n<h3 class=\"rank-math-question \">Come si imposta l&#8217;APN per la mia eSIM?<\/h3>\n<div class=\"rank-math-answer \">\n\n<p>Puoi configurare l&#8217;APN seguendo questi passaggi:<br \/>&#8211; Per i dispositivi iOS: vai su <strong>Impostazioni <\/strong>(<strong>Settings<\/strong>) &gt; <strong>Dati cellulare\/dati mobili<\/strong> (<strong>Cellular\/Mobile data<\/strong>) &gt; la tua eSIM &gt; <strong>Rete dati cellulare<\/strong> (<strong>Cellular Data Network<\/strong>), quindi inserisci tutti gli APN.<br \/>&#8211; Per i telefoni Samsung: vai su <strong>Impostazioni <\/strong>(<strong>Settings<\/strong>) &gt; <strong>Connessioni<\/strong> (<strong>Connections<\/strong>) &gt; <strong>Reti mobili<\/strong> (v) &gt; <strong>Nome punto di accesso<\/strong> (<strong>Access Point Name<\/strong>) &gt; Scheda<strong> Aggiungi<\/strong> (<strong>Add<\/strong>) sulla barra superiore &gt; Nome APN.<br \/>&#8211; Per i telefoni Google Pixel: vai su <strong>Impostazioni <\/strong>(<strong>Settings<\/strong>) &gt; <strong>Rete e Internet<\/strong> (<strong>Network &amp; internet<\/strong>) &gt; <strong>SIM<\/strong> &gt; seleziona la tua eSIM &gt; <strong>Nomi dei punti di accesso<\/strong> (<strong>Access Point Names<\/strong>) &gt; scheda <strong>+<\/strong> nella barra superiore &gt; Nome APN.<\/p>\n\n<\/div>\n<\/div>\n<\/div>\n<\/div>\n\n\n<h2 class=\"wp-block-heading\">Risoluzione dei problemi relativi alla eSIM<\/h2>\n\n\n<div id=\"rank-math-faq\" class=\"rank-math-block mb\">\n<div class=\"rank-math-list \">\n<div id=\"faq-question-1677140986271\" class=\"rank-math-list-item\">\n<h3 class=\"rank-math-question \">Cosa significa \u201cCodice di attivazione non valido\u201d?<\/h3>\n<div class=\"rank-math-answer \">\n\n<p>Questo errore pu\u00f2 verificarsi nei seguenti casi:<br \/>&#8211; Il codice QR fornito dall&#8217;operatore non \u00e8 chiaro\/tagliato\/nascosto da oggetti\/sfocato\/&#8230;<br \/>&#8211; Errore della fotocamera del dispositivo che impedisce la scansione del codice QR.<br \/>Prova le seguenti azioni:<br \/>&#8211; Controlla la fotocamera del tuo dispositivo. Se non funziona, prova a installarla manualmente.<br \/>&#8211; Se continua a non funzionare, contattaci per ulteriore assistenza.<\/p>\n\n<\/div>\n<\/div>\n<div id=\"faq-question-1677141054040\" class=\"rank-math-list-item\">\n<h3 class=\"rank-math-question \">Cosa significa \u201cImpossibile aggiungere il piano dati\u201d?<\/h3>\n<div class=\"rank-math-answer \">\n\n<p>Questo errore indica spesso che il codice di attivazione univoco del codice QR \u00e8 gi\u00e0 stato utilizzato. Ci\u00f2 indica che il profilo eSIM \u00e8 gi\u00e0 stato aggiunto da te, da un&#8217;altra persona o da entrambi. \u00c8 necessario verificare se la tua eSIM \u00e8 stata utilizzata o meno.<br \/>Verifica che la SIM non sia gi\u00e0 stata aggiunta:<br \/>&#8211; Sul tuo iPhone: <strong>Impostazioni<\/strong> &gt; <strong>Cellulare <\/strong>&gt; <strong>Piani cellulari<\/strong>.<br \/>&#8211; Sul tuo dispositivo Android: <strong>Impostazioni <\/strong>&gt; <strong>Connessioni <\/strong>&gt; <strong>Gestione scheda SIM<\/strong>.<\/p>\n<p>Puoi anche contattare Gigago eSIM tramite le informazioni riportate di seguito per ulteriore assistenza.<\/p>\n\n<\/div>\n<\/div>\n<div id=\"faq-question-1677141098046\" class=\"rank-math-list-item\">\n<h3 class=\"rank-math-question \">Cosa significa \u201cI piani cellulari di questo operatore non possono essere aggiunti\u201d?<\/h3>\n<div class=\"rank-math-answer \">\n\n<p>Questo problema indica molto probabilmente che il tuo telefono \u00e8 un dispositivo CDMA o \u00e8 stato bloccato dall&#8217;operatore originale di acquisto.<br \/>Quando acquisti un dispositivo, dovresti considerare il tipo di rete e se \u00e8 bloccato dall&#8217;operatore. L&#8217;IMEI del tuo dispositivo pu\u00f2 essere verificato nel seguente sito web:<br \/>imeipro.info<br \/>imeicheck.com<br \/>imei.info<\/p>\n<p>Se desideri sapere se l&#8217;IMEI del tuo dispositivo \u00e8 bloccato, componi il numero <strong>*#06#<\/strong> per ottenere il numero IMEI a 15 cifre e controlla sui siti web sopra indicati.<br \/>Devi contattare il tuo operatore per sbloccare il telefono. In caso contrario, potrebbe essere necessario un altro dispositivo per utilizzare l&#8217;eSIM, poich\u00e9 l&#8217;eSIM pu\u00f2 essere attivata solo su telefoni sbloccati dall&#8217;operatore.<\/p>\n\n<\/div>\n<\/div>\n<div id=\"faq-question-1677141142782\" class=\"rank-math-list-item\">\n<h3 class=\"rank-math-question \">Cosa significa \u201cImpossibile completare la modifica del piano cellulare\u201d?<\/h3>\n<div class=\"rank-math-answer \">\n\n<p>Questo errore pu\u00f2 verificarsi nei seguenti casi:<br \/>&#8211; Sul dispositivo sono installate troppe eSIM.<br \/>&#8211; Questo profilo eSIM \u00e8 gi\u00e0 stato configurato sul tuo dispositivo o installato su un altro dispositivo.<br \/>&#8211; Hai installato l&#8217;eSIM con una connessione Internet scadente (Wi-Fi\/altri dati cellulari).<\/p>\n<p>Prova le seguenti azioni:<br \/>&#8211; Controlla il numero massimo di eSIM. Se hai utilizzato tutta la memoria eSIM, puoi rimuovere le eSIM precedenti. Consulta ulteriori passaggi su come rimuovere una eSIM su <a href=\"https:\/\/gigago.com\/it\/guida-installazione-esim\/iphone\/\">iPhone<\/a>, <a href=\"https:\/\/gigago.com\/it\/guida-installazione-esim\/samsung\/\">Samsung<\/a>, <a href=\"https:\/\/gigago.com\/it\/guida-installazione-esim\/google-pixel\/\">Google Pixel<\/a>.<br \/>&#8211; Verifica se il tuo profilo eSIM \u00e8 gi\u00e0 presente sul tuo dispositivo. Su iOS, vai su Piani cellulari per verificare. Su Android, vai su Gestione scheda SIM per verificare.<br \/>&#8211; Controlla la tua connessione Internet e prova a installare nuovamente la eSIM.<\/p>\n\n<\/div>\n<\/div>\n<\/div>\n<\/div>","protected":false},"excerpt":{"rendered":"<p>Ecco alcune domande frequenti su Gigago eSIM. Per informazioni dettagliate, puoi contattarci per ricevere assistenza diretta: Per iniziare Domande relative agli ordini\/pagamenti Domande frequenti sulla configurazione della eSIM Gigago Risoluzione dei problemi relativi alla eSIM<\/p>\n","protected":false},"author":14,"featured_media":0,"parent":0,"menu_order":0,"comment_status":"closed","ping_status":"closed","template":"page-left-sidebar.php","meta":{"_acf_changed":false,"inline_featured_image":false,"footnotes":""},"acf":[],"_links":{"self":[{"href":"https:\/\/gigago.com\/it\/wp-json\/wp\/v2\/pages\/120"}],"collection":[{"href":"https:\/\/gigago.com\/it\/wp-json\/wp\/v2\/pages"}],"about":[{"href":"https:\/\/gigago.com\/it\/wp-json\/wp\/v2\/types\/page"}],"author":[{"embeddable":true,"href":"https:\/\/gigago.com\/it\/wp-json\/wp\/v2\/users\/14"}],"replies":[{"embeddable":true,"href":"https:\/\/gigago.com\/it\/wp-json\/wp\/v2\/comments?post=120"}],"version-history":[{"count":3,"href":"https:\/\/gigago.com\/it\/wp-json\/wp\/v2\/pages\/120\/revisions"}],"predecessor-version":[{"id":257,"href":"https:\/\/gigago.com\/it\/wp-json\/wp\/v2\/pages\/120\/revisions\/257"}],"wp:attachment":[{"href":"https:\/\/gigago.com\/it\/wp-json\/wp\/v2\/media?parent=120"}],"curies":[{"name":"wp","href":"https:\/\/api.w.org\/{rel}","templated":true}]}}