{"id":113953,"date":"2023-05-12T09:24:42","date_gmt":"2023-05-12T09:24:42","guid":{"rendered":"https:\/\/gigago.com\/?page_id=43081"},"modified":"2025-07-09T03:55:57","modified_gmt":"2025-07-09T03:55:57","slug":"guide-paiement","status":"publish","type":"page","link":"https:\/\/gigago.com\/fr\/guide-paiement\/","title":{"rendered":"Guide d&#8217;achat et de Paiement de Gigago eSIM"},"content":{"rendered":"\n<h2 class=\"wp-block-heading\">1. Comment acheter une Gigago eSIM<\/h2>\n\n\n\n<p>Vous pouvez acheter la eSIM au bureau de GIGAGO situ\u00e9 \u00e0 l&#8217;\u00e9tage 23, b\u00e2timent TASCO, Pham Hung, Nam Tu Liem, Hano\u00ef, Vietnam.<\/p>\n\n\n\n<p>Pour plus de commodit\u00e9, vous pouvez \u00e9galement acheter la carte eSIM directement en ligne sur GIGAGO.COM en suivant les 03 \u00e9tapes ci-dessous:<\/p>\n\n\n\n<p>\u25ba <strong>\u00c9tape 1:<\/strong> Visitez <a href=\"https:\/\/gigago.com\/fr\/\" data-type=\"page\" data-id=\"113445\"><strong>https:\/\/gigago.com\/<\/strong><\/a> et s\u00e9lectionnez le pays o\u00f9 vous souhaitez acheter l&#8217;eSIM.<\/p>\n\n\n\n<p>\u25ba <strong>\u00c9tape 2: <\/strong>Choisissez le type d&#8217;eSIM appropri\u00e9 et cliquez sur \u00ab <strong>Ajouter au panier<\/strong> \u00bb.<\/p>\n\n\n\n<p>\u25ba <strong>\u00c9tape 3: <\/strong>Effectuez le paiement et recevez le code QR de l&#8217;eSIM par e-mail, ainsi que des instructions d&#8217;installation d\u00e9taill\u00e9es.<\/p>\n\n\n\n<h2 class=\"wp-block-heading\">2. Guide de paiement<\/h2>\n\n\n\n<p>Vous pouvez effectuer le paiement directement au bureau de GIGAGO ou en ligne sur le compte bancaire suivant:<\/p>\n\n\n\n<ul>\n<li>Num\u00e9ro de compte: 2225195476<\/li>\n\n\n\n<li>Titulaire du compte: CONG TY CO PHAN CONG NGHE DU LICH GIGAGO<\/li>\n\n\n\n<li>Banque: Bank for Investment and Development of Vietnam (BIDV) \u2013 Thanh Xuan Branch.<\/li>\n<\/ul>\n\n\n\n<p>Si vous avez des questions concernant le processus d&#8217;<a href=\"https:\/\/gigago.com\/fr\/boutique\/\" data-type=\"page\" data-id=\"113901\"><strong>achat d&#8217;une eSIM<\/strong><\/a> ou le paiement, veuillez nous contacter sur notre Hotline\/WhatsApps 24\/7 : <a href=\"https:\/\/wa.me\/message\/ZS7PQZOCVAB4O1\" target=\"_blank\" rel=\"noopener\"><strong>+1 657-571-1199<\/strong><\/a> ou envoyez un courriel \u00e0 <a href=\"mailto:hello@gigago.com\"><strong>hello@gigago.com<\/strong><\/a> pour obtenir une assistance directe.<\/p>\n","protected":false},"excerpt":{"rendered":"<p>1. Comment acheter une Gigago eSIM Vous pouvez acheter la eSIM au bureau de GIGAGO situ\u00e9 \u00e0 l&#8217;\u00e9tage 23, b\u00e2timent TASCO, Pham Hung, Nam Tu Liem, Hano\u00ef, Vietnam. Pour plus de commodit\u00e9, vous pouvez \u00e9galement acheter la carte eSIM directement en ligne sur GIGAGO.COM en suivant les 03 \u00e9tapes ci-dessous: \u25ba \u00c9tape 1: Visitez https:\/\/gigago.com\/ [&#8230;]\n","protected":false},"author":3,"featured_media":0,"parent":0,"menu_order":0,"comment_status":"closed","ping_status":"closed","template":"","meta":{"_acf_changed":false,"inline_featured_image":false,"footnotes":""},"acf":[],"jetpack_sharing_enabled":true,"_links":{"self":[{"href":"https:\/\/gigago.com\/fr\/wp-json\/wp\/v2\/pages\/113953"}],"collection":[{"href":"https:\/\/gigago.com\/fr\/wp-json\/wp\/v2\/pages"}],"about":[{"href":"https:\/\/gigago.com\/fr\/wp-json\/wp\/v2\/types\/page"}],"author":[{"embeddable":true,"href":"https:\/\/gigago.com\/fr\/wp-json\/wp\/v2\/users\/3"}],"replies":[{"embeddable":true,"href":"https:\/\/gigago.com\/fr\/wp-json\/wp\/v2\/comments?post=113953"}],"version-history":[{"count":4,"href":"https:\/\/gigago.com\/fr\/wp-json\/wp\/v2\/pages\/113953\/revisions"}],"predecessor-version":[{"id":122333,"href":"https:\/\/gigago.com\/fr\/wp-json\/wp\/v2\/pages\/113953\/revisions\/122333"}],"wp:attachment":[{"href":"https:\/\/gigago.com\/fr\/wp-json\/wp\/v2\/media?parent=113953"}],"curies":[{"name":"wp","href":"https:\/\/api.w.org\/{rel}","templated":true}]}}