{"id":113947,"date":"2023-05-12T09:28:15","date_gmt":"2023-05-12T09:28:15","guid":{"rendered":"https:\/\/gigago.com\/?page_id=42957"},"modified":"2025-05-14T05:28:25","modified_gmt":"2025-05-14T05:28:25","slug":"politique-livraison","status":"publish","type":"page","link":"https:\/\/gigago.com\/fr\/politique-livraison\/","title":{"rendered":"Politique de livraison de Gigago eSIM"},"content":{"rendered":"\n<p>Avec GIGAGO eSIM, apr\u00e8s avoir termin\u00e9 votre commande avec nous et transf\u00e9r\u00e9 avec succ\u00e8s votre paiement, nous enverrons la eSIM \u00e0 votre e-mail enregistr\u00e9 dans un d\u00e9lai maximum de 15 minutes.<\/p>\n\n\n\n<p>En cas de retard dans la livraison ou la fourniture du service, <a href=\"https:\/\/gigago.com\/fr\/\" data-type=\"page\" data-id=\"113445\"><strong>GIGAGO<\/strong><\/a> vous informera rapidement et vous donnera la possibilit\u00e9 d&#8217;annuler le contrat si vous le souhaitez.<\/p>\n\n\n\n<p>L&#8217;eSIM \u00e9tant envoy\u00e9e par e-mail, veuillez fournir l&#8217;adresse e-mail correcte pour vous assurer de la recevoir en temps voulu. Si vous ne recevez pas d&#8217;e-mail de GIGAGO dans les 5 \u00e0 15 minutes suivant votre paiement, veuillez contacter notre service client\u00e8le par e-mail <a href=\"mailto:hello@gigago.com\"><strong>hello@gigago.com<\/strong><\/a> ou par Hotline\/WhatsApps 24\/7: <a href=\"https:\/\/wa.me\/message\/YBPQPOMPIQFEA1\" target=\"_blank\" rel=\"noopener\"><strong>+12406161688<\/strong><\/a> pour une assistance rapide.<\/p>\n","protected":false},"excerpt":{"rendered":"<p>Avec GIGAGO eSIM, apr\u00e8s avoir termin\u00e9 votre commande avec nous et transf\u00e9r\u00e9 avec succ\u00e8s votre paiement, nous enverrons la eSIM \u00e0 votre e-mail enregistr\u00e9 dans un d\u00e9lai maximum de 15 minutes. En cas de retard dans la livraison ou la fourniture du service, GIGAGO vous informera rapidement et vous donnera la possibilit\u00e9 d&#8217;annuler le contrat [&#8230;]\n","protected":false},"author":3,"featured_media":0,"parent":0,"menu_order":0,"comment_status":"closed","ping_status":"closed","template":"","meta":{"_acf_changed":false,"inline_featured_image":false,"footnotes":""},"acf":[],"jetpack_sharing_enabled":true,"_links":{"self":[{"href":"https:\/\/gigago.com\/fr\/wp-json\/wp\/v2\/pages\/113947"}],"collection":[{"href":"https:\/\/gigago.com\/fr\/wp-json\/wp\/v2\/pages"}],"about":[{"href":"https:\/\/gigago.com\/fr\/wp-json\/wp\/v2\/types\/page"}],"author":[{"embeddable":true,"href":"https:\/\/gigago.com\/fr\/wp-json\/wp\/v2\/users\/3"}],"replies":[{"embeddable":true,"href":"https:\/\/gigago.com\/fr\/wp-json\/wp\/v2\/comments?post=113947"}],"version-history":[{"count":1,"href":"https:\/\/gigago.com\/fr\/wp-json\/wp\/v2\/pages\/113947\/revisions"}],"predecessor-version":[{"id":113950,"href":"https:\/\/gigago.com\/fr\/wp-json\/wp\/v2\/pages\/113947\/revisions\/113950"}],"wp:attachment":[{"href":"https:\/\/gigago.com\/fr\/wp-json\/wp\/v2\/media?parent=113947"}],"curies":[{"name":"wp","href":"https:\/\/api.w.org\/{rel}","templated":true}]}}