{"id":113940,"date":"2023-04-07T07:51:56","date_gmt":"2023-04-07T07:51:56","guid":{"rendered":"http:\/\/gigagocom.test\/?page_id=75"},"modified":"2025-05-14T04:49:37","modified_gmt":"2025-05-14T04:49:37","slug":"conditions-utilisation","status":"publish","type":"page","link":"https:\/\/gigago.com\/fr\/conditions-utilisation\/","title":{"rendered":"Conditions d&#8217;utilisation de GIGAGO"},"content":{"rendered":"\n<p>Les pr\u00e9sentes Conditions G\u00e9n\u00e9rales d\u00e9finissent les conditions dans lesquelles Gigago eSIM est propos\u00e9 aux clients. En achetant une Gigago eSIM pour votre voyage, vous acceptez que ces Conditions g\u00e9n\u00e9rales forment un contrat entre vous &#8211; notre client et Gigago (ci-apr\u00e8s d\u00e9nomm\u00e9 \u00ab Nous \u00bb, \u00ab notre \u00bb, ou \u00ab Soci\u00e9t\u00e9 \u00bb).<\/p>\n\n\n\n<p>AVANT DE CLIQUER SUR LE BOUTON \u00ab CHECK OUT \u00bb ou \u00ab PayPal \u00bb, VEUILLEZ LIRE ATTENTIVEMENT LES TERMES ET CONDITIONS CI-DESSOUS.<\/p>\n\n\n\n<h2 class=\"wp-block-heading\">1. Nature du service<\/h2>\n\n\n\n<p>Gigago fournit des profils eSIM de voyage (la \u00ab eSIM \u00bb) aux voyageurs du monde entier qui souhaitent rester connect\u00e9s sur leur lieu de destination.<\/p>\n\n\n\n<p>L&#8217;eSIM est fournie sous la forme d&#8217;un QR Code, et non d&#8217;une carte SIM physique, et elle ne fonctionne que sur certains appareils qui ont \u00e9t\u00e9 clairement r\u00e9pertori\u00e9s dans notre <a href=\"https:\/\/gigago.com\/fr\/liste-compatible-esim\/\" data-type=\"page\" data-id=\"113441\"><strong>liste compatible avec l&#8217;eSIM<\/strong><\/a>.<\/p>\n\n\n\n<h2 class=\"wp-block-heading\">2. Prix<\/h2>\n\n\n\n<p>Le prix de l&#8217;eSIM varie en fonction du pays et du type de plan que vous choisissez.<\/p>\n\n\n\n<p>Le prix de la eSIM est clairement annonc\u00e9 sur le site web de Gigago, avec des informations d\u00e9taill\u00e9es d\u00e9crivant la eSIM correspondante.<\/p>\n\n\n\n<p>Les prix sont affich\u00e9s sur notre site web et peuvent \u00eatre modifi\u00e9s de temps \u00e0 autre sans pr\u00e9avis.<\/p>\n\n\n\n<p>Vous ne pourrez plus utiliser ces forfaits lorsque leurs donn\u00e9es seront \u00e9puis\u00e9es ou que leur date d&#8217;expiration sera arriv\u00e9e.<\/p>\n\n\n\n<p>\u25ba Consultez l&#8217;ensemble des eSIM que nous proposons dans notre <a href=\"https:\/\/gigago.com\/fr\/boutique\/\" data-type=\"page\" data-id=\"113901\"><strong>eSIM Store<\/strong><\/a>.<\/p>\n\n\n\n<h2 class=\"wp-block-heading\">3. <a href=\"https:\/\/gigago.com\/fr\/guide-paiement\/\" data-type=\"page\" data-id=\"113953\">Paiement<\/a><\/h2>\n\n\n\n<p>Nous acceptons les paiements par PayPal, et nous ne serons pas responsables des frais bancaires (s&#8217;ils sont appliqu\u00e9s) d\u00e9coulant de votre paiement pour nos eSIM.<\/p>\n\n\n\n<p>En cas de litige sur une facture, le client doit fournir une d\u00e9claration \u00e9crite \u00e0 GIGAGO au plus tard 7 jours avant la date \u00e0 laquelle le paiement est d\u00fb sur la facture contest\u00e9e, \u00e9num\u00e9rant tous les \u00e9l\u00e9ments contest\u00e9s et fournissant une description raisonnablement d\u00e9taill\u00e9e de chaque \u00e9l\u00e9ment contest\u00e9.<\/p>\n\n\n\n<p>Les montants qui ne sont pas contest\u00e9s ou qui ont \u00e9t\u00e9 confirm\u00e9s par une d\u00e9cision judiciaire d\u00e9finitive sont r\u00e9put\u00e9s accept\u00e9s et doivent \u00eatre pay\u00e9s, nonobstant les contestations portant sur d&#8217;autres \u00e9l\u00e9ments, dans un d\u00e9lai de 7 jours. GIGAGO s&#8217;efforce de r\u00e9soudre tous ces litiges rapidement et de bonne foi.<\/p>\n\n\n\n<h2 class=\"wp-block-heading\">5. <a href=\"https:\/\/gigago.com\/fr\/politique-annulation-remboursement\/\" data-type=\"page\" data-id=\"113944\">Annulation et remboursement<\/a><\/h2>\n\n\n\n<p>Si, pour quelque raison que ce soit, vous devez annuler votre commande, vous pouvez le faire sans p\u00e9nalit\u00e9 avant d&#8217;avoir effectu\u00e9 le paiement ou que votre code QR eSIM ait \u00e9t\u00e9 livr\u00e9.<\/p>\n\n\n\n<p>Apr\u00e8s la livraison de votre code QR eSIM, vous ne pouvez pas annuler votre commande et ne pouvez \u00eatre rembours\u00e9 qu&#8217;en cas d&#8217;erreur dans notre eSIM qui a \u00e9t\u00e9 communiqu\u00e9e \u00e0 notre \u00e9quipe d&#8217;assistance, mais qui ne peut pas \u00eatre corrig\u00e9e par cette derni\u00e8re.<\/p>\n\n\n\n<p>Si vous ne trouvez pas l&#8217;e-mail eSIM dans votre bo\u00eete de r\u00e9ception principale, veuillez v\u00e9rifier votre bo\u00eete de spam ou de promotion, ou contactez-nous pour obtenir de l&#8217;aide. Si vous ne le faites pas, vous ne serez pas rembours\u00e9.<\/p>\n\n\n\n<p>Le remboursement sera effectu\u00e9 de la m\u00eame mani\u00e8re que la m\u00e9thode de paiement (par exemple, PayPal) utilis\u00e9e pour effectuer l&#8217;achat. La proc\u00e9dure de remboursement peut prendre jusqu&#8217;\u00e0 10 jours ouvrables.<\/p>\n\n\n\n<h2 class=\"wp-block-heading\">6. Int\u00e9gralit\u00e9 de l&#8217;accord<\/h2>\n\n\n\n<p>Cet accord ainsi que la D\u00e9claration de Confidentialit\u00e9 constituent l&#8217;int\u00e9gralit\u00e9 de l&#8217;accord entre vous et <strong><a href=\"https:\/\/gigago.com\/fr\/\" data-type=\"page\" data-id=\"113445\">Gigago.com<\/a><\/strong> et remplacent tous les accords, d\u00e9clarations ou repr\u00e9sentations ant\u00e9rieurs concernant Gigago.vn. La non-application d&#8217;une disposition de cet accord ne doit pas \u00eatre interpr\u00e9t\u00e9e comme une renonciation \u00e0 cette disposition ou au droit d&#8217;appliquer cette disposition.<\/p>\n\n\n\n<p>Aucune renonciation, amendement ou autre modification faite par vous ne sera valide ou contraignante \u00e0 moins qu&#8217;elle ne soit faite par \u00e9crit et sign\u00e9e par les deux parties. Le pr\u00e9sent accord est r\u00e9gi par les lois du gouvernement local.<\/p>\n\n\n\n<h2 class=\"wp-block-heading\">7. <a href=\"https:\/\/gigago.com\/fr\/nous-contacter\/\" data-type=\"page\" data-id=\"113881\">Nous contacter<\/a><\/h2>\n\n\n\n<p>Si vous avez des questions sur nos conditions g\u00e9n\u00e9rales, veuillez nous contacter \u00e0 <strong>WhatsApp 24\/7<\/strong>: <a href=\"https:\/\/wa.me\/message\/ZS7PQZOCVAB4O1\" target=\"_blank\" rel=\"noopener\"><strong>+1 657-571-1199<\/strong><\/a> ou par e-mail <a href=\"mailto:hello@gigago.com\"><strong>hello@gigago.com<\/strong><\/a><br>Vous pouvez \u00e9galement nous contacter par courrier ou en personne \u00e0 l&#8217;adresse suivante<\/p>\n\n\n\n<ul>\n<li><strong>Hong Kong :<\/strong> Unit\u00e9 205, Unit\u00e9 C, 2\/F, B\u00e2timent de la succursale de Kwong On Bank Mongkok, 728-730, Rue Nathan, Mong Kok, Hong Kong.<\/li>\n<\/ul>\n","protected":false},"excerpt":{"rendered":"<p>Les pr\u00e9sentes Conditions G\u00e9n\u00e9rales d\u00e9finissent les conditions dans lesquelles Gigago eSIM est propos\u00e9 aux clients. En achetant une Gigago eSIM pour votre voyage, vous acceptez que ces Conditions g\u00e9n\u00e9rales forment un contrat entre vous &#8211; notre client et Gigago (ci-apr\u00e8s d\u00e9nomm\u00e9 \u00ab Nous \u00bb, \u00ab notre \u00bb, ou \u00ab Soci\u00e9t\u00e9 \u00bb). AVANT DE CLIQUER SUR [&#8230;]\n","protected":false},"author":14,"featured_media":0,"parent":0,"menu_order":0,"comment_status":"closed","ping_status":"closed","template":"","meta":{"_acf_changed":false,"inline_featured_image":false,"footnotes":""},"acf":[],"jetpack_sharing_enabled":true,"_links":{"self":[{"href":"https:\/\/gigago.com\/fr\/wp-json\/wp\/v2\/pages\/113940"}],"collection":[{"href":"https:\/\/gigago.com\/fr\/wp-json\/wp\/v2\/pages"}],"about":[{"href":"https:\/\/gigago.com\/fr\/wp-json\/wp\/v2\/types\/page"}],"author":[{"embeddable":true,"href":"https:\/\/gigago.com\/fr\/wp-json\/wp\/v2\/users\/14"}],"replies":[{"embeddable":true,"href":"https:\/\/gigago.com\/fr\/wp-json\/wp\/v2\/comments?post=113940"}],"version-history":[{"count":3,"href":"https:\/\/gigago.com\/fr\/wp-json\/wp\/v2\/pages\/113940\/revisions"}],"predecessor-version":[{"id":119083,"href":"https:\/\/gigago.com\/fr\/wp-json\/wp\/v2\/pages\/113940\/revisions\/119083"}],"wp:attachment":[{"href":"https:\/\/gigago.com\/fr\/wp-json\/wp\/v2\/media?parent=113940"}],"curies":[{"name":"wp","href":"https:\/\/api.w.org\/{rel}","templated":true}]}}