{"id":724,"date":"2023-04-04T08:52:01","date_gmt":"2023-04-04T08:52:01","guid":{"rendered":"http:\/\/gigagocom.test\/?page_id=3"},"modified":"2025-11-12T11:43:47","modified_gmt":"2025-11-12T11:43:47","slug":"politica-de-privacidad","status":"publish","type":"page","link":"https:\/\/gigago.com\/es\/politica-de-privacidad\/","title":{"rendered":"Pol\u00edtica de privacidad"},"content":{"rendered":"\n<p><strong>Cuidamos nuestra privacidad<\/strong><\/p>\n\n\n\n<p>By developing this Policy, from <strong>Gigago.com<\/strong>, we are committed to protecting and preserving the privacy of our users and clients, ensuring the confidentiality of the information they provide. Al contratar el plan eSIM con Gigago, acepta las siguientes condiciones de nuestra declaraci\u00f3n de privacidad.<\/p>\n\n\n\n<h2 class=\"wp-block-heading\">1. Finalidad de la recogida de informaci\u00f3n<\/h2>\n\n\n\n<p>Utilizamos la informaci\u00f3n recopilada para diversos fines empresariales, como:<\/p>\n\n\n\n<ul>\n<li>Realizaci\u00f3n de transacciones y facturaci\u00f3n de nuestros productos;<\/li>\n\n\n\n<li>Responder a sus solicitudes de servicios o asistencia;<\/li>\n\n\n\n<li>Anticipar y resolver los problemas reales y potenciales de nuestros productos;<\/li>\n\n\n\n<li>Crear y mejorar productos;<\/li>\n\n\n\n<li>Recomendar productos o servicios adicionales;<\/li>\n\n\n\n<li>Tomar decisiones empresariales internas sobre las prestaciones actuales y futuras;<\/li>\n\n\n\n<li>Ofrecer servicios y experiencias personalizados;<\/li>\n\n\n\n<li>Proteger nuestros derechos y propiedades; y<\/li>\n\n\n\n<li>Ponernos en contacto con usted para informarle sobre otros servicios prestados por Gigago.<\/li>\n<\/ul>\n\n\n\n<p>Toda la informaci\u00f3n que proporcione est\u00e1 totalmente segura y protegida contra usos no autorizados. Sus datos personales nunca ser\u00e1n revelados a terceros a menos que usted nos autorice a hacerlo.<\/p>\n\n\n\n<h2 class=\"wp-block-heading\"><strong>2. Informac<\/strong>i<strong>\u00f3n recogida<\/strong><\/h2>\n\n\n\n<p>Tomamos medidas para garantizar que la informaci\u00f3n que nos facilita se registra de forma precisa y completa. Le ayudamos a corregir y modificar la informaci\u00f3n que nos facilite cuando proceda.<\/p>\n\n\n\n<p><strong>a. Personal Information<\/strong><strong>Collected on this Websitefrom\/about Clients<\/strong><\/p>\n\n\n\n<p>Recopilamos sus siguientes datos personales cuando compra el esim en Gigago.com:<\/p>\n\n\n\n<ul>\n<li>Tu nombre:<\/li>\n\n\n\n<li>Tu direcci\u00f3n de correo electr\u00f3nico:<\/li>\n\n\n\n<li>Su n\u00famero de tel\u00e9fono:<\/li>\n\n\n\n<li>Tu direcci\u00f3n:<\/li>\n<\/ul>\n\n\n\n<p><strong>b. Datos no personales recogidos en este sitio web<\/strong><\/p>\n\n\n\n<p>Recopilamos y almacenamos en los registros de nuestro servidor informaci\u00f3n que no permite la identificaci\u00f3n personal, incluidos, entre otros, el tipo de navegador, la direcci\u00f3n IP, el sistema operativo, la fecha y hora de las visitas, las p\u00e1ginas visitadas en el sitio, el tiempo dedicado a la visualizaci\u00f3n del sitio y las visitas de retorno al sitio.<\/p>\n\n\n\n<p>Tambi\u00e9n utilizamos Google Analytics, un servicio que registra datos de identificaci\u00f3n no personal como el tipo de navegador, el sistema operativo, la fecha y hora de la visita, la procedencia de los visitantes, las p\u00e1ginas visitadas en este sitio web, el tiempo de visualizaci\u00f3n del sitio, el lugar al que se dirigieron los visitantes cuando abandonaron el sitio y las visitas de regreso al sitio.<\/p>\n\n\n\n<p>Agregamos estos datos no identificables personalmente para comprender mejor c\u00f3mo los visitantes utilizan nuestro sitio, y para ayudar a gestionar, mantener e informar sobre el uso de nuestro sitio web.<\/p>\n\n\n\n<p>Podemos compartir estos datos de identificaci\u00f3n no personal con terceros con el prop\u00f3sito limitado de informar sobre el uso de nuestro sitio web, o para cumplir con la legislaci\u00f3n aplicable.<\/p>\n\n\n\n<p>No alquilamos, vendemos ni compartimos ning\u00fan dato de identificaci\u00f3n no personal recopilado en este sitio web con terceros, incluido Google, con fines de marketing, incluido el remarketing.<\/p>\n\n\n\n<p><strong>c. Operaciones financieras<\/strong><\/p>\n\n\n\n<p>Las transacciones con tarjeta de cr\u00e9dito se procesan a trav\u00e9s de una de las principales empresas de procesamiento de tarjetas de cr\u00e9dito. Toda su informaci\u00f3n est\u00e1 encriptada y s\u00f3lo se utiliza para completar las transacciones correspondientes. Nuestra base de datos s\u00f3lo almacena los cuatro \u00faltimos d\u00edgitos de su tarjeta de cr\u00e9dito para completar el proceso de verificaci\u00f3n y aprobaci\u00f3n.<\/p>\n\n\n\n<p><strong>d. Cookies<\/strong><\/p>\n\n\n\n<p>Gigago.com utiliza cookies para reconocer a nuestros clientes cuando visitan nuestro sitio web. Eso nos permite personalizar su experiencia en nuestro sitio web. Es posible que necesite galletas \u201cactivado&#8221; o habilitado en el navegador que utiliza para registrarse. Pero si decide desactivar las cookies, podr\u00e1 seguir navegando por el sitio. Las cookies no almacenan ninguna informaci\u00f3n personal. Toda la informaci\u00f3n es totalmente confidencial y nunca se vende ni se ve fuera de la empresa.<\/p>\n\n\n\n<p><strong>e. Informaci\u00f3n del sistema<\/strong><\/p>\n\n\n\n<p>Gigago.com se reserva el derecho de recoger y almacenar informaci\u00f3n como la direcci\u00f3n IP, el tipo de navegador o el tipo de sistema operativo. Toda la informaci\u00f3n es altamente confidencial y se utilizar\u00e1 exclusivamente para la administraci\u00f3n del sistema. Esta informaci\u00f3n ayuda a diagnosticar problemas, controlar el tr\u00e1fico y el uso del sitio.<\/p>\n\n\n\n<p><strong>f. Correo electr\u00f3nico<\/strong><\/p>\n\n\n\n<p>Gigago.com utiliza el correo electr\u00f3nico para notificar a nuestros miembros o clientes el c\u00f3digo QR de la eSIM y la gu\u00eda de instalaci\u00f3n, o cuando se a\u00f1aden nuevos servicios o funciones. Nuestra lista de correo electr\u00f3nico es confidencial y nunca se vende ni se cede a terceros.<\/p>\n\n\n\n<h2 class=\"wp-block-heading\">3. Tiempo de almacenamiento de datos<\/h2>\n\n\n\n<p>Sus datos personales se conservar\u00e1n hasta que haya una solicitud de cancelaci\u00f3n. Por lo dem\u00e1s, en todos los casos, su informaci\u00f3n personal estar\u00e1 segura en Gigago.com.<\/p>\n\n\n\n<h2 class=\"wp-block-heading\">4. Personas u organizaciones que tendr\u00e1n acceso a su informaci\u00f3n<\/h2>\n\n\n\n<ul>\n<li>Nuestros empleados dispondr\u00e1n de departamentos especializados en la atenci\u00f3n al cliente durante el proceso de utilizaci\u00f3n del producto.<\/li>\n\n\n\n<li>Los programas vinculados, coimplementados y subcontratados para los fines indicados en la secci\u00f3n 1 aplicar\u00e1n siempre los requisitos de seguridad de la informaci\u00f3n personal.<\/li>\n\n\n\n<li>Requisitos legales: Podemos divulgar su informaci\u00f3n personal si as\u00ed lo exige la ley, y la divulgaci\u00f3n es razonablemente necesaria para cumplir con los procedimientos legales.<\/li>\n\n\n\n<li>Traspaso de la empresa (en su caso): En caso de fusi\u00f3n, consolidaci\u00f3n o transferencia parcial o total con otra empresa, el comprador tendr\u00e1 acceso a la informaci\u00f3n que almacenamos, incluida su informaci\u00f3n personal.<\/li>\n<\/ul>\n\n\n\n<h2 class=\"wp-block-heading\">5. Direcci\u00f3n de la unidad que recoge y gestiona la informaci\u00f3n<\/h2>\n\n\n\n<ul>\n<li>Nombre comercial: GIGAGO LIMITED<\/li>\n\n\n\n<li>Sede central: Unit 205, Unit C, 2\/F, Kwong On Bank Mongkok Branch Building, 728-730, Nathan Road, Mong Kok, Hong Kong<\/li>\n<\/ul>\n\n\n\n<h2 class=\"wp-block-heading\">6. M\u00e9todos y herramientas para que los usuarios accedan a los datos y los editen<\/h2>\n\n\n\n<p>Si desea acceder a la informaci\u00f3n personal facilitada y corregirla, puede hacerlo:<\/p>\n\n\n\n<ul>\n<li>Contact us directly via our Whatsapp\/Hotline <strong>+1 657-571-1199<\/strong><\/li>\n\n\n\n<li>Email us at<strong>hello@gigago.com<\/strong><\/li>\n<\/ul>\n\n\n\n<h2 class=\"wp-block-heading\">7. Mecanismo para recibir y resolver las reclamaciones de los consumidores relacionadas con el uso indebido de la informaci\u00f3n personal o el alcance notificado:<\/h2>\n\n\n\n<p>En Gigago, la protecci\u00f3n de su informaci\u00f3n personal es muy importante, usted tiene la garant\u00eda de que la informaci\u00f3n que nos proporciona no ser\u00e1 compartida, vendida o alquilada por GIGAGO a nadie m\u00e1s. Gigago se compromete a utilizar sus datos exclusivamente:<\/p>\n\n\n\n<ul>\n<li>mejorar la calidad del servicio a los clientes<\/li>\n\n\n\n<li>resolver litigios y reclamaciones<\/li>\n\n\n\n<li>Cuando lo exija la ley.<\/li>\n<\/ul>\n\n\n\n<p>GIGAGO understands that your interests in protection of your personal information are also our responsibility, so in case of any questions, comments related to our privacy policy, and personal information being used for wrong purposes or within the notified extent, please contact us at our Hotline\/WhatsApps 24\/7: <strong><strong>+1 657-571-1199<\/strong><\/strong> or email <strong>hello@gigago.com<\/strong>for direct support.<\/p>\n\n\n\n<h2 class=\"wp-block-heading\">8. Otros t\u00e9rminos rectores<\/h2>\n\n\n\n<p>Esta pol\u00edtica no modifica ni altera ning\u00fan acuerdo aplicable que usted tenga con Gigago. Si utiliza o se suscribe a nuestros productos, nuestras Condiciones de servicio y otras condiciones pueden aplicarse a su uso, compra o suscripci\u00f3n. Si esta pol\u00edtica entra en conflicto con cualquier parte de esos t\u00e9rminos y acuerdos, dichos t\u00e9rminos y acuerdos regir\u00e1n en la medida de la incoherencia.<\/p>\n\n\n\n<h2 class=\"wp-block-heading\">9. Cambios en esta pol\u00edtica<\/h2>\n\n\n\n<p>Es posible que actualicemos esta pol\u00edtica si modificamos sustancialmente nuestras pr\u00e1cticas o si as\u00ed lo exigen cambios legales o reglamentarios. Si decidimos utilizar o divulgar informaci\u00f3n personal de una forma que difiera sustancialmente de la establecida en esta pol\u00edtica en el momento en que se recopil\u00f3 la informaci\u00f3n personal, se lo notificaremos envi\u00e1ndole un aviso a la direcci\u00f3n de correo electr\u00f3nico que nos haya facilitado o colocando un aviso destacado en nuestros sitios web. Debe consultar esta pol\u00edtica con frecuencia para conocer la informaci\u00f3n m\u00e1s reciente y la fecha de entrada en vigor de cualquier cambio.<\/p>\n\n\n\n<h2 class=\"wp-block-heading\">10. Descargo de responsabilidad<\/h2>\n\n\n\n<p>Las comunicaciones y transacciones por Internet est\u00e1n sujetas a diversos riesgos de seguridad. En ning\u00fan caso Gigago ser\u00e1 responsable de cualquier da\u00f1o o p\u00e9rdida, directa o indirecta, incidental o consecuente, especial o punitiva, derivada o relacionada con el uso no autorizado, cambio, eliminaci\u00f3n o exposici\u00f3n de cualquier informaci\u00f3n, confidencial o no, resultante de la irrupci\u00f3n no autorizada en el sistema o cualquier otra violaci\u00f3n de la seguridad, o fallo del sistema.<\/p>\n\n\n\n<p>Gigago renuncia por la presente a todas las garant\u00edas con respecto al hardware y software utilizados para proporcionar seguridad y soporte a este sitio web, incluidas todas las garant\u00edas impl\u00edcitas, idoneidad para un fin determinado y da\u00f1os incidentales y especiales, directos o consecuentes.<\/p>\n\n\n\n<p>En consecuencia, Gigago, sus directivos y empleados, socios, filiales, subsidiarias, sucesores y cesionarios, y sus agentes de terceros no ser\u00e1n, directa o indirectamente, responsables, de ninguna manera, ante usted o cualquier otra persona por cualquier inexactitud, mal uso, errores, intercepciones de terceros, virus o ataques de hackers que resulten en la p\u00e9rdida de datos o servicios, incluyendo, pero no limitado a errores o interrupciones en la transmisi\u00f3n o prestaci\u00f3n de servicios.<\/p>\n\n\n\n<p>Gigago contiene enlaces a otros sitios. Estos enlaces se facilitan exclusivamente con fines informativos y para ayudar a localizar otros recursos de Internet. Por lo tanto, no somos responsables de las pr\u00e1cticas de privacidad o del contenido de dichos sitios web.<\/p>\n\n\n\n<h2 class=\"wp-block-heading\">11. Resumen<\/h2>\n\n\n\n<p>Al acceder a este sitio y utilizar sus servicios, usted acepta incondicionalmente los t\u00e9rminos de esta Declaraci\u00f3n de Privacidad y nuestras Condiciones de Servicio. Usted acepta cumplir los t\u00e9rminos que rigen el uso de este sitio y sus servicios y que tambi\u00e9n rigen toda la informaci\u00f3n proporcionada por usted y otros usuarios de Gigago.com. Si no est\u00e1 de acuerdo con todos o algunos de los t\u00e9rminos de esta Declaraci\u00f3n de privacidad, no utilice este sitio.<\/p>\n\n\n\n<p>Gigago se reserva el derecho de modificar la Declaraci\u00f3n de Privacidad en cualquier momento y sin previo aviso, por lo que animamos a nuestros usuarios y clientes a leer la Declaraci\u00f3n de Privacidad antes de acceder a otras p\u00e1ginas de este sitio web.<\/p>\n\n\n\n<p>If you have any questions about our privacy policy, please contact us at<strong>hello@gigago.com<\/strong>.<\/p>\n","protected":false},"excerpt":{"rendered":"<p>Cuidamos nuestra privacidad By developing this Policy, from Gigago.com, we are committed to protecting and preserving the privacy of our users and clients, ensuring the confidentiality of the information they provide. Al contratar el plan eSIM con Gigago, acepta las siguientes condiciones de nuestra declaraci\u00f3n de privacidad. 1. Finalidad de la recogida de informaci\u00f3n Utilizamos [&#8230;]\n","protected":false},"author":14,"featured_media":0,"parent":0,"menu_order":0,"comment_status":"closed","ping_status":"open","template":"","meta":{"_acf_changed":false,"inline_featured_image":false,"footnotes":""},"acf":[],"_links":{"self":[{"href":"https:\/\/gigago.com\/es\/wp-json\/wp\/v2\/pages\/724"}],"collection":[{"href":"https:\/\/gigago.com\/es\/wp-json\/wp\/v2\/pages"}],"about":[{"href":"https:\/\/gigago.com\/es\/wp-json\/wp\/v2\/types\/page"}],"author":[{"embeddable":true,"href":"https:\/\/gigago.com\/es\/wp-json\/wp\/v2\/users\/14"}],"replies":[{"embeddable":true,"href":"https:\/\/gigago.com\/es\/wp-json\/wp\/v2\/comments?post=724"}],"version-history":[{"count":0,"href":"https:\/\/gigago.com\/es\/wp-json\/wp\/v2\/pages\/724\/revisions"}],"wp:attachment":[{"href":"https:\/\/gigago.com\/es\/wp-json\/wp\/v2\/media?parent=724"}],"curies":[{"name":"wp","href":"https:\/\/api.w.org\/{rel}","templated":true}]}}