{"id":139,"date":"2023-05-12T09:24:42","date_gmt":"2023-05-12T09:24:42","guid":{"rendered":"https:\/\/gigago.com\/?page_id=43081"},"modified":"2025-11-12T11:10:39","modified_gmt":"2025-11-12T11:10:39","slug":"guia-de-pago","status":"publish","type":"page","link":"https:\/\/gigago.com\/es\/guia-de-pago\/","title":{"rendered":"Gu\u00eda de compra y pago de la eSIM de Gigago Vietnam"},"content":{"rendered":"\n<h2 class=\"wp-block-heading\">1. C\u00f3mo comprar una eSIM de Gigago<\/h2>\n\n\n\n<p>Puede adquirir la eSIM en la oficina de GIGAGO situada en la planta 23 del edificio TASCO, Pham Hung, Nam Tu Liem, Han\u00f3i, Vietnam.<\/p>\n\n\n\n<p>Alternativamente, para su comodidad, puede comprar la eSIM directamente en l\u00ednea en GIGAGO.COM siguiendo estos tres sencillos pasos:<\/p>\n\n\n\n<p><strong>\u25baPaso 1:<\/strong> Visite <strong><a href=\"https:\/\/gigago.com\/es\/\">https:\/\/gigago.com\/es\/<\/a><\/strong> y seleccione el pa\u00eds en el que desea comprar la eSIM.<\/p>\n\n\n\n<p><strong>\u25baPaso 2: <\/strong>Elija el tipo de eSIM adecuado y haga clic en \u00ab<strong>A\u00f1adir al carrito<\/strong>\u00bb.<\/p>\n\n\n\n<p><strong>\u25baPaso 3: <\/strong>Realice el pago y reciba el c\u00f3digo QR de la eSIM por correo electr\u00f3nico junto con las instrucciones de instalaci\u00f3n detalladas.<\/p>\n\n\n\n<h2 class=\"wp-block-heading\"><strong>2. <\/strong><a href=\"https:\/\/gigago.com\/es\/guia-de-pago\/\">Instrucciones de pago<\/a><\/h2>\n\n\n\n<p>Puede realizar el pago directamente en la oficina de GIGAGO o en l\u00ednea a la siguiente cuenta bancaria:<\/p>\n\n\n\n<ul>\n<li>N\u00famero de cuenta: 2225195476<\/li>\n\n\n\n<li>Titular de la cuenta: CONG TY CO PHAN CONG NGHE DU LICH GIGAGO<\/li>\n\n\n\n<li>Banco: Banco de Inversi\u00f3n y Desarrollo de Vietnam (BIDV) &#8211; Sucursal de Thanh Xuan.<\/li>\n<\/ul>\n\n\n\n<p>Si tiene alguna pregunta relacionada con el proceso de <a href=\"https:\/\/gigago.com\/es\/comprar-esim\/\"><strong>compra de eSIM<\/strong><\/a> o el pago, p\u00f3ngase en contacto con nosotros a trav\u00e9s de nuestra l\u00ednea directa\/WhatsApp 24\/7: <a href=\"https:\/\/wa.me\/message\/ZS7PQZOCVAB4O1\" target=\"_blank\" rel=\"noopener\"><strong>+1 657-571-1199<\/strong><\/a> o env\u00ede un correo electr\u00f3nico a <a href=\"mailto:hello@gigago.com\"><strong>hello@gigago.com<\/strong><\/a>para obtener asistencia directa.<\/p>\n","protected":false},"excerpt":{"rendered":"<p>1. C\u00f3mo comprar una eSIM de Gigago Puede adquirir la eSIM en la oficina de GIGAGO situada en la planta 23 del edificio TASCO, Pham Hung, Nam Tu Liem, Han\u00f3i, Vietnam. Alternativamente, para su comodidad, puede comprar la eSIM directamente en l\u00ednea en GIGAGO.COM siguiendo estos tres sencillos pasos: \u25baPaso 1: Visite https:\/\/gigago.com\/es\/ y seleccione [&#8230;]\n","protected":false},"author":3,"featured_media":0,"parent":0,"menu_order":0,"comment_status":"closed","ping_status":"closed","template":"","meta":{"_acf_changed":false,"inline_featured_image":false,"footnotes":""},"acf":[],"_links":{"self":[{"href":"https:\/\/gigago.com\/es\/wp-json\/wp\/v2\/pages\/139"}],"collection":[{"href":"https:\/\/gigago.com\/es\/wp-json\/wp\/v2\/pages"}],"about":[{"href":"https:\/\/gigago.com\/es\/wp-json\/wp\/v2\/types\/page"}],"author":[{"embeddable":true,"href":"https:\/\/gigago.com\/es\/wp-json\/wp\/v2\/users\/3"}],"replies":[{"embeddable":true,"href":"https:\/\/gigago.com\/es\/wp-json\/wp\/v2\/comments?post=139"}],"version-history":[{"count":0,"href":"https:\/\/gigago.com\/es\/wp-json\/wp\/v2\/pages\/139\/revisions"}],"wp:attachment":[{"href":"https:\/\/gigago.com\/es\/wp-json\/wp\/v2\/media?parent=139"}],"curies":[{"name":"wp","href":"https:\/\/api.w.org\/{rel}","templated":true}]}}