{"id":135,"date":"2023-05-12T09:03:32","date_gmt":"2023-05-12T09:03:32","guid":{"rendered":"http:\/\/gigagocom.test\/?page_id=10"},"modified":"2025-11-12T11:07:35","modified_gmt":"2025-11-12T11:07:35","slug":"politica-de-cancelacion-y-reembolso","status":"publish","type":"page","link":"https:\/\/gigago.com\/es\/politica-de-cancelacion-y-reembolso\/","title":{"rendered":"Pol\u00edtica de cambio, cancelaci\u00f3n y reembolso de Gigago eSIM"},"content":{"rendered":"\n<p>Para garantizar sus derechos y ofrecerle tranquilidad al comprar eSIM para turistas en GIGAGO, hemos introducido la pol\u00edtica de \u00ab<a href=\"https:\/\/gigago.com\/es\/politica-de-cancelacion-y-reembolso\/\"><strong>Cambio, cancelaci\u00f3n y reembolso<\/strong><\/a>\u00bb para los casos en que reciba un producto incorrecto o tenga problemas debido a errores por nuestra parte.<\/p>\n\n\n\n<h2 class=\"wp-block-heading\">1. Pol\u00edtica de cambio<\/h2>\n\n\n\n<p>Si recibe una eSIM que no es del tipo que solicit\u00f3, GIGAGO se compromete a ayudarle a cambiarla en un plazo de 1 d\u00eda.<\/p>\n\n\n\n<p>En caso de que ya haya comprado una eSIM y desee cambiarla por otro tipo de eSIM, puede ponerse en contacto con nosotros a trav\u00e9s de la l\u00ednea directa\/WhatsApp 24\/7: <a href=\"https:\/\/wa.me\/message\/ZS7PQZOCVAB4O1\" target=\"_blank\" rel=\"noopener\"><strong>+1 657-571-1199<\/strong><\/a>, o por correo electr\u00f3nico <a href=\"mailto:hello@gigago.com\"><strong>hello@gigago.com<\/strong><\/a>, y, si se aprueba la solicitud de cambio, podr\u00e1 cambiar la eSIM por otra.<\/p>\n\n\n\n<h2 class=\"wp-block-heading\">2. Cancelaci\u00f3n y reembolso<\/h2>\n\n\n\n<p>Si por cualquier motivo necesita cancelar su pedido, puede hacerlo sin penalizaci\u00f3n antes de realizar el pago o de que se le haya entregado el c\u00f3digo QR de la eSIM.<\/p>\n\n\n\n<p>Una vez entregado el c\u00f3digo QR de su eSIM, no podr\u00e1 cancelar su pedido y solo se le reembolsar\u00e1 si hay un error en nuestra eSIM que haya sido comunicado a nuestro equipo de asistencia, pero que este no pueda solucionar.<\/p>\n\n\n\n<p>Si no encuentra el correo electr\u00f3nico de la eSIM en su bandeja de entrada principal, compruebe su bandeja de correo no deseado o promociones, o p\u00f3ngase en contacto con nosotros para obtener ayuda. Si no lo hace, no se le reembolsar\u00e1 el importe.<\/p>\n\n\n\n<p>El reembolso se realizar\u00e1 de la misma forma que el m\u00e9todo de pago (por ejemplo, Paypal) utilizado para realizar la compra. El proceso de reembolso puede tardar hasta 10 d\u00edas h\u00e1biles.<\/p>\n\n\n\n<p><strong>Recuerde que, en cualquier caso, <\/strong><a href=\"https:\/\/gigago.com\/es\/\"><strong>GIGAGO<\/strong><\/a><strong> le atender\u00e1 lo antes posible.<\/strong><\/p>\n","protected":false},"excerpt":{"rendered":"<p>Para garantizar sus derechos y ofrecerle tranquilidad al comprar eSIM para turistas en GIGAGO, hemos introducido la pol\u00edtica de \u00abCambio, cancelaci\u00f3n y reembolso\u00bb para los casos en que reciba un producto incorrecto o tenga problemas debido a errores por nuestra parte. 1. Pol\u00edtica de cambio Si recibe una eSIM que no es del tipo que [&#8230;]\n","protected":false},"author":14,"featured_media":0,"parent":0,"menu_order":0,"comment_status":"closed","ping_status":"closed","template":"","meta":{"_acf_changed":false,"inline_featured_image":false,"footnotes":""},"acf":[],"_links":{"self":[{"href":"https:\/\/gigago.com\/es\/wp-json\/wp\/v2\/pages\/135"}],"collection":[{"href":"https:\/\/gigago.com\/es\/wp-json\/wp\/v2\/pages"}],"about":[{"href":"https:\/\/gigago.com\/es\/wp-json\/wp\/v2\/types\/page"}],"author":[{"embeddable":true,"href":"https:\/\/gigago.com\/es\/wp-json\/wp\/v2\/users\/14"}],"replies":[{"embeddable":true,"href":"https:\/\/gigago.com\/es\/wp-json\/wp\/v2\/comments?post=135"}],"version-history":[{"count":0,"href":"https:\/\/gigago.com\/es\/wp-json\/wp\/v2\/pages\/135\/revisions"}],"wp:attachment":[{"href":"https:\/\/gigago.com\/es\/wp-json\/wp\/v2\/media?parent=135"}],"curies":[{"name":"wp","href":"https:\/\/api.w.org\/{rel}","templated":true}]}}