{"id":133,"date":"2023-05-12T09:28:15","date_gmt":"2023-05-12T09:28:15","guid":{"rendered":"https:\/\/gigago.com\/?page_id=42957"},"modified":"2025-11-12T11:12:39","modified_gmt":"2025-11-12T11:12:39","slug":"politica-de-entrega","status":"publish","type":"page","link":"https:\/\/gigago.com\/es\/politica-de-entrega\/","title":{"rendered":"Pol\u00edtica de entrega de eSIM de Gigago"},"content":{"rendered":"\n<p>Con las eSIM de GIGAGO, una vez que haya completado su pedido con nosotros y haya transferido correctamente su pago, le enviaremos la eSIM a su correo electr\u00f3nico registrado en un plazo m\u00e1ximo de 15 minutos.<\/p>\n\n\n\n<p>En caso de retrasos en la entrega o el suministro del servicio, <a href=\"https:\/\/gigago.com\/es\/\"><strong>GIGAGO<\/strong><\/a> le informar\u00e1 de inmediato y le ofrecer\u00e1 la posibilidad de cancelar el contrato si as\u00ed lo desea.<\/p>\n\n\n\n<p>Dado que la eSIM se env\u00eda por correo electr\u00f3nico, facilite la direcci\u00f3n de correo electr\u00f3nico correcta para asegurarse de recibirla a tiempo. En caso de que no reciba ning\u00fan correo electr\u00f3nico de GIGAGO en un plazo de 5 a 15 minutos despu\u00e9s de su pago, p\u00f3ngase en contacto con nuestro personal de atenci\u00f3n al cliente por correo electr\u00f3nico <a href=\"mailto:hello@gigago.com\"><strong>hello@gigago.com<\/strong><\/a> o a trav\u00e9s de la l\u00ednea directa\/WhatsApp 24\/7: <a href=\"https:\/\/wa.me\/message\/YBPQPOMPIQFEA1\" target=\"_blank\" rel=\"noopener\"><strong>+12406161688<\/strong><\/a>para obtener asistencia inmediata.<\/p>\n","protected":false},"excerpt":{"rendered":"<p>Con las eSIM de GIGAGO, una vez que haya completado su pedido con nosotros y haya transferido correctamente su pago, le enviaremos la eSIM a su correo electr\u00f3nico registrado en un plazo m\u00e1ximo de 15 minutos. En caso de retrasos en la entrega o el suministro del servicio, GIGAGO le informar\u00e1 de inmediato y le [&#8230;]\n","protected":false},"author":3,"featured_media":0,"parent":0,"menu_order":0,"comment_status":"closed","ping_status":"closed","template":"","meta":{"_acf_changed":false,"inline_featured_image":false,"footnotes":""},"acf":[],"_links":{"self":[{"href":"https:\/\/gigago.com\/es\/wp-json\/wp\/v2\/pages\/133"}],"collection":[{"href":"https:\/\/gigago.com\/es\/wp-json\/wp\/v2\/pages"}],"about":[{"href":"https:\/\/gigago.com\/es\/wp-json\/wp\/v2\/types\/page"}],"author":[{"embeddable":true,"href":"https:\/\/gigago.com\/es\/wp-json\/wp\/v2\/users\/3"}],"replies":[{"embeddable":true,"href":"https:\/\/gigago.com\/es\/wp-json\/wp\/v2\/comments?post=133"}],"version-history":[{"count":0,"href":"https:\/\/gigago.com\/es\/wp-json\/wp\/v2\/pages\/133\/revisions"}],"wp:attachment":[{"href":"https:\/\/gigago.com\/es\/wp-json\/wp\/v2\/media?parent=133"}],"curies":[{"name":"wp","href":"https:\/\/api.w.org\/{rel}","templated":true}]}}