{"id":250,"date":"2023-04-04T08:52:01","date_gmt":"2023-04-04T08:52:01","guid":{"rendered":"http:\/\/gigagocom.test\/?page_id=3"},"modified":"2025-05-15T16:40:53","modified_gmt":"2025-05-15T16:40:53","slug":"datenschutzerklaerung","status":"publish","type":"page","link":"https:\/\/gigago.com\/de\/datenschutzerklaerung\/","title":{"rendered":"Datenschutzerkl\u00e4rung"},"content":{"rendered":"\n<p><strong>Wir legen Wert auf den Schutz Ihrer Daten<\/strong><\/p>\n\n\n\n<p>Mit der Entwicklung dieser Richtlinie von <a href=\"https:\/\/gigago.com\/de\/\"><strong>Gigago.com<\/strong><\/a> verpflichten wir uns, die Privatsph\u00e4re unserer Nutzer und Kunden zu sch\u00fctzen und zu wahren und die Vertraulichkeit der von ihnen bereitgestellten Informationen zu gew\u00e4hrleisten. Mit der Bestellung des eSIM-Tarifs bei Gigago erkl\u00e4ren Sie sich mit den folgenden Bedingungen unserer Datenschutzerkl\u00e4rung einverstanden.<\/p>\n\n\n\n<h2 class=\"wp-block-heading\">1. Zweck der Datenerhebung<\/h2>\n\n\n\n<p>Wir verwenden die erhobenen Daten f\u00fcr verschiedene gesch\u00e4ftliche Zwecke, darunter:<\/p>\n\n\n\n<ul>\n<li>Abwicklung von Transaktionen und Rechnungsstellung f\u00fcr unsere Produkte;<\/li>\n\n\n\n<li>Beantwortung Ihrer Anfragen zu Dienstleistungen oder Support;<\/li>\n\n\n\n<li>Vorwegnahme und Behebung tats\u00e4chlicher und potenzieller Probleme mit unseren Produkten;<\/li>\n\n\n\n<li>Entwicklung und Verbesserung von Produkten;<\/li>\n\n\n\n<li>Empfehlung zus\u00e4tzlicher Produkte oder Dienstleistungen;<\/li>\n\n\n\n<li>Interne Gesch\u00e4ftsentscheidungen \u00fcber aktuelle und zuk\u00fcnftige Vorteile;<\/li>\n\n\n\n<li>Bereitstellung personalisierter Dienstleistungen und Erfahrungen;<\/li>\n\n\n\n<li>Schutz unserer Rechte und unseres Eigentums; und<\/li>\n\n\n\n<li>Kontaktaufnahme mit Ihnen bez\u00fcglich anderer von Gigago angebotener Dienstleistungen.<\/li>\n<\/ul>\n\n\n\n<p>Alle von Ihnen bereitgestellten Informationen sind vollst\u00e4ndig gesichert und vor unbefugter Nutzung gesch\u00fctzt. Ihre personenbezogenen Daten werden niemals an Dritte weitergegeben, es sei denn, Sie geben uns Ihre ausdr\u00fcckliche Zustimmung dazu.<\/p>\n\n\n\n<h2 class=\"wp-block-heading\">2. Erfasste Informationen<\/h2>\n\n\n\n<p>Wir ergreifen Ma\u00dfnahmen, um sicherzustellen, dass die von Ihnen bereitgestellten Informationen korrekt und vollst\u00e4ndig erfasst werden. Wir helfen Ihnen, die von Ihnen bereitgestellten Informationen gegebenenfalls zu korrigieren und zu \u00e4ndern.<\/p>\n\n\n\n<p><strong>a. Personenbezogene Daten, die auf dieser Website von\/\u00fcber Kunden erfasst werden<\/strong><\/p>\n\n\n\n<p>Wir erfassen die folgenden personenbezogenen Daten, wenn Sie die eSIM auf Gigago.com kaufen:<\/p>\n\n\n\n<ul>\n<li>Ihr Name:<\/li>\n\n\n\n<li>Ihre E-Mail-Adresse:<\/li>\n\n\n\n<li>Ihre Telefonnummer:<\/li>\n\n\n\n<li>Ihre Adresse:<\/li>\n<\/ul>\n\n\n\n<p><strong>b. Nicht personenbezogene Daten, die auf dieser Website erfasst werden<\/strong><\/p>\n\n\n\n<p>Wir erfassen und speichern in unseren Server-Protokollen nicht personenbezogene Daten, darunter unter anderem Browsertyp, IP-Adresse, Betriebssystem, Datum und Uhrzeit der Besuche, die auf der Website besuchten Seiten, die Verweildauer auf der Website und wiederholte Besuche der Website.<\/p>\n\n\n\n<p>Wir verwenden au\u00dferdem Google Analytics, einen Dienst, der nicht personenbezogene Daten wie Browsertyp, Betriebssystem, Datum und Uhrzeit des Besuchs, Herkunft der Besucher, auf dieser Website besuchte Seiten, Verweildauer auf der Website, Ziel der Besucher nach Verlassen der Website und wiederholte Besuche der Website erfasst.<\/p>\n\n\n\n<p>Wir aggregieren diese nicht personenbezogenen Daten, um besser zu verstehen, wie Besucher unsere Website nutzen, und um die Nutzung unserer Website zu verwalten, zu pflegen und dar\u00fcber zu berichten.<\/p>\n\n\n\n<p>Wir k\u00f6nnen diese nicht personenbezogenen Daten an Dritte weitergeben, jedoch ausschlie\u00dflich zum Zweck der Berichterstattung \u00fcber die Nutzung unserer Website oder zur Einhaltung geltender Gesetze.<\/p>\n\n\n\n<p>Wir vermieten, verkaufen oder geben keine auf dieser Website gesammelten nicht personenbezogenen Daten an Dritte weiter, einschlie\u00dflich Google, f\u00fcr Marketingzwecke, einschlie\u00dflich Remarketing.<\/p>\n\n\n\n<p><strong>c. Finanztransaktionen<\/strong><\/p>\n\n\n\n<p>Kreditkartentransaktionen werden \u00fcber eines der gro\u00dfen Kreditkartenunternehmen abgewickelt. Alle Ihre Daten werden verschl\u00fcsselt und ausschlie\u00dflich zur Abwicklung der entsprechenden Transaktionen verwendet. In unserer Datenbank werden nur die letzten vier Ziffern Ihrer Kreditkarte gespeichert, um den Verifizierungs- und Genehmigungsprozess abzuschlie\u00dfen.<\/p>\n\n\n\n<p><strong>d. Cookies<\/strong><\/p>\n\n\n\n<p>Gigago.com verwendet Cookies, um unsere Kunden bei ihrem Besuch auf unserer Website wiederzuerkennen. Dadurch k\u00f6nnen wir ihr Erlebnis auf unserer Website individuell anpassen. M\u00f6glicherweise m\u00fcssen Sie Cookies in Ihrem Browser aktivieren, um sich registrieren zu k\u00f6nnen. Wenn Sie Cookies deaktivieren, k\u00f6nnen Sie die Website jedoch weiterhin nutzen. Cookies speichern keine personenbezogenen Daten. Alle Informationen werden streng vertraulich behandelt und niemals verkauft oder an Dritte weitergegeben.<\/p>\n\n\n\n<p><strong>e. Systeminformationen<\/strong><\/p>\n\n\n\n<p>Gigago.com beh\u00e4lt sich das Recht vor, Informationen wie IP-Adresse, Browsertyp oder Betriebssystem zu erfassen und zu speichern. Alle Informationen werden streng vertraulich behandelt und ausschlie\u00dflich f\u00fcr Systemadministrationszwecke verwendet. Diese Informationen helfen bei der Diagnose von Problemen, der \u00dcberwachung des Datenverkehrs und der Nutzung der Website.<\/p>\n\n\n\n<p><strong>f. E-Mail<\/strong><\/p>\n\n\n\n<p>Gigago.com verwendet E-Mails, um unsere Mitglieder oder Kunden \u00fcber den eSIM-QR-Code und die Installationsanleitung zu informieren oder um sie \u00fcber neue Dienste oder Funktionen zu informieren. Unsere E-Mail-Liste ist vertraulich und wird niemals an Dritte verkauft oder weitergegeben.<\/p>\n\n\n\n<h2 class=\"wp-block-heading\">3. Dauer der Datenspeicherung<\/h2>\n\n\n\n<p>Ihre personenbezogenen Daten werden bis zu einer Aufforderung zur L\u00f6schung gespeichert. Andernfalls werden Ihre personenbezogenen Daten in jedem Fall auf den Servern von Gigago.com gesichert.<\/p>\n\n\n\n<h2 class=\"wp-block-heading\">4. Personen oder Organisationen, die Zugriff auf Ihre Daten haben<\/h2>\n\n\n\n<ul>\n<li>F\u00fcr unsere Mitarbeiter gibt es spezielle Abteilungen, die w\u00e4hrend des Produktnutzungsprozesses f\u00fcr die Kundenbetreuung zust\u00e4ndig sind.<\/li>\n\n\n\n<li>Verbundene, gemeinsam implementierte und ausgelagerte Programme f\u00fcr die in Abschnitt 1 genannten Zwecke unterliegen stets den Anforderungen an die Sicherheit personenbezogener Daten.<\/li>\n\n\n\n<li>Gesetzliche Anforderungen: Wir k\u00f6nnen Ihre personenbezogenen Daten offenlegen, wenn dies gesetzlich vorgeschrieben ist und die Offenlegung zur Einhaltung gesetzlicher Verfahren erforderlich ist.<\/li>\n\n\n\n<li>Unternehmens\u00fcbertragung (falls zutreffend): Im Falle einer Fusion, Konsolidierung oder teilweisen oder vollst\u00e4ndigen \u00dcbertragung an ein anderes Unternehmen hat der K\u00e4ufer Zugriff auf die von uns gespeicherten Daten, einschlie\u00dflich Ihrer personenbezogenen Daten.<\/li>\n<\/ul>\n\n\n\n<h2 class=\"wp-block-heading\">5. Adresse der Stelle, die Informationen sammelt und verwaltet<\/h2>\n\n\n\n<ul>\n<li>Firmenname: GIGAGO LIMITED<\/li>\n\n\n\n<li>Hauptsitz: Unit 205, Unit C, 2\/F, Kwong On Bank Mongkok Branch Building, 728-730, Nathan Road, Mong Kok, Hongkong<\/li>\n<\/ul>\n\n\n\n<h2 class=\"wp-block-heading\">6. Methoden und Tools f\u00fcr Benutzer zum Zugriff auf und zur Bearbeitung von Daten<\/h2>\n\n\n\n<p>Wenn Sie Zugriff auf die bereitgestellten personenbezogenen Daten oder deren Berichtigung w\u00fcnschen, haben Sie folgende M\u00f6glichkeiten:<\/p>\n\n\n\n<ul>\n<li>sich direkt \u00fcber unsere WhatsApp-Hotline <a href=\"https:\/\/wa.me\/message\/ZS7PQZOCVAB4O1\" target=\"_blank\" rel=\"noopener\"><strong>+1 657-571-1199<\/strong><\/a> an uns wenden<\/li>\n\n\n\n<li>uns eine E-Mail an <a href=\"mailto:hello@gigago.vn\"><strong>hello@gigago.com<\/strong><\/a> senden<\/li>\n<\/ul>\n\n\n\n<h2 class=\"wp-block-heading\">7. Mechanismus zur Entgegennahme und Bearbeitung von Verbraucherbeschwerden im Zusammenhang mit dem Missbrauch personenbezogener Daten oder dem angegebenen Umfang:<\/h2>\n\n\n\n<p>Bei Gigago ist der Schutz Ihrer personenbezogenen Daten sehr wichtig. Wir garantieren Ihnen, dass die uns zur Verf\u00fcgung gestellten Daten von GIGAGO nicht an Dritte weitergegeben, verkauft oder vermietet werden. Gigago verpflichtet sich, Ihre Daten ausschlie\u00dflich zu folgenden Zwecken zu verwenden:<\/p>\n\n\n\n<ul>\n<li>zur Verbesserung der Servicequalit\u00e4t f\u00fcr Kunden<\/li>\n\n\n\n<li>zur Beilegung von Streitigkeiten und Beschwerden<\/li>\n\n\n\n<li>wenn dies gesetzlich vorgeschrieben ist.<\/li>\n<\/ul>\n\n\n\n<p>GIGAGO ist sich bewusst, dass Ihr Interesse am Schutz Ihrer personenbezogenen Daten auch in unserer Verantwortung liegt. Bei Fragen oder Anmerkungen zu unserer Datenschutzerkl\u00e4rung oder zur Verwendung Ihrer personenbezogenen Daten f\u00fcr andere als die angegebenen Zwecke wenden Sie sich bitte an unsere Hotline\/WhatsApp, die rund um die Uhr unter <a href=\"https:\/\/wa.me\/message\/ZS7PQZOCVAB4O1\" target=\"_blank\" rel=\"noopener\"><strong>+1 657-571-1199<\/strong><\/a> erreichbar ist, oder senden Sie eine E-Mail an <a href=\"mailto:hello@gigago.com\"><strong>hello@gigago.com<\/strong><\/a>, um direkte Unterst\u00fctzung zu erhalten.<\/p>\n\n\n\n<h2 class=\"wp-block-heading\">8. Sonstige ma\u00dfgebliche Bestimmungen<\/h2>\n\n\n\n<p>Diese Richtlinie \u00e4ndert oder ersetzt keine geltenden Vereinbarungen, die Sie mit Gigago geschlossen haben. Wenn Sie unsere Produkte nutzen oder abonnieren, gelten f\u00fcr Ihre Nutzung, Ihren Kauf oder Ihr Abonnement m\u00f6glicherweise unsere Nutzungsbedingungen und bestimmte andere Bestimmungen. Wenn diese Richtlinie im Widerspruch zu diesen Bestimmungen und Vereinbarungen steht, gelten diese Bestimmungen und Vereinbarungen im Umfang des Widerspruchs.<\/p>\n\n\n\n<h2 class=\"wp-block-heading\">9. \u00c4nderungen dieser Richtlinie<\/h2>\n\n\n\n<p>Wir k\u00f6nnen diese Richtlinie aktualisieren, wenn wir unsere Praktiken wesentlich \u00e4ndern oder wenn gesetzliche oder beh\u00f6rdliche \u00c4nderungen dies erfordern. Wenn wir beschlie\u00dfen, personenbezogene Daten in einer Weise zu verwenden oder offenzulegen, die wesentlich von der zum Zeitpunkt der Erfassung der personenbezogenen Daten in dieser Richtlinie angegebenen Weise abweicht, werden wir Sie entweder durch eine Mitteilung an die von Ihnen angegebene E-Mail-Adresse oder durch einen gut sichtbaren Hinweis auf unseren Websites dar\u00fcber informieren. Bitte lesen Sie diese Richtlinie regelm\u00e4\u00dfig, um sich \u00fcber die neuesten Informationen und das Datum des Inkrafttretens etwaiger \u00c4nderungen zu informieren.<\/p>\n\n\n\n<h2 class=\"wp-block-heading\">10. Haftungsausschluss<\/h2>\n\n\n\n<p>Die Kommunikation \u00fcber das Internet sowie Transaktionen \u00fcber das Internet unterliegen verschiedenen Sicherheitsrisiken. Gigago haftet in keinem Fall f\u00fcr Sch\u00e4den oder Verluste jeglicher Art, seien sie direkt oder indirekt, zuf\u00e4llig oder Folgeerscheinungen, besonders oder strafbar, die sich aus der unbefugten Nutzung, \u00c4nderung, L\u00f6schung oder Offenlegung von Informationen, ob vertraulich oder nicht, ergeben, die durch unbefugtes Eindringen in das System oder andere Sicherheitsverletzungen oder Systemausf\u00e4lle verursacht wurden.<\/p>\n\n\n\n<p>Gigago lehnt hiermit alle Gew\u00e4hrleistungen in Bezug auf die Hardware und Software ab, die zur Sicherung und Unterst\u00fctzung dieser Website verwendet werden, einschlie\u00dflich aller stillschweigenden Gew\u00e4hrleistungen, der Eignung f\u00fcr einen bestimmten Zweck und zuf\u00e4lliger, besonderer, direkter oder Folgesch\u00e4den.<\/p>\n\n\n\n<p>Dementsprechend haften Gigago, seine F\u00fchrungskr\u00e4fte und Mitarbeiter, Partner, verbundenen Unternehmen, Tochtergesellschaften, Rechtsnachfolger und Beauftragte sowie seine Drittvertreter weder direkt noch indirekt in irgendeiner Weise Ihnen oder anderen Personen gegen\u00fcber f\u00fcr Ungenauigkeiten, Missbrauch, Fehler, Abfangen durch Dritte, Viren oder Hackerangriffe, die zu Daten- oder Dienstverlusten f\u00fchren, einschlie\u00dflich, aber nicht beschr\u00e4nkt auf Fehler oder Unterbrechungen bei der \u00dcbertragung oder Bereitstellung von Diensten.<\/p>\n\n\n\n<p>Gigago enth\u00e4lt Links zu anderen Websites. Diese Links werden ausschlie\u00dflich zu Informationszwecken und zur Erleichterung der Suche nach anderen Internetressourcen bereitgestellt. Daher sind wir nicht f\u00fcr die Datenschutzpraktiken oder den Inhalt dieser Websites verantwortlich.<\/p>\n\n\n\n<h2 class=\"wp-block-heading\">11. Zusammenfassung<\/h2>\n\n\n\n<p>Durch den Zugriff auf diese Website und die Nutzung ihrer Dienste erkl\u00e4ren Sie sich vorbehaltlos mit den Bestimmungen dieser Datenschutzerkl\u00e4rung und unseren Nutzungsbedingungen einverstanden. Sie erkl\u00e4ren sich damit einverstanden, die Bestimmungen einzuhalten, die die Nutzung dieser Website und ihrer Dienste regeln und die auch f\u00fcr alle von Ihnen und anderen Nutzern von Gigago.com bereitgestellten Informationen gelten. Wenn Sie mit allen oder einem Teil der Bestimmungen dieser Datenschutzerkl\u00e4rung nicht einverstanden sind, nutzen Sie diese Website bitte nicht.<\/p>\n\n\n\n<p>Gigago beh\u00e4lt sich das Recht vor, die Datenschutzerkl\u00e4rung jederzeit ohne vorherige Ank\u00fcndigung zu \u00e4ndern. Wir empfehlen unseren Nutzern und Kunden daher, die Datenschutzerkl\u00e4rung zu lesen, bevor sie auf andere Seiten dieser Website zugreifen.<\/p>\n\n\n\n<p>Wenn Sie Fragen zu unserer <a href=\"https:\/\/gigago.com\/de\/datenschutzerklaerung\/\">Datenschutzerkl\u00e4rung<\/a> haben, wenden Sie sich bitte an <a href=\"mailto:hello@gigago.com\"><strong>hello@gigago.com<\/strong><\/a>.<\/p>\n","protected":false},"excerpt":{"rendered":"<p>Wir legen Wert auf den Schutz Ihrer Daten Mit der Entwicklung dieser Richtlinie von Gigago.com verpflichten wir uns, die Privatsph\u00e4re unserer Nutzer und Kunden zu sch\u00fctzen und zu wahren und die Vertraulichkeit der von ihnen bereitgestellten Informationen zu gew\u00e4hrleisten. Mit der Bestellung des eSIM-Tarifs bei Gigago erkl\u00e4ren Sie sich mit den folgenden Bedingungen unserer Datenschutzerkl\u00e4rung [&#8230;]\n","protected":false},"author":14,"featured_media":0,"parent":0,"menu_order":0,"comment_status":"closed","ping_status":"open","template":"","meta":{"_acf_changed":false,"inline_featured_image":false,"footnotes":""},"acf":[],"_links":{"self":[{"href":"https:\/\/gigago.com\/de\/wp-json\/wp\/v2\/pages\/250"}],"collection":[{"href":"https:\/\/gigago.com\/de\/wp-json\/wp\/v2\/pages"}],"about":[{"href":"https:\/\/gigago.com\/de\/wp-json\/wp\/v2\/types\/page"}],"author":[{"embeddable":true,"href":"https:\/\/gigago.com\/de\/wp-json\/wp\/v2\/users\/14"}],"replies":[{"embeddable":true,"href":"https:\/\/gigago.com\/de\/wp-json\/wp\/v2\/comments?post=250"}],"version-history":[{"count":0,"href":"https:\/\/gigago.com\/de\/wp-json\/wp\/v2\/pages\/250\/revisions"}],"wp:attachment":[{"href":"https:\/\/gigago.com\/de\/wp-json\/wp\/v2\/media?parent=250"}],"curies":[{"name":"wp","href":"https:\/\/api.w.org\/{rel}","templated":true}]}}