{"id":163,"date":"2023-05-12T09:24:42","date_gmt":"2023-05-12T09:24:42","guid":{"rendered":"https:\/\/gigago.com\/?page_id=43081"},"modified":"2025-07-09T03:57:53","modified_gmt":"2025-07-09T03:57:53","slug":"zahlungsrichtlinien","status":"publish","type":"page","link":"https:\/\/gigago.com\/de\/zahlungsrichtlinien\/","title":{"rendered":"Richtlinien f\u00fcr den Kauf und die Bezahlung von Gigago eSIM"},"content":{"rendered":"\n<h2 class=\"wp-block-heading\">1. So kaufen Sie eine Gigago eSIM<\/h2>\n\n\n\n<p>Sie k\u00f6nnen die eSIM im GIGAGO-B\u00fcro in der 23. Etage des TASCO-Geb\u00e4udes in Pham Hung, Nam Tu Liem, Hanoi, Vietnam, erwerben.<\/p>\n\n\n\n<p>Alternativ k\u00f6nnen Sie die eSIM ganz bequem in drei einfachen Schritten direkt online auf GIGAGO.COM erwerben:<\/p>\n\n\n\n<p><strong>\u25ba Schritt 1:<\/strong> Besuchen Sie <strong><a href=\"https:\/\/gigago.com\/de\/\">https:\/\/gigago.com\/de\/<\/a><\/strong> und w\u00e4hlen Sie das Land aus, in dem Sie die eSIM kaufen m\u00f6chten.<\/p>\n\n\n\n<p><strong>\u25ba Schritt 2: <\/strong>W\u00e4hlen Sie den passenden eSIM-Typ aus und klicken Sie auf \u201e<strong>Zum Warenkorb hinzuf\u00fcgen<\/strong> (<strong>Add to Cart<\/strong>)\u201c.<\/p>\n\n\n\n<p><strong>\u25ba Schritt 3: <\/strong>Nehmen Sie die Zahlung vor und Sie erhalten den eSIM-QR-Code zusammen mit einer detaillierten Installationsanleitung per E-Mail.<\/p>\n\n\n\n<h2 class=\"wp-block-heading\">2. Zahlungsrichtlinie<\/h2>\n\n\n\n<p>Sie k\u00f6nnen die Zahlung direkt im GIGAGO-B\u00fcro oder online auf das folgende Bankkonto vornehmen:<\/p>\n\n\n\n<ul>\n<li>Kontonummer: 2225195476<\/li>\n\n\n\n<li>Kontoinhaber: CONG TY CO PHAN CONG NGHE DU LICH GIGAGO<\/li>\n\n\n\n<li>Bank: Bank for Investment and Development of Vietnam (BIDV) \u2013 Thanh Xuan Branch.<\/li>\n<\/ul>\n\n\n\n<p>Wenn Sie Fragen zum <strong><a href=\"https:\/\/gigago.com\/de\/esim-kaufen\/\">Kauf einer eSIM<\/a><\/strong> oder zur Zahlung haben, wenden Sie sich bitte an unsere Hotline\/WhatsApp, die rund um die Uhr erreichbar ist: <a href=\"https:\/\/wa.me\/message\/ZS7PQZOCVAB4O1\" target=\"_blank\" rel=\"noopener\"><strong>+1 657-571-1199<\/strong><\/a> oder senden Sie eine E-Mail an <a href=\"mailto:hello@gigago.com\"><strong>hello@gigago.com<\/strong><\/a>, um direkte Unterst\u00fctzung zu erhalten.<\/p>\n","protected":false},"excerpt":{"rendered":"<p>1. So kaufen Sie eine Gigago eSIM Sie k\u00f6nnen die eSIM im GIGAGO-B\u00fcro in der 23. Etage des TASCO-Geb\u00e4udes in Pham Hung, Nam Tu Liem, Hanoi, Vietnam, erwerben. Alternativ k\u00f6nnen Sie die eSIM ganz bequem in drei einfachen Schritten direkt online auf GIGAGO.COM erwerben: \u25ba Schritt 1: Besuchen Sie https:\/\/gigago.com\/de\/ und w\u00e4hlen Sie das Land [&#8230;]\n","protected":false},"author":3,"featured_media":0,"parent":0,"menu_order":0,"comment_status":"closed","ping_status":"closed","template":"","meta":{"_acf_changed":false,"inline_featured_image":false,"footnotes":""},"acf":[],"_links":{"self":[{"href":"https:\/\/gigago.com\/de\/wp-json\/wp\/v2\/pages\/163"}],"collection":[{"href":"https:\/\/gigago.com\/de\/wp-json\/wp\/v2\/pages"}],"about":[{"href":"https:\/\/gigago.com\/de\/wp-json\/wp\/v2\/types\/page"}],"author":[{"embeddable":true,"href":"https:\/\/gigago.com\/de\/wp-json\/wp\/v2\/users\/3"}],"replies":[{"embeddable":true,"href":"https:\/\/gigago.com\/de\/wp-json\/wp\/v2\/comments?post=163"}],"version-history":[{"count":0,"href":"https:\/\/gigago.com\/de\/wp-json\/wp\/v2\/pages\/163\/revisions"}],"wp:attachment":[{"href":"https:\/\/gigago.com\/de\/wp-json\/wp\/v2\/media?parent=163"}],"curies":[{"name":"wp","href":"https:\/\/api.w.org\/{rel}","templated":true}]}}