{"id":161,"date":"2023-04-07T07:51:56","date_gmt":"2023-04-07T07:51:56","guid":{"rendered":"http:\/\/gigagocom.test\/?page_id=75"},"modified":"2025-05-15T16:36:36","modified_gmt":"2025-05-15T16:36:36","slug":"nutzungsbedingungen","status":"publish","type":"page","link":"https:\/\/gigago.com\/de\/nutzungsbedingungen\/","title":{"rendered":"GIGAGO Nutzungsbedingungen"},"content":{"rendered":"\n<p>Diese Allgemeinen Gesch\u00e4ftsbedingungen legen die Bedingungen fest, unter denen Gigago eSIM den Kunden angeboten wird. Mit dem Kauf einer Gigago eSIM f\u00fcr Ihre Reise erkl\u00e4ren Sie sich damit einverstanden, dass diese Allgemeinen Gesch\u00e4ftsbedingungen einen Vertrag zwischen Ihnen \u2013 unserem Kunden \u2013 und Gigago (im Folgenden als \u201ewir\u201c, \u201auns\u2018 oder \u201eUnternehmen\u201c bezeichnet) bilden.<\/p>\n\n\n\n<p>BEVOR SIE AUF DIE SCHALTFL\u00c4CHE \u201eZUR KASSE\u201c ODER \u201ePayPal\u201c KLICKEN, LESEN SIE BITTE DIE FOLGENDEN ALLGEMEINEN GESCH\u00c4FTSBEDINGUNGEN SORGF\u00c4LTIG DURCH.<\/p>\n\n\n\n<h2 class=\"wp-block-heading\">1. Art der Dienstleistung<\/h2>\n\n\n\n<p>Gigago stellt Reisenden weltweit, die an ihrem Reiseziel in Verbindung bleiben m\u00f6chten, Reise-eSIM-Profile (die \u201eeSIM\u201c) zur Verf\u00fcgung.<\/p>\n\n\n\n<p>Die eSIM wird in Form eines QR-Codes und nicht als physische SIM-Karte bereitgestellt und funktioniert nur auf bestimmten Ger\u00e4ten, die in unserer <a href=\"https:\/\/gigago.com\/de\/esim-kompatible-liste\/\"><strong>eSIM-Kompatibilit\u00e4tsliste<\/strong><\/a> eindeutig aufgef\u00fchrt sind.<\/p>\n\n\n\n<h2 class=\"wp-block-heading\">2. Preise<\/h2>\n\n\n\n<p>Der Preis f\u00fcr die eSIM variiert je nach Land und Art des von Ihnen gew\u00e4hlten Tarifs.<\/p>\n\n\n\n<p>Der Preis f\u00fcr die eSIM wird auf der Website von Gigago zusammen mit detaillierten Informationen zur entsprechenden eSIM klar angegeben.<\/p>\n\n\n\n<p>Die Preise sind auf unserer Website ver\u00f6ffentlicht und k\u00f6nnen von Zeit zu Zeit ohne vorherige Ank\u00fcndigung ge\u00e4ndert werden.<\/p>\n\n\n\n<p>Sie k\u00f6nnen diese Tarife nicht mehr nutzen, wenn das Datenvolumen aufgebraucht ist oder das Ablaufdatum erreicht ist.<\/p>\n\n\n\n<p>\u25ba Sehen Sie sich in unserem <a href=\"https:\/\/gigago.com\/de\/esim-kaufen\/\"><strong>eSIM Store<\/strong><\/a> unser komplettes eSIM-Angebot an.<\/p>\n\n\n\n<h2 class=\"wp-block-heading\">3. <a href=\"https:\/\/gigago.com\/de\/zahlungsrichtlinien\/\">Zahlung<\/a><\/h2>\n\n\n\n<p>Wir akzeptieren Zahlungen per PayPal und \u00fcbernehmen keine Bankgeb\u00fchren (falls anfallend), die durch Ihre Zahlung f\u00fcr unsere eSIMs entstehen.<\/p>\n\n\n\n<p>Im Falle einer Rechnungsstreitigkeit hat der Kunde GIGAGO sp\u00e4testens 7 Tage vor dem F\u00e4lligkeitsdatum der strittigen Rechnung eine schriftliche Erkl\u00e4rung zu \u00fcbermitteln, in der alle strittigen Posten aufgef\u00fchrt und jeder strittige Posten hinreichend detailliert beschrieben wird.<\/p>\n\n\n\n<p>Nicht beanstandete oder durch ein rechtskr\u00e4ftiges Gerichtsurteil best\u00e4tigte Betr\u00e4ge gelten als akzeptiert und sind ungeachtet etwaiger Beanstandungen anderer Posten innerhalb von 7 Tagen zu zahlen. GIGAGO ist bem\u00fcht, alle derartigen Streitigkeiten schnell und in gutem Glauben beizulegen.<\/p>\n\n\n\n<h2 class=\"wp-block-heading\">4. <a href=\"https:\/\/gigago.com\/de\/stornierung-rueckerstattung\/\">Stornierung und R\u00fcckerstattung<\/a><\/h2>\n\n\n\n<p>Wenn Sie Ihre Bestellung aus irgendeinem Grund stornieren m\u00fcssen, k\u00f6nnen Sie dies ohne Strafgeb\u00fchr tun, bevor Sie die Zahlung get\u00e4tigt haben oder Ihr eSIM-QR-Code geliefert wurde.<\/p>\n\n\n\n<p>Nach der Lieferung Ihres eSIM-QR-Codes k\u00f6nnen Sie Ihre Bestellung nicht mehr stornieren und erhalten nur dann eine R\u00fcckerstattung, wenn ein Fehler in unserer eSIM vorliegt, der unserem Support-Team gemeldet wurde, aber nicht behoben werden kann.<\/p>\n\n\n\n<p>Falls Sie die eSIM-E-Mail nicht in Ihrem prim\u00e4ren Posteingang finden k\u00f6nnen, \u00fcberpr\u00fcfen Sie bitte Ihren Spam- oder Werbeordner oder kontaktieren Sie uns, um Hilfe zu erhalten. Wenn Sie dies nicht tun, erfolgt keine R\u00fcckerstattung.<\/p>\n\n\n\n<p>Die R\u00fcckerstattung erfolgt auf dem gleichen Weg wie die f\u00fcr den Kauf verwendete Zahlungsmethode (z. B. PayPal). Der R\u00fcckerstattungsprozess kann bis zu 10 Werktage dauern.<\/p>\n\n\n\n<h2 class=\"wp-block-heading\">5. Gesamte Vereinbarung<\/h2>\n\n\n\n<p>Diese Vereinbarung bildet zusammen mit der Datenschutzerkl\u00e4rung die gesamte Vereinbarung zwischen Ihnen und <a href=\"https:\/\/gigago.com\/de\/\"><strong>Gigago.com<\/strong><\/a> und ersetzt alle vorherigen Vereinbarungen, Erkl\u00e4rungen oder Zusicherungen in Bezug auf Gigago.vn. Die Nichtdurchsetzung einer Bestimmung dieser Vereinbarung gilt nicht als Verzicht auf diese Bestimmung oder auf das Recht, diese Bestimmung durchzusetzen.<\/p>\n\n\n\n<p>Verzichte, \u00c4nderungen oder sonstige Modifikationen durch Sie sind nur g\u00fcltig und verbindlich, wenn sie schriftlich erfolgen und von beiden Parteien unterzeichnet sind. Diese Vereinbarung unterliegt den Gesetzen der \u00f6rtlichen Regierung.<\/p>\n\n\n\n<h2 class=\"wp-block-heading\">6. <a href=\"https:\/\/gigago.com\/de\/kontakt\/\">Kontaktieren Sie uns<\/a><\/h2>\n\n\n\n<p>Wenn Sie Fragen zu unseren Allgemeinen Gesch\u00e4ftsbedingungen haben, kontaktieren Sie uns bitte \u00fcber <strong>WhatsApp 24\/7<\/strong>: <a href=\"https:\/\/wa.me\/message\/ZS7PQZOCVAB4O1\" target=\"_blank\" rel=\"noopener\"><strong>+1 657-571-1199<\/strong><\/a> oder per E-Mail <a href=\"mailto:hello@gigago.com\"><strong>hello@gigago.com<\/strong><\/a><\/p>\n\n\n\n<p>Sie k\u00f6nnen uns auch per Post oder pers\u00f6nlich erreichen unter:<\/p>\n\n\n\n<ul>\n<li><strong>Hongkong:<\/strong> Unit 205, Unit C, 2\/F, Kwong On Bank Mongkok Branch Building, 728-730, Nathan Road, Mong Kok, Hongkong<\/li>\n<\/ul>\n","protected":false},"excerpt":{"rendered":"<p>Diese Allgemeinen Gesch\u00e4ftsbedingungen legen die Bedingungen fest, unter denen Gigago eSIM den Kunden angeboten wird. Mit dem Kauf einer Gigago eSIM f\u00fcr Ihre Reise erkl\u00e4ren Sie sich damit einverstanden, dass diese Allgemeinen Gesch\u00e4ftsbedingungen einen Vertrag zwischen Ihnen \u2013 unserem Kunden \u2013 und Gigago (im Folgenden als \u201ewir\u201c, \u201auns\u2018 oder \u201eUnternehmen\u201c bezeichnet) bilden. BEVOR SIE AUF [&#8230;]\n","protected":false},"author":14,"featured_media":0,"parent":0,"menu_order":0,"comment_status":"closed","ping_status":"closed","template":"","meta":{"_acf_changed":false,"inline_featured_image":false,"footnotes":""},"acf":[],"_links":{"self":[{"href":"https:\/\/gigago.com\/de\/wp-json\/wp\/v2\/pages\/161"}],"collection":[{"href":"https:\/\/gigago.com\/de\/wp-json\/wp\/v2\/pages"}],"about":[{"href":"https:\/\/gigago.com\/de\/wp-json\/wp\/v2\/types\/page"}],"author":[{"embeddable":true,"href":"https:\/\/gigago.com\/de\/wp-json\/wp\/v2\/users\/14"}],"replies":[{"embeddable":true,"href":"https:\/\/gigago.com\/de\/wp-json\/wp\/v2\/comments?post=161"}],"version-history":[{"count":0,"href":"https:\/\/gigago.com\/de\/wp-json\/wp\/v2\/pages\/161\/revisions"}],"wp:attachment":[{"href":"https:\/\/gigago.com\/de\/wp-json\/wp\/v2\/media?parent=161"}],"curies":[{"name":"wp","href":"https:\/\/api.w.org\/{rel}","templated":true}]}}