{"id":159,"date":"2023-05-12T09:03:32","date_gmt":"2023-05-12T09:03:32","guid":{"rendered":"http:\/\/gigagocom.test\/?page_id=10"},"modified":"2025-05-15T16:34:31","modified_gmt":"2025-05-15T16:34:31","slug":"stornierung-rueckerstattung","status":"publish","type":"page","link":"https:\/\/gigago.com\/de\/stornierung-rueckerstattung\/","title":{"rendered":"Gigago eSIM-Umtausch, Stornierung und R\u00fcckerstattung"},"content":{"rendered":"\n<p>Um Ihre Rechte zu gew\u00e4hrleisten und Ihnen beim Kauf von Tourist eSIMs bei GIGAGO Sicherheit zu bieten, haben wir die Richtlinie &#8220;<a href=\"https:\/\/gigago.com\/de\/stornierung-rueckerstattung\/\"><strong>Umtausch, Stornierung und R\u00fcckerstattung<\/strong><\/a>\u201c eingef\u00fchrt, die gilt, wenn Sie das falsche Produkt erhalten oder aufgrund unserer Fehler Probleme auftreten.<\/p>\n\n\n\n<h2 class=\"wp-block-heading\">1. Umtauschrichtlinie<\/h2>\n\n\n\n<p>Wenn Sie eine eSIM erhalten, die nicht dem bestellten Typ entspricht, verpflichtet sich GIGAGO, Ihnen innerhalb von 01 Tag beim Umtausch der eSIM behilflich zu sein.<\/p>\n\n\n\n<p>Falls Sie bereits eine eSIM erfolgreich gekauft haben und zu einem anderen eSIM-Typ wechseln m\u00f6chten, k\u00f6nnen Sie uns \u00fcber die Hotline\/WhatsApp rund um die Uhr unter <a href=\"https:\/\/wa.me\/message\/ZS7PQZOCVAB4O1\" target=\"_blank\" rel=\"noopener\"><strong>+1 657-571-1199<\/strong><\/a> oder per E-Mail an <a href=\"mailto:hello@gigago.com\"><strong>hello@gigago.com<\/strong><\/a> kontaktieren. Wenn die \u00c4nderungsanfrage genehmigt wird, k\u00f6nnen Sie die eSIM gegen eine andere eSIM umtauschen.<\/p>\n\n\n\n<h2 class=\"wp-block-heading\">2. Stornierung und R\u00fcckerstattung<\/h2>\n\n\n\n<p>Wenn Sie Ihre Bestellung aus irgendeinem Grund stornieren m\u00fcssen, k\u00f6nnen Sie dies ohne Strafgeb\u00fchr tun, bevor Sie die Zahlung get\u00e4tigt haben oder Ihr eSIM-QR-Code zugestellt wurde.<\/p>\n\n\n\n<p>Nach der Zustellung Ihres eSIM-QR-Codes k\u00f6nnen Sie Ihre Bestellung nicht mehr stornieren und erhalten nur dann eine R\u00fcckerstattung, wenn ein Fehler in unserer eSIM vorliegt, der unserem Support-Team gemeldet wurde, aber nicht behoben werden kann.<\/p>\n\n\n\n<p>Falls Sie die eSIM-E-Mail nicht in Ihrem prim\u00e4ren Posteingang finden k\u00f6nnen, \u00fcberpr\u00fcfen Sie bitte Ihren Spam- oder Werbeordner oder kontaktieren Sie uns f\u00fcr Unterst\u00fctzung. Wenn Sie dies nicht tun, erfolgt keine R\u00fcckerstattung.<\/p>\n\n\n\n<p>Die R\u00fcckerstattung erfolgt auf dem gleichen Weg wie die f\u00fcr den Kauf verwendete Zahlungsmethode (z. B. Paypal). Der R\u00fcckerstattungsprozess kann bis zu 10 Werktage dauern.<\/p>\n\n\n\n<p><strong>Bitte denken Sie daran, dass <\/strong><a href=\"https:\/\/gigago.com\/de\/\"><strong>GIGAGO<\/strong><\/a><strong> Ihnen in jedem Fall so schnell wie m\u00f6glich weiterhilft!<\/strong><\/p>\n","protected":false},"excerpt":{"rendered":"<p>Um Ihre Rechte zu gew\u00e4hrleisten und Ihnen beim Kauf von Tourist eSIMs bei GIGAGO Sicherheit zu bieten, haben wir die Richtlinie &#8220;Umtausch, Stornierung und R\u00fcckerstattung\u201c eingef\u00fchrt, die gilt, wenn Sie das falsche Produkt erhalten oder aufgrund unserer Fehler Probleme auftreten. 1. Umtauschrichtlinie Wenn Sie eine eSIM erhalten, die nicht dem bestellten Typ entspricht, verpflichtet sich [&#8230;]\n","protected":false},"author":14,"featured_media":0,"parent":0,"menu_order":0,"comment_status":"closed","ping_status":"closed","template":"","meta":{"_acf_changed":false,"inline_featured_image":false,"footnotes":""},"acf":[],"_links":{"self":[{"href":"https:\/\/gigago.com\/de\/wp-json\/wp\/v2\/pages\/159"}],"collection":[{"href":"https:\/\/gigago.com\/de\/wp-json\/wp\/v2\/pages"}],"about":[{"href":"https:\/\/gigago.com\/de\/wp-json\/wp\/v2\/types\/page"}],"author":[{"embeddable":true,"href":"https:\/\/gigago.com\/de\/wp-json\/wp\/v2\/users\/14"}],"replies":[{"embeddable":true,"href":"https:\/\/gigago.com\/de\/wp-json\/wp\/v2\/comments?post=159"}],"version-history":[{"count":0,"href":"https:\/\/gigago.com\/de\/wp-json\/wp\/v2\/pages\/159\/revisions"}],"wp:attachment":[{"href":"https:\/\/gigago.com\/de\/wp-json\/wp\/v2\/media?parent=159"}],"curies":[{"name":"wp","href":"https:\/\/api.w.org\/{rel}","templated":true}]}}