{"id":157,"date":"2023-05-12T09:28:15","date_gmt":"2023-05-12T09:28:15","guid":{"rendered":"https:\/\/gigago.com\/?page_id=42957"},"modified":"2025-05-15T16:32:09","modified_gmt":"2025-05-15T16:32:09","slug":"lieferbedingungen","status":"publish","type":"page","link":"https:\/\/gigago.com\/de\/lieferbedingungen\/","title":{"rendered":"Lieferbedingungen f\u00fcr Gigago eSIM"},"content":{"rendered":"\n<p>Mit den eSIMs von GIGAGO senden wir Ihnen die eSIM innerhalb von maximal 15 Minuten nach Abschluss Ihrer Bestellung und erfolgreicher \u00dcberweisung an die von Ihnen angegebene E-Mail-Adresse.<\/p>\n\n\n\n<p>Bei Verz\u00f6gerungen bei der Lieferung oder Leistungserbringung wird <a href=\"https:\/\/gigago.com\/de\/\"><strong>GIGAGO<\/strong><\/a> Sie umgehend informieren und Ihnen die M\u00f6glichkeit geben, den Vertrag zu widerrufen, wenn Sie dies w\u00fcnschen.<\/p>\n\n\n\n<p>Da die eSIM per E-Mail versandt wird, geben Sie bitte die richtige E-Mail-Adresse an, um sicherzustellen, dass Sie sie rechtzeitig erhalten. Sollten Sie innerhalb von 5 bis 15 Minuten nach Ihrer Zahlung keine E-Mail von GIGAGO erhalten, wenden Sie sich bitte per E-Mail an unseren Kundensupport unter <a href=\"mailto:hello@gigago.com\"><strong>hello@gigago.com<\/strong><\/a> oder \u00fcber die Hotline\/WhatsApp, die rund um die Uhr erreichbar ist: <a href=\"https:\/\/wa.me\/message\/YBPQPOMPIQFEA1\" target=\"_blank\" rel=\"noopener\"><strong>+12406161688<\/strong><\/a>, um umgehend Unterst\u00fctzung zu erhalten.<\/p>\n","protected":false},"excerpt":{"rendered":"<p>Mit den eSIMs von GIGAGO senden wir Ihnen die eSIM innerhalb von maximal 15 Minuten nach Abschluss Ihrer Bestellung und erfolgreicher \u00dcberweisung an die von Ihnen angegebene E-Mail-Adresse. Bei Verz\u00f6gerungen bei der Lieferung oder Leistungserbringung wird GIGAGO Sie umgehend informieren und Ihnen die M\u00f6glichkeit geben, den Vertrag zu widerrufen, wenn Sie dies w\u00fcnschen. Da die [&#8230;]\n","protected":false},"author":3,"featured_media":0,"parent":0,"menu_order":0,"comment_status":"closed","ping_status":"closed","template":"","meta":{"_acf_changed":false,"inline_featured_image":false,"footnotes":""},"acf":[],"_links":{"self":[{"href":"https:\/\/gigago.com\/de\/wp-json\/wp\/v2\/pages\/157"}],"collection":[{"href":"https:\/\/gigago.com\/de\/wp-json\/wp\/v2\/pages"}],"about":[{"href":"https:\/\/gigago.com\/de\/wp-json\/wp\/v2\/types\/page"}],"author":[{"embeddable":true,"href":"https:\/\/gigago.com\/de\/wp-json\/wp\/v2\/users\/3"}],"replies":[{"embeddable":true,"href":"https:\/\/gigago.com\/de\/wp-json\/wp\/v2\/comments?post=157"}],"version-history":[{"count":0,"href":"https:\/\/gigago.com\/de\/wp-json\/wp\/v2\/pages\/157\/revisions"}],"wp:attachment":[{"href":"https:\/\/gigago.com\/de\/wp-json\/wp\/v2\/media?parent=157"}],"curies":[{"name":"wp","href":"https:\/\/api.w.org\/{rel}","templated":true}]}}