{"id":144,"date":"2023-06-05T03:01:52","date_gmt":"2023-06-05T03:01:52","guid":{"rendered":"https:\/\/gigago.com\/?page_id=44784"},"modified":"2025-05-22T03:43:29","modified_gmt":"2025-05-22T03:43:29","slug":"haeufige-fragen","status":"publish","type":"page","link":"https:\/\/gigago.com\/de\/haeufige-fragen\/","title":{"rendered":"H\u00e4ufig"},"content":{"rendered":"\n<p>Hier finden Sie einige h\u00e4ufig gestellte Fragen zu Gigago eSIM. F\u00fcr detaillierte Informationen k\u00f6nnen Sie sich f\u00fcr direkten Support an uns wenden:<\/p>\n\n\n\n<ul>\n<li>WhatsApp: <a href=\"https:\/\/wa.me\/message\/ZS7PQZOCVAB4O1\" target=\"_blank\" rel=\"noreferrer noopener\"><strong>+1 657-571-1199<\/strong><\/a><\/li>\n\n\n\n<li>Email: <a href=\"mailto:hello@gigago.com\"><strong>hello@gigago.com<\/strong><\/a><\/li>\n<\/ul>\n\n\n\n<h2 class=\"wp-block-heading\">Erste Schritte<\/h2>\n\n\n<div id=\"rank-math-faq\" class=\"rank-math-block mb\">\n<div class=\"rank-math-list \">\n<div id=\"faq-question-1676864738572\" class=\"rank-math-list-item\">\n<h3 class=\"rank-math-question \">Was ist eine eSIM?<\/h3>\n<div class=\"rank-math-answer \">\n\n<p>eSIM steht f\u00fcr \u201eEmbedded Subscriber Identity Module\u201c (eingebettetes Teilnehmeridentit\u00e4tsmodul) und ist eine digitale SIM-Karte, die in ein mobiles Ger\u00e4t eingebettet ist und Sie mit jedem Anbieter verbinden kann, der eSIM-Dienste anbietet. Sie kann nicht entfernt und in ein anderes Ger\u00e4t eingesetzt werden.<br \/>Sie ist physisch mit der Hauptplatine verbunden (verl\u00f6det). Sie k\u00f6nnen ein eSIM-Profil (eSIM-Tarif) installieren, indem Sie einen QR-Code scannen.<br \/>Die Informationen auf einer eSIM sind wiederbeschreibbar, sodass Sie Ihr aktuelles Netzwerk wechseln k\u00f6nnen, ohne Ihre SIM-Karte entfernen und eine andere einlegen zu m\u00fcssen.<br \/>Die eSIM-Funktion ist auf neueren Modellen von iPhone, Samsung und sogar einigen Laptops wie Dell oder HP verf\u00fcgbar. Eine Liste der eSIM-kompatiblen Ger\u00e4te finden Sie <a href=\"https:\/\/gigago.com\/de\/esim-kompatible-liste\/\">hier<\/a>.<\/p>\n\n<\/div>\n<\/div>\n<div id=\"faq-question-1676864752968\" class=\"rank-math-list-item\">\n<h3 class=\"rank-math-question \">Was ist Gigago eSIM?<\/h3>\n<div class=\"rank-math-answer \">\n\n<p><strong>Gigago eSIM<\/strong> ist einer der besten Anbieter von eSIMs f\u00fcr Reisen weltweit!<br \/>Gigago bietet verschiedene eSIM-Datentarife f\u00fcr mehr als 200 L\u00e4nder und Gebiete an.<br \/>Mit erschwinglichen Preisen und hervorragendem Service ist eSIM Gigago stolz darauf, Ihnen sowohl Konnektivit\u00e4t als auch Freiheit zu bieten. Sie m\u00fcssen nie wieder SIM-Karten wechseln, mehrere SIM-Karten mit sich f\u00fchren oder unterwegs nach einer SIM-Karte suchen!<\/p>\n\n<\/div>\n<\/div>\n<div id=\"faq-question-1676864784048\" class=\"rank-math-list-item\">\n<h3 class=\"rank-math-question \">Welche Ger\u00e4te unterst\u00fctzen Gigago eSIM?<\/h3>\n<div class=\"rank-math-answer \">\n\n<p>Fast alle neuen Ger\u00e4temodelle ab 2019 unterst\u00fctzen eSIM. Die aktuellsten Informationen findest du in dieser <a href=\"https:\/\/gigago.com\/de\/esim-kompatible-liste\/\">vollst\u00e4ndigen Liste eSIM-kompatibler Ger\u00e4te<\/a>.<\/p>\n\n<\/div>\n<\/div>\n<div id=\"faq-question-1676864874871\" class=\"rank-math-list-item\">\n<h3 class=\"rank-math-question \">Wie bekomme ich eine eSIM?<\/h3>\n<div class=\"rank-math-answer \">\n\n<p>Mit nur wenigen einfachen Schritten, wie unten beschrieben, haben Sie eine eSIM in Ihrem Ger\u00e4t und sind bereit f\u00fcr Ihre Reise:<br \/>&#8211; Schritt 1: Gehen Sie zu <a href=\"https:\/\/gigago.com\/de\/\"><strong>Gigago.com<\/strong><\/a>.<br \/>&#8211; Schritt 2: W\u00e4hlen Sie das Land\/die Region, in dem\/der Sie verbunden bleiben m\u00f6chten. W\u00e4hlen Sie den Tarif und die Anzahl der eSIMs, die Sie kaufen m\u00f6chten, und klicken Sie dann auf <strong>Add to Cart<\/strong>.<br \/>&#8211; Schritt 3: \u00dcberpr\u00fcfen Sie den Warenkorb und klicken Sie auf \u201e<strong>Checkout<\/strong>\u201c.<br \/>&#8211; Schritt 4: F\u00fcllen Sie das Formular aus, w\u00e4hlen Sie die Zahlungsmethode und schlie\u00dfen Sie die Zahlung ab.<br \/>&#8211; Schritt 5: \u00dcberpr\u00fcfen Sie Ihre E-Mails auf den QR-Code und die Installationsanleitung.<\/p>\n\n<\/div>\n<\/div>\n<div id=\"faq-question-1676865001879\" class=\"rank-math-list-item\">\n<h3 class=\"rank-math-question \">Kann ich eSIMs f\u00fcr Anrufe oder Textnachrichten (SMS) verwenden?<\/h3>\n<div class=\"rank-math-answer \">\n\n<p>eSIM-Tarife enthalten keine Telefonnummer f\u00fcr den Empfang von Anrufen und Textnachrichten.<\/p>\n\n<\/div>\n<\/div>\n<div id=\"faq-question-1676865011242\" class=\"rank-math-list-item\">\n<h3 class=\"rank-math-question \">Muss ich beim Kauf einer eSIM Gigago Dokumente zur Identifizierung vorlegen?<\/h3>\n<div class=\"rank-math-answer \">\n\n<p>Nein. Sie k\u00f6nnen eine eSIM ganz einfach direkt auf der Gigago eSIM-Website kaufen. Sie m\u00fcssen lediglich den eSIM-Datentarif ausw\u00e4hlen und Ihre Bestellung aufgeben. Anschlie\u00dfend erhalten Sie per E-Mail einen QR-Code.<\/p>\n\n<\/div>\n<\/div>\n<div id=\"faq-question-1676865022268\" class=\"rank-math-list-item\">\n<h3 class=\"rank-math-question \">Wie kann ich \u00fcberpr\u00fcfen, ob mein iOS-Ger\u00e4t eSIM-kompatibel und f\u00fcr alle Netzbetreiber freigeschaltet ist?<\/h3>\n<div class=\"rank-math-answer \">\n\n<p>&#8211; Schritt 1: Gehen Sie zu Settings &gt; General &gt; About.<br \/>&#8211; Schritt 2: Scrollen Sie nach unten, um den Abschnitt &#8220;Carrier Lock&#8221; anzuzeigen.<br \/>Dort sollte \u201e<strong>No SIM restrictions<\/strong>\u201c angezeigt werden, was bedeutet, dass das Ger\u00e4t freigeschaltet ist.<br \/>&#8211; Schritt 3: Scrollen Sie nach unten, um den Abschnitt \u201e<strong>DIGITAL SIM<\/strong>\u201c anzuzeigen. Dort sollte eine \u201e<strong>DIGITAL SIM\u201c IMEI<\/strong>&#8221; angezeigt werden, was bedeutet, dass das Ger\u00e4t eSIM-kompatibel ist.<\/p>\n\n<\/div>\n<\/div>\n<div id=\"faq-question-1676865187586\" class=\"rank-math-list-item\">\n<h3 class=\"rank-math-question \">Wie kann ich \u00fcberpr\u00fcfen, ob mein Android-Ger\u00e4t eSIM unterst\u00fctzt?<\/h3>\n<div class=\"rank-math-answer \">\n\n<p>Um zu \u00fcberpr\u00fcfen, ob Ihr Ger\u00e4t eSIM unterst\u00fctzt, m\u00fcssen Sie die \u201eeSIM-IMEI\u201c-Nummer Ihres Ger\u00e4ts ermitteln. Gehen Sie dazu wie folgt vor:<br \/>&#8211; Schritt 1: Samsung-Ger\u00e4te.<br \/>&#8211; Schritt 2: Gehen Sie zu <strong>Settings\u00a0<\/strong>&gt;\u00a0<strong>About phone<\/strong>\u00a0&gt;\u00a0<strong>Status information<\/strong>.<br \/>&#8211; Schritt 3: Tippen Sie auf <strong>I<strong>MEI information<\/strong><\/strong>.<br \/>Wenn \u201eIMEI (eSIM)\u201c angezeigt wird, bedeutet dies, dass Ihr Ger\u00e4t eSIM unterst\u00fctzt.<\/p>\n<p>Andere Android-Ger\u00e4te<br \/>&#8211; W\u00e4hlen Sie <strong>*#06#<\/strong> und dr\u00fccken Sie auf \u201eAnrufen\u201c.<br \/>&#8211; Wenn Ihr Ger\u00e4t eSIM-f\u00e4hig ist, sollten Sie die eindeutige Identifikationsnummer (EID) der eSIM Ihres Ger\u00e4ts sehen k\u00f6nnen.<\/p>\n\n<\/div>\n<\/div>\n<\/div>\n<\/div>\n\n\n<h2 class=\"wp-block-heading\">Fragen zu Bestellung\/Zahlung<\/h2>\n\n\n<div id=\"rank-math-faq\" class=\"rank-math-block mb\">\n<div class=\"rank-math-list \">\n<div id=\"faq-question-1677136085843\" class=\"rank-math-list-item\">\n<h3 class=\"rank-math-question \">Soll ich meine Gigago eSIM vor der Reise oder nach der Ankunft am Zielort kaufen?<\/h3>\n<div class=\"rank-math-answer \">\n\n<p>Wir empfehlen Ihnen, die eSIM nach Belieben vor Ihrer Abreise zu kaufen. So haben Sie Zeit, sie vor Ihrer Abreise auf Ihrem Smartphone zu installieren, sie nach der Landung am Zielort zu aktivieren und sofort eine Verbindung herzustellen.<\/p>\n\n<\/div>\n<\/div>\n<div id=\"faq-question-1677137984016\" class=\"rank-math-list-item\">\n<h3 class=\"rank-math-question \">Ich habe bei meinem Kauf die falsche E-Mail-Adresse angegeben. Wie kann ich meine E-Mail-Adresse aktualisieren, um meine eSIM zu erhalten?<\/h3>\n<div class=\"rank-math-answer \">\n\n<p>Bitte wenden Sie sich mit Ihrer Bestellnummer an den Gigago eSIM-Support unter <strong>hello@gigago.com<\/strong>, um Hilfe zu erhalten.<\/p>\n\n<\/div>\n<\/div>\n<\/div>\n<\/div>\n\n\n<h2 class=\"wp-block-heading mb\">H\u00e4ufig gestellte Fragen zur Einrichtung von Gigago eSIM<\/h2>\n\n\n<div id=\"rank-math-faq\" class=\"rank-math-block mb\">\n<div class=\"rank-math-list \">\n<div id=\"faq-question-1676865370932\" class=\"rank-math-list-item\">\n<h3 class=\"rank-math-question \">Wann installiere ich meine eSIM?<\/h3>\n<div class=\"rank-math-answer \">\n\n<p>Sie sollten die eSIM vor Ihrer Abreise aus Gigago kaufen und einen Tag vor Ihrer Abreise installieren, da die G\u00fcltigkeit der eSIM mit dem Herunterladen und der Installation der eSIM auf Ihrem Ger\u00e4t beginnt.<\/p>\n\n<\/div>\n<\/div>\n<div id=\"faq-question-1676865384459\" class=\"rank-math-list-item\">\n<h3 class=\"rank-math-question \">Wie installiere ich Gigago eSIM?<\/h3>\n<div class=\"rank-math-answer \">\n\n<p>Die Schritte zur Installation der eSIM k\u00f6nnen je nach Ger\u00e4t leicht variieren. Weitere Informationen finden Sie unter \u201e<a href=\"https:\/\/gigago.com\/de\/installations-anleitung\/\">Vollst\u00e4ndige Installation f\u00fcr Gigago eSIM<\/a>\u201c.<\/p>\n\n<\/div>\n<\/div>\n<div id=\"faq-question-1677137586539\" class=\"rank-math-list-item\">\n<h3 class=\"rank-math-question \">Wie richte ich den APN f\u00fcr meine eSIM ein?<\/h3>\n<div class=\"rank-math-answer \">\n\n<p>Sie k\u00f6nnen den APN mit den folgenden Schritten einrichten:<br \/>\u2013 F\u00fcr iOS-Ger\u00e4te: Gehen Sie zu <strong>Settings\u00a0<\/strong>&gt;\u00a0<strong>Cellular\/Mobile data<\/strong> &gt; Ihre eSIM &gt;<strong> Cellular Data Network<\/strong> und geben Sie dann alle APNs ein.<br \/>\u2013 F\u00fcr Samsung-Handys: Gehen Sie zu <strong>Settings\u00a0<\/strong>&gt;\u00a0<strong>Connections\u00a0<\/strong>&gt;\u00a0<strong>Mobile networks<\/strong>\u00a0&gt;\u00a0<strong>Access Point Name<\/strong> &gt; Registerkarte<strong> <strong>Add<\/strong><\/strong> in der oberen Leiste &gt; Name APN.<br \/>\u2013 F\u00fcr Google Pixel-Telefone: Gehen Sie zu <strong>Settings\u00a0<\/strong>&gt;\u00a0<strong>Network &amp; internet<\/strong>\u00a0&gt;\u00a0<strong>SIMs <\/strong>&gt; w\u00e4hlen Sie Ihre eSIM &gt; <strong><strong>Access Point Names<\/strong><\/strong> &gt; Tab <strong>+<\/strong> in der oberen Leiste &gt; APN benennen.<\/p>\n\n<\/div>\n<\/div>\n<\/div>\n<\/div>\n\n\n<h2 class=\"wp-block-heading\">Fehlerbehebung bei eSIM<\/h2>\n\n\n<div id=\"rank-math-faq\" class=\"rank-math-block mb\">\n<div class=\"rank-math-list \">\n<div id=\"faq-question-1677140986271\" class=\"rank-math-list-item\">\n<h3 class=\"rank-math-question \">Was bedeutet \u201cInvalid Activation Code\u201d?<\/h3>\n<div class=\"rank-math-answer \">\n\n<p>Dieser Fehler kann in einigen der folgenden F\u00e4lle auftreten:<br \/>\u2013 Der vom Mobilfunkanbieter bereitgestellte QR-Code ist unklar\/unvollst\u00e4ndig\/durch ein Objekt verdeckt\/verschwommen\/\u2026<br \/>\u2013 Ein Fehler der Kamera des Ger\u00e4ts f\u00fchrt dazu, dass der QR-Code nicht gescannt werden kann.<br \/><strong>Versuchen Sie Folgendes:<br \/><\/strong>\u2013 \u00dcberpr\u00fcfen Sie die Kamera Ihres Ger\u00e4ts. Wenn dies nicht funktioniert, versuchen Sie, sie manuell zu installieren.<br \/>\u2013 Wenn es immer noch nicht funktioniert, kontaktieren Sie uns f\u00fcr weitere Unterst\u00fctzung.<\/p>\n\n<\/div>\n<\/div>\n<div id=\"faq-question-1677141054040\" class=\"rank-math-list-item\">\n<h3 class=\"rank-math-question \">Was bedeutet \u201eData Plan Cannot Be Added\u201c?<\/h3>\n<div class=\"rank-math-answer \">\n\n<p>Dieser Fehler tritt h\u00e4ufig auf, wenn der eindeutige Aktivierungscode des QR-Codes bereits verwendet wurde. Dies bedeutet, dass das eSIM-Profil bereits von Ihnen, einer anderen Person oder beiden hinzugef\u00fcgt wurde. Sie m\u00fcssen \u00fcberpr\u00fcfen, ob Ihre eSIM bereits verwendet wurde.<br \/>\u00dcberpr\u00fcfen Sie, ob die SIM-Karte bereits hinzugef\u00fcgt wurde:<br \/>\u2013 Auf Ihrem iPhone: <strong>Settings<\/strong> &gt; <strong>Cellular <\/strong>&gt; <strong>Cellular Plans<\/strong>.<br \/>\u2013 Auf Ihrem Android-Ger\u00e4t: <strong>Settings <\/strong>&gt; <strong>Connections <\/strong>&gt; <strong>SIM card manager<\/strong>.<br \/>Sie k\u00f6nnen sich auch \u00fcber die unten stehenden Informationen an Gigago eSIM wenden, um weitere Unterst\u00fctzung zu erhalten.<\/p>\n\n<\/div>\n<\/div>\n<div id=\"faq-question-1677141098046\" class=\"rank-math-list-item\">\n<h3 class=\"rank-math-question \">Was bedeutet \u201eCellular Plans from This Carrier Cannot Be Added\u201c?<\/h3>\n<div class=\"rank-math-answer \">\n\n<p>Dieses Problem deutet h\u00f6chstwahrscheinlich darauf hin, dass es sich bei Ihrem Telefon um ein CDMA-Ger\u00e4t handelt oder dass es vom urspr\u00fcnglichen Mobilfunkanbieter gesperrt wurde.<br \/>Beim Kauf eines Ger\u00e4ts sollten Sie den Netzwerktyp ber\u00fccksichtigen und pr\u00fcfen, ob es an einen bestimmten Mobilfunkanbieter gebunden ist. Die IMEI Ihres Ger\u00e4ts k\u00f6nnen Sie auf den folgenden Websites \u00fcberpr\u00fcfen:<br \/>imeipro.info<br \/>imeicheck.com<br \/>imei.info<br \/>Wenn Sie herausfinden m\u00f6chten, ob die IMEI Ihres Ger\u00e4ts gesperrt ist, w\u00e4hlen Sie <strong>*#06#<\/strong>, um die 15-stellige IMEI-Nummer anzuzeigen, und \u00fcberpr\u00fcfen Sie diese auf den oben genannten Websites.<br \/>Sie m\u00fcssen sich an Ihren Mobilfunkanbieter wenden, um Ihr Telefon zu entsperren. Andernfalls ben\u00f6tigen Sie m\u00f6glicherweise ein anderes Ger\u00e4t, um eSIM zu verwenden, da eSIM nur auf entsperrten Mobilfunkger\u00e4ten aktiviert werden kann.<\/p>\n\n<\/div>\n<\/div>\n<div id=\"faq-question-1677141142782\" class=\"rank-math-list-item\">\n<h3 class=\"rank-math-question \">Was bedeutet \u201eUnable to Complete Cellular Plan Change\u201c?<\/h3>\n<div class=\"rank-math-answer \">\n\n<p>Dieser Fehler kann in einigen der folgenden F\u00e4lle auftreten:<br \/>&#8211; Auf dem Ger\u00e4t sind zu viele eSIMs installiert.<br \/>&#8211; Dieses eSIM-Profil wurde bereits auf Ihrem Ger\u00e4t eingerichtet oder auf einem anderen Ger\u00e4t installiert.<br \/>&#8211; Sie installieren eSIM mit einer schlechten Internetverbindung (WLAN\/andere Mobilfunkdaten).<br \/><strong>Versuchen Sie Folgendes:<br \/><\/strong>&#8211; \u00dcberpr\u00fcfen Sie die maximale Anzahl Ihrer eSIMs. Wenn Sie den gesamten eSIM-Speicherplatz belegt haben, k\u00f6nnen Sie die vorherigen eSIMs entfernen.<br \/>&#8211; \u00dcberpr\u00fcfen Sie, ob Ihr eSIM-Profil bereits auf Ihrem Ger\u00e4t vorhanden ist. Unter iOS gehen Sie dazu zu \u201eCellular Plans&#8221;. Unter Android gehen Sie zum SIM Card Manager, um dies zu \u00fcberpr\u00fcfen.<br \/>&#8211; \u00dcberpr\u00fcfen Sie Ihre Internetverbindung und versuchen Sie, die eSIM erneut zu installieren.<\/p>\n\n<\/div>\n<\/div>\n<\/div>\n<\/div>","protected":false},"excerpt":{"rendered":"<p>Hier finden Sie einige h\u00e4ufig gestellte Fragen zu Gigago eSIM. F\u00fcr detaillierte Informationen k\u00f6nnen Sie sich f\u00fcr direkten Support an uns wenden: Erste Schritte Fragen zu Bestellung\/Zahlung H\u00e4ufig gestellte Fragen zur Einrichtung von Gigago eSIM Fehlerbehebung bei eSIM<\/p>\n","protected":false},"author":14,"featured_media":0,"parent":0,"menu_order":0,"comment_status":"closed","ping_status":"closed","template":"page-left-sidebar.php","meta":{"_acf_changed":false,"inline_featured_image":false,"footnotes":""},"acf":[],"_links":{"self":[{"href":"https:\/\/gigago.com\/de\/wp-json\/wp\/v2\/pages\/144"}],"collection":[{"href":"https:\/\/gigago.com\/de\/wp-json\/wp\/v2\/pages"}],"about":[{"href":"https:\/\/gigago.com\/de\/wp-json\/wp\/v2\/types\/page"}],"author":[{"embeddable":true,"href":"https:\/\/gigago.com\/de\/wp-json\/wp\/v2\/users\/14"}],"replies":[{"embeddable":true,"href":"https:\/\/gigago.com\/de\/wp-json\/wp\/v2\/comments?post=144"}],"version-history":[{"count":0,"href":"https:\/\/gigago.com\/de\/wp-json\/wp\/v2\/pages\/144\/revisions"}],"wp:attachment":[{"href":"https:\/\/gigago.com\/de\/wp-json\/wp\/v2\/media?parent=144"}],"curies":[{"name":"wp","href":"https:\/\/api.w.org\/{rel}","templated":true}]}}