{"id":139,"date":"2025-02-05T14:04:05","date_gmt":"2025-02-05T07:04:05","guid":{"rendered":"https:\/\/gigago.com\/?page_id=129230"},"modified":"2025-05-15T10:40:10","modified_gmt":"2025-05-15T10:40:10","slug":"app-chinh-sach-dich-vu","status":"publish","type":"page","link":"https:\/\/gigago.com\/de\/app-chinh-sach-dich-vu\/","title":{"rendered":"\u0110i\u1ec1u kho\u1ea3n s\u1eed d\u1ee5ng d\u1ecbch v\u1ee5"},"content":{"rendered":"\n<p>Ph\u1ea7n\u00a0<strong>\u0110i\u1ec1u kho\u1ea3n d\u1ecbch v\u1ee5<\/strong>\u00a0n\u00e0y \u0111\u01b0a ra c\u00e1c \u0111i\u1ec1u kho\u1ea3n \u0111i\u1ec1u ch\u1ec9nh d\u1ecbch v\u1ee5 gi\u1eefa Gigago eSIM v\u00e0 kh\u00e1ch h\u00e0ng. B\u1eb1ng vi\u1ec7c \u0111\u0103ng k\u00fd mua eSIM du l\u1ecbch t\u1ea1i Gigago, Qu\u00fd kh\u00e1ch \u0111\u1ed3ng \u00fd r\u1eb1ng c\u00e1c \u0110i\u1ec1u kho\u1ea3n d\u1ecbch v\u1ee5 n\u00e0y c\u1ea5u th\u00e0nh h\u1ee3p \u0111\u1ed3ng ho\u00e0n ch\u1ec9nh gi\u1eefa Qu\u00fd kh\u00e1ch h\u00e0ng v\u00e0\u00a0<strong>GIGAGO<\/strong>\u00a0(sau \u0111\u00e2y g\u1ecdi chung l\u00e0 \u201cCh\u00fang t\u00f4i\u201d, \u201cC\u00f4ng ty\u201d).<\/p>\n\n\n\n<p><strong>TR\u01af\u1edaC KHI NH\u1ea4P CH\u1eccN N\u00daT \u201cTHANH TO\u00c1N\u201d ho\u1eb7c \u201cPayPal\u201d, VUI L\u00d2NG \u0110\u1eccC K\u1ef8 C\u00c1C \u0110I\u1ec0U KHO\u1ea2N S\u1eec D\u1ee4NG D\u1ecaCH V\u1ee4 D\u01af\u1edaI \u0110\u00c2Y.<\/strong><\/p>\n\n\n\n<h2 class=\"wp-block-heading\">1. B\u1ea3n ch\u1ea5t d\u1ecbch v\u1ee5<\/h2>\n\n\n\n<p>Gigago cung c\u1ea5p c\u00e1c g\u00f3i eSIM du l\u1ecbch Vi\u1ec7t Nam v\u00e0 qu\u1ed1c t\u1ebf (sau \u0111\u00e2y g\u1ecdi t\u1eaft l\u00e0 \u201ceSIM\u201d) t\u1edbi du kh\u00e1ch, \u0111\u1ec3 th\u1ef1c hi\u1ec7n s\u1ee9 m\u1ec7nh gi\u00fap Qu\u00fd kh\u00e1ch k\u1ebft n\u1ed1i internet m\u1ecdi l\u00fac m\u1ecdi n\u01a1i tr\u00ean ch\u1eb7ng \u0111\u01b0\u1eddng du l\u1ecbch c\u1ee7a m\u00ecnh.<\/p>\n\n\n\n<p>eSIM \u0111\u01b0\u1ee3c cung c\u1ea5p d\u01b0\u1edbi h\u00ecnh th\u1ee9c m\u1ed9t m\u00e3 QR, ch\u1ee9 kh\u00f4ng ph\u1ea3i l\u00e0 m\u1ed9t th\u1ebb SIM v\u1eadt l\u00fd. V\u00e0 eSIM ch\u1ec9 t\u01b0\u01a1ng th\u00edch v\u1edbi nh\u1eefng d\u00f2ng \u0111i\u1ec7n tho\u1ea1i h\u1ed7 tr\u1ee3 eSIM v\u00e0 \u0111\u00e3 m\u1edf kh\u00f3a.<\/p>\n\n\n\n<h2 class=\"wp-block-heading\">2. Gi\u00e1 eSIM<\/h2>\n\n\n\n<p>Gi\u00e1 eSIM s\u1ebd kh\u00e1c nhau, ph\u1ee5 thu\u1ed9c v\u00e0 qu\u1ed1c gia c\u0169ng nh\u01b0 lo\u1ea1i g\u00f3i b\u1ea1n l\u1ef1a ch\u1ecdn.&nbsp;<\/p>\n\n\n\n<p>M\u1ee9c gi\u00e1 eSIM \u0111\u01b0\u1ee3c c\u00f4ng b\u1ed1 r\u00f5 r\u00e0ng tr\u00ean website c\u1ee7a Gigago, k\u00e8m theo th\u00f4ng tin m\u00f4 t\u1ea3 chi ti\u1ebft eSIM t\u01b0\u01a1ng \u1ee9ng.<\/p>\n\n\n\n<h2 class=\"wp-block-heading\">3. Thanh to\u00e1n<\/h2>\n\n\n\n<p>Trong tr\u01b0\u1eddng h\u1ee3p c\u00f3 tranh ch\u1ea5p v\u1ec1 H\u00f3a \u0111\u01a1n, Q\u00fay kh\u00e1ch vui l\u00f2ng g\u1eedi v\u0103n b\u1ea3n th\u00f4ng b\u00e1o \u0111\u1ebfn GIGAGo \u00edt nh\u1ea5t 7 ng\u00e0y tr\u01b0\u1edbc ng\u00e0y h\u1ea1n thanh to\u00e1n h\u00f3a \u0111\u01a1n c\u00f3 trong ch\u1ea5p, trong \u0111\u00f3 c\u00f3 n\u00eau r\u00f5 c\u00e1c h\u1ea1ng m\u1ee5c b\u1ecb tranh ch\u1ea5p c\u0169ng nh\u01b0 m\u00f4 t\u1ea3 chi ti\u1ebft c\u1ee7a t\u1eebng h\u1ea1ng m\u1ee5c.<\/p>\n\n\n\n<p>M\u1ecdi kho\u1ea3n ti\u1ec1n kh\u00f4ng b\u1ecb tranh ch\u1ea5p ho\u1eb7c \u0111\u00e3 \u0111\u01b0\u1ee3c t\u00f2a \u00e1n \u0111\u01b0a ra ph\u00e1n quy\u1ebft cu\u1ed1i c\u00f9ng \u0111\u1ec1u ph\u1ea3i \u0111\u01b0\u1ee3c ch\u1ea5p nh\u1eadn v\u00e0 ph\u1ea3i \u0111\u01b0\u1ee3c thanh to\u00e1n cho GIGAGO trong th\u1eddi h\u1ea1n 7 ng\u00e0y l\u00e0m vi\u1ec7c, cho d\u00f9 c\u00f3 c\u00e1c h\u1ea1ng m\u1ee5c tranh ch\u1ea5p kh\u00e1c ch\u01b0a \u0111\u01b0\u1ee3c x\u1eed l\u00fd. GIGAGO s\u1ebd c\u1ed1 g\u1eafng gi\u1ea3i quy\u1ebft t\u1ea5t c\u1ea3 c\u00e1c tranh ch\u1ea5p \u0111\u00f3 m\u1ed9t c\u00e1ch nhanh ch\u00f3ng v\u00e0 thi\u1ec7n ch\u00ed.<\/p>\n\n\n\n<h2 class=\"wp-block-heading\">4. H\u1ee7y v\u00e0 ho\u00e0n ti\u1ec1n<\/h2>\n\n\n\n<p>N\u1ebfu v\u00ec b\u1ea5t k\u1ef3 l\u00fd do g\u00ec m\u00e0 Qu\u00fd kh\u00e1ch c\u1ea7n h\u1ee7y \u0111\u01a1n \u0111\u1eb7t h\u00e0ng c\u1ee7a m\u00ecnh, Qu\u00fd kh\u00e1ch c\u00f3 th\u1ec3 h\u1ee7y tr\u01b0\u1edbc th\u1eddi \u0111i\u1ec3m th\u1ef1c hi\u1ec7n thanh to\u00e1n ho\u1eb7c tr\u01b0\u1edbc khi m\u00e3 QR eSIM \u0111\u01b0\u1ee3c g\u1eedi t\u1edbi email c\u1ee7a Qu\u00fd kh\u00e1ch m\u00e0 kh\u00f4ng b\u1ecb ph\u1ea1t.<\/p>\n\n\n\n<p>Sau khi m\u00e3 QR eSIM \u0111\u00e3 \u0111\u01b0\u1ee3c g\u1eedi t\u1edbi email c\u1ee7a Qu\u00fd kh\u00e1ch, GIGAGO kh\u00f4ng ch\u1ea5p nh\u1eadn h\u1ee7y \u0111\u01a1n \u0111\u1eb7t h\u00e0ng d\u01b0\u1edbi m\u1ecdi h\u00ecnh th\u1ee9c.<\/p>\n\n\n\n<p>GIGAGO ch\u1ec9 th\u1ef1c hi\u1ec7n ho\u00e0n ti\u1ec1n n\u1ebfu eSIM c\u00f3 v\u1ea5n \u0111\u1ec1 m\u00e0 GIGAGO kh\u00f4ng th\u1ec3 h\u1ed7 tr\u1ee3 qu\u00fd kh\u00e1ch kh\u1eafc ph\u1ee5c.<\/p>\n\n\n\n<p>Do \u0111\u00f3, \u0111\u1ec3 \u0111\u1ea3m b\u1ea3o c\u00e1c quy\u1ec1n l\u1ee3i c\u1ee7a m\u00ecnh, Qu\u00fd kh\u00e1ch vui l\u00f2ng li\u00ean h\u1ec7 GIGAGO n\u1ebfu g\u1eb7p s\u1ef1 c\u1ed1 trong qu\u00e1 tr\u00ecnh s\u1eed d\u1ee5ng eSIM du l\u1ecbch do GIGAGO cung c\u1ea5p.<\/p>\n\n\n\n<p>Kho\u1ea3n ti\u1ec1n ho\u00e0n l\u1ea1i s\u1ebd \u0111\u01b0\u1ee3c th\u1ef1c hi\u1ec7n gi\u1ed1ng nh\u01b0 ph\u01b0\u01a1ng th\u1ee9c thanh to\u00e1n \u0111\u01b0\u1ee3c s\u1eed d\u1ee5ng \u0111\u1ec3 mua h\u00e0ng (v\u00ed d\u1ee5: paypal, chuy\u1ec3n kho\u1ea3n ng\u00e2n h\u00e0ng). Qu\u00e1 tr\u00ecnh ho\u00e0n ti\u1ec1n c\u00f3 th\u1ec3 m\u1ea5t t\u1ed1i \u0111a 10 ng\u00e0y l\u00e0m vi\u1ec7c. GIGAGO s\u1ebd kh\u00f4ng ch\u1ecbu c\u00e1c kho\u1ea3n ph\u00ed ng\u00e2n h\u00e0ng (n\u1ebfu c\u00f3) ph\u00e1t sinh trong qu\u00e1 tr\u00ecnh ho\u00e0n ti\u1ec1n cho Qu\u00fd kh\u00e1ch.<\/p>\n\n\n\n<h2 class=\"wp-block-heading\">5. To\u00e0n b\u1ed9 Th\u1ecfa thu\u1eadn<\/h2>\n\n\n\n<p>Th\u1ecfa thu\u1eadn n\u00e0y c\u00f9ng v\u1edbi Tuy\u00ean b\u1ed1 v\u1ec1 quy\u1ec1n ri\u00eang t\u01b0 c\u1ea5u th\u00e0nh to\u00e0n b\u1ed9 th\u1ecfa thu\u1eadn gi\u1eefa Qu\u00fd kh\u00e1ch v\u00e0 Gigago.vn v\u00e0 thay th\u1ebf b\u1ea5t k\u1ef3 v\u00e0 t\u1ea5t c\u1ea3 c\u00e1c th\u1ecfa thu\u1eadn ho\u1eb7c tuy\u00ean b\u1ed1 tr\u01b0\u1edbc \u0111\u00f3 li\u00ean quan \u0111\u1ebfn Gigago. Vi\u1ec7c kh\u00f4ng th\u1ef1c thi b\u1ea5t k\u1ef3 \u0111i\u1ec1u kho\u1ea3n n\u00e0o c\u1ee7a Th\u1ecfa thu\u1eadn n\u00e0y s\u1ebd kh\u00f4ng \u0111\u01b0\u1ee3c hi\u1ec3u l\u00e0 t\u1eeb b\u1ecf \u0111i\u1ec1u kho\u1ea3n \u0111\u00f3 c\u0169ng nh\u01b0 quy\u1ec1n th\u1ef1c thi \u0111i\u1ec1u kho\u1ea3n \u0111\u00f3.<\/p>\n\n\n\n<p>M\u1ecdi t\u1eeb b\u1ecf, s\u1eeda \u0111\u1ed5i ho\u1eb7c b\u1ed5 sung th\u1ecfa thu\u1eadn n\u00e0y ch\u1ec9 c\u00f3 hi\u1ec7u l\u1ef1c khi \u0111\u01b0\u1ee3c th\u1ef1c hi\u1ec7n b\u1eb1ng v\u0103n b\u1ea3n v\u00e0 c\u00f3 ch\u1eef k\u00fd c\u1ee7a hai b\u00ean. Th\u1ecfa thu\u1eadn n\u00e0y \u0111\u01b0\u1ee3c \u0111i\u1ec1u ch\u1ec9nh theo lu\u1eadt ph\u00e1p Vi\u1ec7t Nam.<\/p>\n\n\n\n<h2 class=\"wp-block-heading\">6. Li\u00ean h\u1ec7 ch\u00fang t\u00f4i<\/h2>\n\n\n\n<p>N\u1ebfu Qu\u00fd kh\u00e1ch c\u00f3 b\u1ea5t k\u1ef3 c\u00e2u h\u1ecfi n\u00e0o v\u1ec1 \u0110i\u1ec1u kho\u1ea3n s\u1eed d\u1ee5ng c\u1ee7a ch\u00fang t\u00f4i, vui l\u00f2ng\u00a0li\u00ean h\u1ec7 v\u1edbi ch\u00fang t\u00f4i\u00a0theo hotline <a href=\"tel:0901588290\" target=\"_blank\" rel=\"noreferrer noopener\">0901.588.290<\/a> ho\u1eb7c g\u1eedi email t\u1edbi\u00a0<a href=\"mailto:hello@gigago.vn\">hello@gigago.vn<\/a>.<\/p>\n\n\n\n<p>Qu\u00fd kh\u00e1ch c\u0169ng c\u00f3 th\u1ec3 li\u00ean h\u1ec7 v\u1edbi ch\u00fang t\u00f4i qua \u0111\u01b0\u1eddng b\u01b0u \u0111i\u1ec7n ho\u1eb7c tr\u1ef1c ti\u1ebfp t\u1ea1i T\u1ea7ng 23, T\u00f2a nh\u00e0 TASCO, \u0110\u01b0\u1eddng Ph\u1ea1m H\u00f9ng, Ph\u01b0\u1eddng M\u1ec5 Tr\u00ec, Qu\u1eadn T\u1eeb Li\u00eam, H\u00e0 N\u1ed9i, Vi\u1ec7t Nam; ho\u1eb7c R503, T\u00f2a nh\u00e0 OT1 Khu d\u00e2n c\u01b0 SaiGon Royal, S\u1ed1 9 Nguy\u1ec5n Tr\u01b0\u1eddng T\u1ed9, Ph\u01b0\u1eddng 12, Qu\u1eadn 4, TP.HCM.<\/p>\n","protected":false},"excerpt":{"rendered":"<p>Ph\u1ea7n\u00a0\u0110i\u1ec1u kho\u1ea3n d\u1ecbch v\u1ee5\u00a0n\u00e0y \u0111\u01b0a ra c\u00e1c \u0111i\u1ec1u kho\u1ea3n \u0111i\u1ec1u ch\u1ec9nh d\u1ecbch v\u1ee5 gi\u1eefa Gigago eSIM v\u00e0 kh\u00e1ch h\u00e0ng. B\u1eb1ng vi\u1ec7c \u0111\u0103ng k\u00fd mua eSIM du l\u1ecbch t\u1ea1i Gigago, Qu\u00fd kh\u00e1ch \u0111\u1ed3ng \u00fd r\u1eb1ng c\u00e1c \u0110i\u1ec1u kho\u1ea3n d\u1ecbch v\u1ee5 n\u00e0y c\u1ea5u th\u00e0nh h\u1ee3p \u0111\u1ed3ng ho\u00e0n ch\u1ec9nh gi\u1eefa Qu\u00fd kh\u00e1ch h\u00e0ng v\u00e0\u00a0GIGAGO\u00a0(sau \u0111\u00e2y g\u1ecdi chung l\u00e0 [&#8230;]\n","protected":false},"author":32,"featured_media":0,"parent":0,"menu_order":0,"comment_status":"closed","ping_status":"closed","template":"page-blank-landingpage.php","meta":{"_acf_changed":false,"inline_featured_image":false,"footnotes":""},"acf":[],"_links":{"self":[{"href":"https:\/\/gigago.com\/de\/wp-json\/wp\/v2\/pages\/139"}],"collection":[{"href":"https:\/\/gigago.com\/de\/wp-json\/wp\/v2\/pages"}],"about":[{"href":"https:\/\/gigago.com\/de\/wp-json\/wp\/v2\/types\/page"}],"author":[{"embeddable":true,"href":"https:\/\/gigago.com\/de\/wp-json\/wp\/v2\/users\/32"}],"replies":[{"embeddable":true,"href":"https:\/\/gigago.com\/de\/wp-json\/wp\/v2\/comments?post=139"}],"version-history":[{"count":0,"href":"https:\/\/gigago.com\/de\/wp-json\/wp\/v2\/pages\/139\/revisions"}],"wp:attachment":[{"href":"https:\/\/gigago.com\/de\/wp-json\/wp\/v2\/media?parent=139"}],"curies":[{"name":"wp","href":"https:\/\/api.w.org\/{rel}","templated":true}]}}